{"id":900,"date":"2012-03-22T19:37:19","date_gmt":"2012-03-22T19:37:19","guid":{"rendered":"http:\/\/www.grelibre.net\/WP\/?page_id=900"},"modified":"2015-10-10T06:52:26","modified_gmt":"2015-10-10T06:52:26","slug":"contact-2","status":"publish","type":"page","link":"https:\/\/www.grelibre.net\/WP\/presentation\/contact-2\/","title":{"rendered":"Contact"},"content":{"rendered":"<p><a href=\"http:\/\/www.grelibre.net\/WP\/wp-content\/uploads\/2012\/03\/Contact.jpg\"><img loading=\"lazy\" decoding=\"async\" style=\"border: 0pt none;\" title=\"Contact\" alt=\"\" src=\"http:\/\/www.grelibre.net\/WP\/wp-content\/plugins\/image-shadow\/cache\/ac20991d2133100811cab4c859879234.jpg\" width=\"600\" height=\"20\" \/><\/a><\/p>\n<div>\n<p>Toutes les photos pr\u00e9sent\u00e9es sur ce site sont prot\u00e9g\u00e9es par les lois internationales sur le copyright et le Code de la Propri\u00e9t\u00e9 Intellectuelle. Elles ne peuvent donc pas \u00eatre utilis\u00e9es, sous quelque forme que ce soit, sans une autorisation \u00e9crite de son auteur. Si vous d\u00e9sirez utiliser mes photos, contactez moi et je me ferai un plaisir d\u2019en discuter avec vous.<\/p>\n<p align=\"center\">Veuillez noter l\u2019adresse mail (protection anti-spam) :<\/p>\n<p><img loading=\"lazy\" decoding=\"async\" class=\"aligncenter\" alt=\"\" src=\"http:\/\/www.grelibre.net\/WP\/wp-content\/plugins\/image-shadow\/cache\/471b3de8926a3256027fc128a4f46637.jpg\" width=\"170\" height=\"40\" border=\"0\" \/><\/p>\n<\/div>\n","protected":false},"excerpt":{"rendered":"<p>Toutes les photos pr\u00e9sent\u00e9es sur ce site sont prot\u00e9g\u00e9es par les lois internationales sur le copyright et le Code de la Propri\u00e9t\u00e9 Intellectuelle. Elles ne peuvent donc pas \u00eatre utilis\u00e9es, sous quelque forme que ce soit, sans une autorisation \u00e9crite de son auteur. Si vous d\u00e9sirez utiliser mes photos, contactez moi et je me ferai&hellip;<\/p>\n<p class=\"more\"><a class=\"more-link\" href=\"https:\/\/www.grelibre.net\/WP\/presentation\/contact-2\/\">Continue reading <span class=\"screen-reader-text\">Contact<\/span><\/a><\/p>\n","protected":false},"author":2,"featured_media":0,"parent":763,"menu_order":4,"comment_status":"closed","ping_status":"open","template":"","meta":{"footnotes":""},"class_list":["post-900","page","type-page","status-publish","hentry","entry"],"yoast_head":"<!-- This site is optimized with the Yoast SEO plugin v27.4 - https:\/\/yoast.com\/product\/yoast-seo-wordpress\/ -->\n<title>Contact | Grelibre.net<\/title>\n<meta name=\"description\" content=\"Toutes les photos pr\u00e9sent\u00e9es sur ce site sont prot\u00e9g\u00e9es par les lois internationales sur le copyright et le Code de la Propri\u00e9t\u00e9 Intellectuelle. Elles ne\" \/>\n<meta name=\"robots\" content=\"index, follow, max-snippet:-1, max-image-preview:large, max-video-preview:-1\" \/>\n<link rel=\"canonical\" href=\"https:\/\/www.grelibre.net\/WP\/presentation\/contact-2\/\" \/>\n<meta property=\"og:locale\" content=\"fr_FR\" \/>\n<meta property=\"og:type\" content=\"article\" \/>\n<meta property=\"og:title\" content=\"Contact | Grelibre.net\" \/>\n<meta property=\"og:description\" content=\"Toutes les photos pr\u00e9sent\u00e9es sur ce site sont prot\u00e9g\u00e9es par les lois internationales sur le copyright et le Code de la Propri\u00e9t\u00e9 Intellectuelle. Elles ne\" \/>\n<meta property=\"og:url\" content=\"https:\/\/www.grelibre.net\/WP\/presentation\/contact-2\/\" \/>\n<meta property=\"og:site_name\" content=\"Grelibre.net\" \/>\n<meta property=\"article:publisher\" content=\"https:\/\/www.facebook.com\/pages\/Grelibre\/127788767248442\" \/>\n<meta property=\"article:modified_time\" content=\"2015-10-10T06:52:26+00:00\" \/>\n<meta property=\"og:image\" content=\"http:\/\/www.grelibre.net\/WP\/wp-content\/uploads\/2012\/03\/Contact.jpg\" \/>\n<script type=\"application\/ld+json\" class=\"yoast-schema-graph\">{\"@context\":\"https:\\\/\\\/schema.org\",\"@graph\":[{\"@type\":\"WebPage\",\"@id\":\"https:\\\/\\\/www.grelibre.net\\\/WP\\\/presentation\\\/contact-2\\\/\",\"url\":\"https:\\\/\\\/www.grelibre.net\\\/WP\\\/presentation\\\/contact-2\\\/\",\"name\":\"Contact | Grelibre.net\",\"isPartOf\":{\"@id\":\"https:\\\/\\\/www.grelibre.net\\\/WP\\\/#website\"},\"primaryImageOfPage\":{\"@id\":\"https:\\\/\\\/www.grelibre.net\\\/WP\\\/presentation\\\/contact-2\\\/#primaryimage\"},\"image\":{\"@id\":\"https:\\\/\\\/www.grelibre.net\\\/WP\\\/presentation\\\/contact-2\\\/#primaryimage\"},\"thumbnailUrl\":\"http:\\\/\\\/www.grelibre.net\\\/WP\\\/wp-content\\\/uploads\\\/2012\\\/03\\\/Contact.jpg\",\"datePublished\":\"2012-03-22T19:37:19+00:00\",\"dateModified\":\"2015-10-10T06:52:26+00:00\",\"description\":\"Toutes les photos pr\u00e9sent\u00e9es sur ce site sont prot\u00e9g\u00e9es par les lois internationales sur le copyright et le Code de la Propri\u00e9t\u00e9 Intellectuelle. Elles ne\",\"breadcrumb\":{\"@id\":\"https:\\\/\\\/www.grelibre.net\\\/WP\\\/presentation\\\/contact-2\\\/#breadcrumb\"},\"inLanguage\":\"fr-FR\",\"potentialAction\":[{\"@type\":\"ReadAction\",\"target\":[\"https:\\\/\\\/www.grelibre.net\\\/WP\\\/presentation\\\/contact-2\\\/\"]}]},{\"@type\":\"ImageObject\",\"inLanguage\":\"fr-FR\",\"@id\":\"https:\\\/\\\/www.grelibre.net\\\/WP\\\/presentation\\\/contact-2\\\/#primaryimage\",\"url\":\"http:\\\/\\\/www.grelibre.net\\\/WP\\\/wp-content\\\/uploads\\\/2012\\\/03\\\/Contact.jpg\",\"contentUrl\":\"http:\\\/\\\/www.grelibre.net\\\/WP\\\/wp-content\\\/uploads\\\/2012\\\/03\\\/Contact.jpg\"},{\"@type\":\"BreadcrumbList\",\"@id\":\"https:\\\/\\\/www.grelibre.net\\\/WP\\\/presentation\\\/contact-2\\\/#breadcrumb\",\"itemListElement\":[{\"@type\":\"ListItem\",\"position\":1,\"name\":\"Pr\u00e9sentation\",\"item\":\"https:\\\/\\\/www.grelibre.net\\\/WP\\\/presentation\\\/\"},{\"@type\":\"ListItem\",\"position\":2,\"name\":\"Contact\"}]},{\"@type\":\"WebSite\",\"@id\":\"https:\\\/\\\/www.grelibre.net\\\/WP\\\/#website\",\"url\":\"https:\\\/\\\/www.grelibre.net\\\/WP\\\/\",\"name\":\"Grelibre.net\",\"description\":\"la Montagne dans tous ses \u00e9tats\",\"potentialAction\":[{\"@type\":\"SearchAction\",\"target\":{\"@type\":\"EntryPoint\",\"urlTemplate\":\"https:\\\/\\\/www.grelibre.net\\\/WP\\\/?s={search_term_string}\"},\"query-input\":{\"@type\":\"PropertyValueSpecification\",\"valueRequired\":true,\"valueName\":\"search_term_string\"}}],\"inLanguage\":\"fr-FR\"}]}<\/script>\n<!-- \/ Yoast SEO plugin. -->","yoast_head_json":{"title":"Contact | Grelibre.net","description":"Toutes les photos pr\u00e9sent\u00e9es sur ce site sont prot\u00e9g\u00e9es par les lois internationales sur le copyright et le Code de la Propri\u00e9t\u00e9 Intellectuelle. Elles ne","robots":{"index":"index","follow":"follow","max-snippet":"max-snippet:-1","max-image-preview":"max-image-preview:large","max-video-preview":"max-video-preview:-1"},"canonical":"https:\/\/www.grelibre.net\/WP\/presentation\/contact-2\/","og_locale":"fr_FR","og_type":"article","og_title":"Contact | Grelibre.net","og_description":"Toutes les photos pr\u00e9sent\u00e9es sur ce site sont prot\u00e9g\u00e9es par les lois internationales sur le copyright et le Code de la Propri\u00e9t\u00e9 Intellectuelle. Elles ne","og_url":"https:\/\/www.grelibre.net\/WP\/presentation\/contact-2\/","og_site_name":"Grelibre.net","article_publisher":"https:\/\/www.facebook.com\/pages\/Grelibre\/127788767248442","article_modified_time":"2015-10-10T06:52:26+00:00","og_image":[{"url":"http:\/\/www.grelibre.net\/WP\/wp-content\/uploads\/2012\/03\/Contact.jpg","type":"","width":"","height":""}],"schema":{"@context":"https:\/\/schema.org","@graph":[{"@type":"WebPage","@id":"https:\/\/www.grelibre.net\/WP\/presentation\/contact-2\/","url":"https:\/\/www.grelibre.net\/WP\/presentation\/contact-2\/","name":"Contact | Grelibre.net","isPartOf":{"@id":"https:\/\/www.grelibre.net\/WP\/#website"},"primaryImageOfPage":{"@id":"https:\/\/www.grelibre.net\/WP\/presentation\/contact-2\/#primaryimage"},"image":{"@id":"https:\/\/www.grelibre.net\/WP\/presentation\/contact-2\/#primaryimage"},"thumbnailUrl":"http:\/\/www.grelibre.net\/WP\/wp-content\/uploads\/2012\/03\/Contact.jpg","datePublished":"2012-03-22T19:37:19+00:00","dateModified":"2015-10-10T06:52:26+00:00","description":"Toutes les photos pr\u00e9sent\u00e9es sur ce site sont prot\u00e9g\u00e9es par les lois internationales sur le copyright et le Code de la Propri\u00e9t\u00e9 Intellectuelle. Elles ne","breadcrumb":{"@id":"https:\/\/www.grelibre.net\/WP\/presentation\/contact-2\/#breadcrumb"},"inLanguage":"fr-FR","potentialAction":[{"@type":"ReadAction","target":["https:\/\/www.grelibre.net\/WP\/presentation\/contact-2\/"]}]},{"@type":"ImageObject","inLanguage":"fr-FR","@id":"https:\/\/www.grelibre.net\/WP\/presentation\/contact-2\/#primaryimage","url":"http:\/\/www.grelibre.net\/WP\/wp-content\/uploads\/2012\/03\/Contact.jpg","contentUrl":"http:\/\/www.grelibre.net\/WP\/wp-content\/uploads\/2012\/03\/Contact.jpg"},{"@type":"BreadcrumbList","@id":"https:\/\/www.grelibre.net\/WP\/presentation\/contact-2\/#breadcrumb","itemListElement":[{"@type":"ListItem","position":1,"name":"Pr\u00e9sentation","item":"https:\/\/www.grelibre.net\/WP\/presentation\/"},{"@type":"ListItem","position":2,"name":"Contact"}]},{"@type":"WebSite","@id":"https:\/\/www.grelibre.net\/WP\/#website","url":"https:\/\/www.grelibre.net\/WP\/","name":"Grelibre.net","description":"la Montagne dans tous ses \u00e9tats","potentialAction":[{"@type":"SearchAction","target":{"@type":"EntryPoint","urlTemplate":"https:\/\/www.grelibre.net\/WP\/?s={search_term_string}"},"query-input":{"@type":"PropertyValueSpecification","valueRequired":true,"valueName":"search_term_string"}}],"inLanguage":"fr-FR"}]}},"_links":{"self":[{"href":"https:\/\/www.grelibre.net\/WP\/wp-json\/wp\/v2\/pages\/900","targetHints":{"allow":["GET"]}}],"collection":[{"href":"https:\/\/www.grelibre.net\/WP\/wp-json\/wp\/v2\/pages"}],"about":[{"href":"https:\/\/www.grelibre.net\/WP\/wp-json\/wp\/v2\/types\/page"}],"author":[{"embeddable":true,"href":"https:\/\/www.grelibre.net\/WP\/wp-json\/wp\/v2\/users\/2"}],"replies":[{"embeddable":true,"href":"https:\/\/www.grelibre.net\/WP\/wp-json\/wp\/v2\/comments?post=900"}],"version-history":[{"count":7,"href":"https:\/\/www.grelibre.net\/WP\/wp-json\/wp\/v2\/pages\/900\/revisions"}],"predecessor-version":[{"id":2907,"href":"https:\/\/www.grelibre.net\/WP\/wp-json\/wp\/v2\/pages\/900\/revisions\/2907"}],"up":[{"embeddable":true,"href":"https:\/\/www.grelibre.net\/WP\/wp-json\/wp\/v2\/pages\/763"}],"wp:attachment":[{"href":"https:\/\/www.grelibre.net\/WP\/wp-json\/wp\/v2\/media?parent=900"}],"curies":[{"name":"wp","href":"https:\/\/api.w.org\/{rel}","templated":true}]}}