{"id":783,"date":"2012-03-11T20:34:43","date_gmt":"2012-03-11T20:34:43","guid":{"rendered":"http:\/\/www.grelibre.net\/WP\/?page_id=783"},"modified":"2014-02-05T20:47:24","modified_gmt":"2014-02-05T20:47:24","slug":"liens","status":"publish","type":"page","link":"https:\/\/www.grelibre.net\/WP\/liens\/","title":{"rendered":"Liens"},"content":{"rendered":"<p style=\"text-align: center;\"><a href=\"http:\/\/www.grelibre.net\/WP\/wp-content\/uploads\/2012\/03\/Photos.jpg\"><img loading=\"lazy\" decoding=\"async\" class=\"aligncenter  wp-image-846\" style=\"border: 0pt none;\" title=\"Photos\" alt=\"\" src=\"http:\/\/www.grelibre.net\/WP\/wp-content\/plugins\/image-shadow\/cache\/8fc47aaa9436ab03d7d22b9f10fc0a40.jpg\" width=\"600\" height=\"20\" srcset=\"https:\/\/www.grelibre.net\/WP\/wp-content\/uploads\/2012\/03\/Photos.jpg 600w, https:\/\/www.grelibre.net\/WP\/wp-content\/uploads\/2012\/03\/Photos-300x10.jpg 300w, https:\/\/www.grelibre.net\/WP\/wp-content\/uploads\/2012\/03\/Photos-500x16.jpg 500w\" sizes=\"auto, (max-width: 600px) 100vw, 600px\" \/><\/a><\/p>\n<div align=\"center\">\n<table width=\"700\" cellspacing=\"0\" cellpadding=\"10\" align=\"center\">\n<tbody>\n<tr>\n<td width=\"70%\">DiVertiCimes, un collectif de photographes &#8230;<\/td>\n<td align=\"center\" width=\"30%\"><a href=\"http:\/\/www.diverticimes.com\/\" target=\"_blank\"> <img decoding=\"async\" alt=\"DiVertiCimes\" src=\"..\/..\/ImageWeb\/Liens\/Diverticimes.jpg\" border=\"0\" \/> <\/a><\/td>\n<\/tr>\n<tr>\n<td width=\"70%\">Denis Testemale, Tomando desv\u00edos&#8230;<\/td>\n<td align=\"center\" width=\"30%\"><a href=\"http:\/\/www.tomandodesvios.com\/\" target=\"_blank\"> <img decoding=\"async\" alt=\"tomandodesvios\" src=\"..\/..\/ImageWeb\/Liens\/Denis.jpg\" border=\"0\" \/> <\/a><\/td>\n<\/tr>\n<tr>\n<td width=\"70%\">Site de Claude Mansiot, passionn\u00e9 de photos de montagnes&#8230;<\/td>\n<td align=\"center\" width=\"30%\"><a href=\"http:\/\/www.alpimages.net\/\" target=\"_blank\"> <img decoding=\"async\" alt=\"Alpimages\" src=\"..\/..\/ImageWeb\/Liens\/Alpimages.gif\" border=\"0\" \/> <\/a><\/td>\n<\/tr>\n<tr>\n<td width=\"70%\">Site d&rsquo;Alain Herrault, le ma\u00eetre de la photo de montagne&#8230;<\/td>\n<td align=\"center\" width=\"30%\"><a href=\"http:\/\/www.alainherrault.com\/\" target=\"_blank\"> <img decoding=\"async\" alt=\"Alain Herrault\" src=\"..\/..\/ImageWeb\/Liens\/AlainH.jpg\" width=\"50%\" border=\"0\" \/> <\/a><\/td>\n<\/tr>\n<tr>\n<td width=\"70%\">Site de Guillaume Laget, lumi\u00e8re de l&rsquo;Alpe<\/td>\n<td align=\"center\" width=\"30%\"><a href=\"http:\/\/www.tetras.org\/\" target=\"_blank\"> <img decoding=\"async\" alt=\"Tetra.org\" src=\"..\/..\/ImageWeb\/Liens\/Tetra.jpg\" width=\"50%\" border=\"0\" \/> <\/a><\/td>\n<\/tr>\n<tr>\n<td width=\"70%\">Lumi\u00e8re des cimes, site d&rsquo;un comp\u00e8re de rando&#8230;<\/td>\n<td align=\"center\" width=\"30%\"><a href=\"http:\/\/www.lumieredescimes.com\/\" target=\"_blank\"> Lumi\u00e8re des Cimes<\/a><\/td>\n<\/tr>\n<tr>\n<td width=\"70%\">Arpenteur de lumi\u00e8re, de magnifiques photos de montagne de Laurent et G\u00e9raldine&#8230;<\/td>\n<td align=\"center\" width=\"30%\"><a href=\"http:\/\/www.arpenteurdelumiere.com\/\" target=\"_blank\"> <img decoding=\"async\" alt=\"arpenteurdelumiere.com\" src=\"..\/..\/ImageWeb\/Liens\/ArpenteurdeLumiere.gif\" width=\"50%\" border=\"0\" \/> <\/a><\/td>\n<\/tr>\n<tr>\n<td width=\"70%\">Site de Matthieu Rieux, un compagnon occasionnel de rando&#8230;<\/td>\n<td align=\"center\" width=\"30%\"><a href=\"http:\/\/www.matthieurieux.com\/\" target=\"_blank\"> Matthieu Rieux<\/a><\/td>\n<\/tr>\n<tr>\n<td width=\"70%\">Site tr\u00e8s sympa d&rsquo;un passionn\u00e9 de montagne&#8230;<\/td>\n<td align=\"center\" width=\"30%\"><a href=\"http:\/\/www.paysage-de-montagne.com\/\" target=\"_blank\"> <img decoding=\"async\" alt=\"paysage de montagne\" src=\"http:\/\/www.grelibre.net\/WP\/wp-content\/plugins\/image-shadow\/cache\/01326d810ba001ee4069d06402c2cb44.jpg\" width=\"30%\" border=\"0\" \/> <\/a><\/td>\n<\/tr>\n<tr>\n<td width=\"70%\">Photos de Fabien Desbois, un passionn\u00e9 de montagne<\/td>\n<td align=\"center\" width=\"30%\"><\/td>\n<\/tr>\n<tr>\n<td width=\"70%\">Photos de Nicolas Giraud, un passionn\u00e9 de montagne<\/td>\n<td align=\"center\" width=\"30%\"><a href=\"http:\/\/www.nicolasgiraudphoto.com\/\" target=\"_blank\"> Nicolas Giraud<\/a><\/td>\n<\/tr>\n<tr>\n<td width=\"70%\">Photos et m\u00e9t\u00e9o sur la Corse<\/td>\n<td align=\"center\" width=\"30%\"><a href=\"http:\/\/perso.wanadoo.fr\/libecciu\/\" target=\"_blank\"> <img decoding=\"async\" alt=\"Libecciu\" src=\"..\/..\/ImageWeb\/Liens\/Libecciu.gif\" width=\"30%\" border=\"0\" \/> <\/a><\/td>\n<\/tr>\n<\/tbody>\n<\/table>\n<\/div>\n<p style=\"text-align: center;\"><a href=\"http:\/\/www.grelibre.net\/WP\/wp-content\/uploads\/2012\/03\/Meteo.jpg\"><img loading=\"lazy\" decoding=\"async\" class=\"aligncenter  wp-image-847\" style=\"border: 0pt none;\" title=\"Meteo\" alt=\"\" src=\"http:\/\/www.grelibre.net\/WP\/wp-content\/plugins\/image-shadow\/cache\/81bd1f7c657543e18f2b72e2204e31f1.jpg\" width=\"600\" height=\"20\" srcset=\"https:\/\/www.grelibre.net\/WP\/wp-content\/uploads\/2012\/03\/Meteo.jpg 600w, https:\/\/www.grelibre.net\/WP\/wp-content\/uploads\/2012\/03\/Meteo-300x10.jpg 300w, https:\/\/www.grelibre.net\/WP\/wp-content\/uploads\/2012\/03\/Meteo-500x16.jpg 500w\" sizes=\"auto, (max-width: 600px) 100vw, 600px\" \/><\/a><\/p>\n<div align=\"center\">\n<table width=\"700\" cellspacing=\"0\" cellpadding=\"10\" align=\"center\">\n<tbody>\n<tr>\n<td width=\"70%\">Tout sur la m\u00e9t\u00e9o des Alpes&#8230;<\/td>\n<td align=\"center\" width=\"30%\"><a href=\"http:\/\/www.meteo-chamonix.org\/\" target=\"_blank\"> M\u00e9t\u00e9o Chamonix<\/a><\/td>\n<\/tr>\n<tr>\n<td width=\"70%\">La m\u00e9t\u00e9o \u00e0 Vizille \u00e0 quelques kilom\u00e8tres de Grenoble&#8230;<\/td>\n<td align=\"center\" width=\"30%\"><a href=\"http:\/\/www.meteovizille.fr\/\" target=\"_blank\"> <img decoding=\"async\" alt=\"M\u00e9t\u00e9oVizille\" src=\"..\/..\/ImageWeb\/Liens\/MeteoVizille.gif\" border=\"0\" \/> <\/a><\/td>\n<\/tr>\n<tr>\n<td width=\"70%\">Site de m\u00e9t\u00e9o pour les passionn\u00e9s de M\u00e9t\u00e9o&#8230;<\/td>\n<td align=\"center\" width=\"40%\"><a href=\"http:\/\/www.infoclimat.fr\/\" target=\"_blank\"> <img decoding=\"async\" alt=\"InfoClimat\" src=\"..\/..\/ImageWeb\/Liens\/InfoClimat.jpg\" width=\"30%\" border=\"0\" \/> <\/a><\/td>\n<\/tr>\n<tr>\n<td width=\"70%\">Le site M\u00e9t\u00e9o de Guillaume S\u00e9chet&#8230;<\/td>\n<td align=\"center\" width=\"30%\"><a href=\"http:\/\/www.meteo-paris.com\/\" target=\"_blank\"> <img decoding=\"async\" alt=\"M\u00e9t\u00e9o Paris\" src=\"..\/..\/ImageWeb\/Liens\/MeteoParis.jpg\" width=\"30%\" border=\"0\" \/> <\/a><\/td>\n<\/tr>\n<tr>\n<td width=\"70%\">Le Fryzeur&#8230; Chasseur d&rsquo;Orage<\/td>\n<td align=\"center\" width=\"30%\"><a href=\"http:\/\/www.fryz-edition.com\/\" target=\"_blank\"> <img decoding=\"async\" alt=\"Fryz\" src=\"..\/..\/ImageWeb\/Liens\/Fryz.gif\" width=\"50%\" border=\"0\" \/> <\/a><\/td>\n<\/tr>\n<tr>\n<td width=\"70%\">Dean Gill&#8230; Chasseur d&rsquo;Orage et pr\u00e9visionniste chez M\u00e9t\u00e9oSuisse<\/td>\n<td align=\"center\" width=\"30%\"><a href=\"http:\/\/www.deanostorm.ch\/index.php\" target=\"_blank\"> <img decoding=\"async\" alt=\"Dean Gill\" src=\"..\/..\/ImageWeb\/Liens\/DeanGill.jpg\" width=\"60%\" border=\"0\" \/> <\/a><\/td>\n<\/tr>\n<tr>\n<td width=\"70%\">Nicolas Gascard &#8211; Chasseur d&rsquo;orages<\/td>\n<td align=\"center\" width=\"30%\"><a href=\"http:\/\/chasseur-orage.blogspot.com\/\" target=\"_blank\"> <img decoding=\"async\" alt=\"Nicolas Gascard\" src=\"..\/..\/ImageWeb\/Liens\/NicoGascard.jpg\" border=\"0\" \/> <\/a><\/td>\n<\/tr>\n<tr>\n<td width=\"70%\">M\u00e9t\u00e9OBell&#8230; Chasseur d&rsquo;Orage<\/td>\n<td align=\"center\" width=\"30%\"><a href=\"http:\/\/www.meteobell.com\/\" target=\"_blank\"> <img decoding=\"async\" alt=\"M\u00e9t\u00e9OBell\" src=\"..\/..\/ImageWeb\/Liens\/MeteoBell.jpg\" width=\"50%\" border=\"0\" \/> <\/a><\/td>\n<\/tr>\n<tr>\n<td width=\"70%\">La M\u00e9t\u00e9o.Net : la m\u00e9t\u00e9o en France, Belgique et Suisse&#8230;<\/td>\n<td align=\"center\" width=\"30%\"><a href=\"http:\/\/www.lameteo.net\/\" target=\"_blank\"> <strong>La M\u00e9t\u00e9o.net<\/strong> <\/a><\/td>\n<\/tr>\n<tr>\n<td width=\"70%\">Cyclone Rita : Storm Chasing and Photography Site&#8230;<\/td>\n<td align=\"center\" width=\"30%\"><a href=\"http:\/\/www.cyclonerita.com\/\" target=\"_blank\"> <img decoding=\"async\" alt=\"Cyclone Rita\" src=\"..\/..\/ImageWeb\/Liens\/CycloneRita.png\" width=\"50%\" border=\"0\" \/> <\/a><\/td>\n<\/tr>\n<tr>\n<td width=\"70%\">la m\u00e9t\u00e9o dans les Aravis<\/td>\n<td align=\"center\" width=\"30%\"><a href=\"http:\/\/bornaillon.net\/\" target=\"_blank\"> <img decoding=\"async\" alt=\"Bornaillon.net\" src=\"..\/..\/ImageWeb\/Liens\/logo-bornaillon2.gif\" width=\"30%\" border=\"0\" \/> <\/a><\/td>\n<\/tr>\n<\/tbody>\n<\/table>\n<\/div>\n<div align=\"right\"><\/div>\n<p style=\"text-align: center;\"><a href=\"http:\/\/www.grelibre.net\/WP\/wp-content\/uploads\/2012\/03\/Autre.jpg\"><img loading=\"lazy\" decoding=\"async\" class=\"aligncenter  wp-image-848\" style=\"border: 0pt none;\" title=\"Autre\" alt=\"\" src=\"http:\/\/www.grelibre.net\/WP\/wp-content\/plugins\/image-shadow\/cache\/9b79d00c86f03df3d51b37200f742d71.jpg\" width=\"600\" height=\"20\" srcset=\"https:\/\/www.grelibre.net\/WP\/wp-content\/uploads\/2012\/03\/Autre.jpg 600w, https:\/\/www.grelibre.net\/WP\/wp-content\/uploads\/2012\/03\/Autre-300x10.jpg 300w, https:\/\/www.grelibre.net\/WP\/wp-content\/uploads\/2012\/03\/Autre-500x16.jpg 500w\" sizes=\"auto, (max-width: 600px) 100vw, 600px\" \/><\/a><\/p>\n<div align=\"center\">\n<table width=\"700\" cellspacing=\"0\" cellpadding=\"10\" align=\"center\">\n<tbody>\n<tr>\n<td width=\"70%\">Le site de la g\u00e9ologie des Alpes Fran\u00e7aises&#8230;<\/td>\n<td align=\"center\" width=\"30%\"><a href=\"http:\/\/www.geol-alp.com\/index.html\/\" target=\"_blank\"> <img decoding=\"async\" alt=\"Geo-Alp\" src=\"..\/..\/ImageWeb\/Liens\/geolAlp.jpg\" width=\"70%\" border=\"0\" \/> <\/a><\/td>\n<\/tr>\n<tr>\n<td width=\"70%\">Tout sur Belledonne&#8230;<\/td>\n<td align=\"center\" width=\"30%\"><a href=\"http:\/\/www.belledonne38.com\/\" target=\"_blank\"> <img decoding=\"async\" alt=\"Belledonne38\" src=\"..\/..\/ImageWeb\/Liens\/Belledonne38.gif\" width=\"20%\" border=\"0\" \/> <\/a><\/td>\n<\/tr>\n<tr>\n<td width=\"70%\">Tout sur les infos du plateau du Vercors&#8230;<\/td>\n<td align=\"center\" width=\"30%\"><a href=\"http:\/\/www.vercors-net.com\/\" target=\"_blank\"> <img decoding=\"async\" alt=\"Vercors-net\" src=\"..\/..\/ImageWeb\/Liens\/Vercors-net.jpg\" width=\"30%\" border=\"0\" \/> <\/a><\/td>\n<\/tr>\n<tr>\n<td width=\"70%\">portalpes.com : offices du tourisme et guide touristique des stations de ski en Haute-Savoie, Savoie, Is\u00e8re et Alpes du sud<\/td>\n<td align=\"center\" width=\"30%\"><a href=\"http:\/\/www.portalpes.com\/\" target=\"_blank\"> <img decoding=\"async\" alt=\"portalpes\" src=\"..\/..\/ImageWeb\/Liens\/portalpes.jpg\" width=\"30%\" border=\"0\" \/> <\/a><\/td>\n<\/tr>\n<tr>\n<td width=\"70%\">Tout sur les infos montagne&#8230;<\/td>\n<td align=\"center\" width=\"30%\"><a href=\"http:\/\/www.avalanche-net.com\/\" target=\"_blank\"> <img decoding=\"async\" alt=\"avalanche-net\" src=\"..\/..\/ImageWeb\/Liens\/avalanche-logo.jpg\" width=\"30%\" border=\"0\" \/> <\/a><\/td>\n<\/tr>\n<tr>\n<td width=\"70%\">Montagne \u00e0 vaches&#8230; Un site tr\u00e8s sympa d&rsquo;un Grenoblois !<\/td>\n<td align=\"center\" width=\"30%\"><a href=\"http:\/\/montagne.a.vaches.free.fr\/index.html\" target=\"_blank\"> <img decoding=\"async\" alt=\"portalpes\" src=\"..\/..\/ImageWeb\/Liens\/MontagneAVaches.jpg\" width=\"30%\" border=\"0\" \/> <\/a><\/td>\n<\/tr>\n<tr>\n<td width=\"70%\">AstroPhoto&#8230; Un site tr\u00e8s sympa d&rsquo;un passionn\u00e9 d&rsquo;astronomie !<\/td>\n<td align=\"center\" width=\"30%\"><a href=\"http:\/\/www.astrophoto-passion.com\/\" target=\"_blank\"> www.astrophoto-passion.com <\/a><\/td>\n<\/tr>\n<\/tbody>\n<\/table>\n<\/div>\n<div align=\"center\">\n<p>&nbsp;<\/p>\n<\/div>\n","protected":false},"excerpt":{"rendered":"<p>DiVertiCimes, un collectif de photographes &#8230; Denis Testemale, Tomando desv\u00edos&#8230; Site de Claude Mansiot, passionn\u00e9 de photos de montagnes&#8230; Site d&rsquo;Alain Herrault, le ma\u00eetre de la photo de montagne&#8230; Site de Guillaume Laget, lumi\u00e8re de l&rsquo;Alpe Lumi\u00e8re des cimes, site d&rsquo;un comp\u00e8re de rando&#8230; Lumi\u00e8re des Cimes Arpenteur de lumi\u00e8re, de magnifiques photos de montagne&hellip;<\/p>\n<p class=\"more\"><a class=\"more-link\" href=\"https:\/\/www.grelibre.net\/WP\/liens\/\">Continue reading <span class=\"screen-reader-text\">Liens<\/span><\/a><\/p>\n","protected":false},"author":2,"featured_media":0,"parent":0,"menu_order":7,"comment_status":"closed","ping_status":"open","template":"","meta":{"footnotes":""},"class_list":["post-783","page","type-page","status-publish","hentry","entry"],"yoast_head":"<!-- This site is optimized with the Yoast SEO plugin v27.5 - https:\/\/yoast.com\/product\/yoast-seo-wordpress\/ -->\n<title>Liens | Grelibre.net<\/title>\n<meta name=\"description\" content=\"DiVertiCimes, un collectif de photographes ... Denis Testemale, Tomando desv\u00edos... Site de Claude Mansiot, passionn\u00e9 de photos de montagnes... Site\" \/>\n<meta name=\"robots\" content=\"index, follow, max-snippet:-1, max-image-preview:large, max-video-preview:-1\" \/>\n<link rel=\"canonical\" href=\"https:\/\/www.grelibre.net\/WP\/liens\/\" \/>\n<meta property=\"og:locale\" content=\"fr_FR\" \/>\n<meta property=\"og:type\" content=\"article\" \/>\n<meta property=\"og:title\" content=\"Liens | Grelibre.net\" \/>\n<meta property=\"og:description\" content=\"DiVertiCimes, un collectif de photographes ... Denis Testemale, Tomando desv\u00edos... Site de Claude Mansiot, passionn\u00e9 de photos de montagnes... Site\" \/>\n<meta property=\"og:url\" content=\"https:\/\/www.grelibre.net\/WP\/liens\/\" \/>\n<meta property=\"og:site_name\" content=\"Grelibre.net\" \/>\n<meta property=\"article:publisher\" content=\"https:\/\/www.facebook.com\/pages\/Grelibre\/127788767248442\" \/>\n<meta property=\"article:modified_time\" content=\"2014-02-05T20:47:24+00:00\" \/>\n<meta property=\"og:image\" content=\"http:\/\/www.grelibre.net\/WP\/wp-content\/uploads\/2012\/03\/Photos.jpg\" \/>\n<meta name=\"twitter:label1\" content=\"Dur\u00e9e de lecture estim\u00e9e\" \/>\n\t<meta name=\"twitter:data1\" content=\"1 minute\" \/>\n<script type=\"application\/ld+json\" class=\"yoast-schema-graph\">{\"@context\":\"https:\\\/\\\/schema.org\",\"@graph\":[{\"@type\":\"WebPage\",\"@id\":\"https:\\\/\\\/www.grelibre.net\\\/WP\\\/liens\\\/\",\"url\":\"https:\\\/\\\/www.grelibre.net\\\/WP\\\/liens\\\/\",\"name\":\"Liens | Grelibre.net\",\"isPartOf\":{\"@id\":\"https:\\\/\\\/www.grelibre.net\\\/WP\\\/#website\"},\"primaryImageOfPage\":{\"@id\":\"https:\\\/\\\/www.grelibre.net\\\/WP\\\/liens\\\/#primaryimage\"},\"image\":{\"@id\":\"https:\\\/\\\/www.grelibre.net\\\/WP\\\/liens\\\/#primaryimage\"},\"thumbnailUrl\":\"http:\\\/\\\/www.grelibre.net\\\/WP\\\/wp-content\\\/uploads\\\/2012\\\/03\\\/Photos.jpg\",\"datePublished\":\"2012-03-11T20:34:43+00:00\",\"dateModified\":\"2014-02-05T20:47:24+00:00\",\"description\":\"DiVertiCimes, un collectif de photographes ... Denis Testemale, Tomando desv\u00edos... Site de Claude Mansiot, passionn\u00e9 de photos de montagnes... Site\",\"inLanguage\":\"fr-FR\",\"potentialAction\":[{\"@type\":\"ReadAction\",\"target\":[\"https:\\\/\\\/www.grelibre.net\\\/WP\\\/liens\\\/\"]}]},{\"@type\":\"ImageObject\",\"inLanguage\":\"fr-FR\",\"@id\":\"https:\\\/\\\/www.grelibre.net\\\/WP\\\/liens\\\/#primaryimage\",\"url\":\"http:\\\/\\\/www.grelibre.net\\\/WP\\\/wp-content\\\/uploads\\\/2012\\\/03\\\/Photos.jpg\",\"contentUrl\":\"http:\\\/\\\/www.grelibre.net\\\/WP\\\/wp-content\\\/uploads\\\/2012\\\/03\\\/Photos.jpg\"},{\"@type\":\"WebSite\",\"@id\":\"https:\\\/\\\/www.grelibre.net\\\/WP\\\/#website\",\"url\":\"https:\\\/\\\/www.grelibre.net\\\/WP\\\/\",\"name\":\"Grelibre.net\",\"description\":\"la Montagne dans tous ses \u00e9tats\",\"potentialAction\":[{\"@type\":\"SearchAction\",\"target\":{\"@type\":\"EntryPoint\",\"urlTemplate\":\"https:\\\/\\\/www.grelibre.net\\\/WP\\\/?s={search_term_string}\"},\"query-input\":{\"@type\":\"PropertyValueSpecification\",\"valueRequired\":true,\"valueName\":\"search_term_string\"}}],\"inLanguage\":\"fr-FR\"}]}<\/script>\n<!-- \/ Yoast SEO plugin. -->","yoast_head_json":{"title":"Liens | Grelibre.net","description":"DiVertiCimes, un collectif de photographes ... Denis Testemale, Tomando desv\u00edos... Site de Claude Mansiot, passionn\u00e9 de photos de montagnes... Site","robots":{"index":"index","follow":"follow","max-snippet":"max-snippet:-1","max-image-preview":"max-image-preview:large","max-video-preview":"max-video-preview:-1"},"canonical":"https:\/\/www.grelibre.net\/WP\/liens\/","og_locale":"fr_FR","og_type":"article","og_title":"Liens | Grelibre.net","og_description":"DiVertiCimes, un collectif de photographes ... Denis Testemale, Tomando desv\u00edos... Site de Claude Mansiot, passionn\u00e9 de photos de montagnes... Site","og_url":"https:\/\/www.grelibre.net\/WP\/liens\/","og_site_name":"Grelibre.net","article_publisher":"https:\/\/www.facebook.com\/pages\/Grelibre\/127788767248442","article_modified_time":"2014-02-05T20:47:24+00:00","og_image":[{"url":"http:\/\/www.grelibre.net\/WP\/wp-content\/uploads\/2012\/03\/Photos.jpg","type":"","width":"","height":""}],"twitter_misc":{"Dur\u00e9e de lecture estim\u00e9e":"1 minute"},"schema":{"@context":"https:\/\/schema.org","@graph":[{"@type":"WebPage","@id":"https:\/\/www.grelibre.net\/WP\/liens\/","url":"https:\/\/www.grelibre.net\/WP\/liens\/","name":"Liens | Grelibre.net","isPartOf":{"@id":"https:\/\/www.grelibre.net\/WP\/#website"},"primaryImageOfPage":{"@id":"https:\/\/www.grelibre.net\/WP\/liens\/#primaryimage"},"image":{"@id":"https:\/\/www.grelibre.net\/WP\/liens\/#primaryimage"},"thumbnailUrl":"http:\/\/www.grelibre.net\/WP\/wp-content\/uploads\/2012\/03\/Photos.jpg","datePublished":"2012-03-11T20:34:43+00:00","dateModified":"2014-02-05T20:47:24+00:00","description":"DiVertiCimes, un collectif de photographes ... Denis Testemale, Tomando desv\u00edos... Site de Claude Mansiot, passionn\u00e9 de photos de montagnes... Site","inLanguage":"fr-FR","potentialAction":[{"@type":"ReadAction","target":["https:\/\/www.grelibre.net\/WP\/liens\/"]}]},{"@type":"ImageObject","inLanguage":"fr-FR","@id":"https:\/\/www.grelibre.net\/WP\/liens\/#primaryimage","url":"http:\/\/www.grelibre.net\/WP\/wp-content\/uploads\/2012\/03\/Photos.jpg","contentUrl":"http:\/\/www.grelibre.net\/WP\/wp-content\/uploads\/2012\/03\/Photos.jpg"},{"@type":"WebSite","@id":"https:\/\/www.grelibre.net\/WP\/#website","url":"https:\/\/www.grelibre.net\/WP\/","name":"Grelibre.net","description":"la Montagne dans tous ses \u00e9tats","potentialAction":[{"@type":"SearchAction","target":{"@type":"EntryPoint","urlTemplate":"https:\/\/www.grelibre.net\/WP\/?s={search_term_string}"},"query-input":{"@type":"PropertyValueSpecification","valueRequired":true,"valueName":"search_term_string"}}],"inLanguage":"fr-FR"}]}},"_links":{"self":[{"href":"https:\/\/www.grelibre.net\/WP\/wp-json\/wp\/v2\/pages\/783","targetHints":{"allow":["GET"]}}],"collection":[{"href":"https:\/\/www.grelibre.net\/WP\/wp-json\/wp\/v2\/pages"}],"about":[{"href":"https:\/\/www.grelibre.net\/WP\/wp-json\/wp\/v2\/types\/page"}],"author":[{"embeddable":true,"href":"https:\/\/www.grelibre.net\/WP\/wp-json\/wp\/v2\/users\/2"}],"replies":[{"embeddable":true,"href":"https:\/\/www.grelibre.net\/WP\/wp-json\/wp\/v2\/comments?post=783"}],"version-history":[{"count":9,"href":"https:\/\/www.grelibre.net\/WP\/wp-json\/wp\/v2\/pages\/783\/revisions"}],"predecessor-version":[{"id":2615,"href":"https:\/\/www.grelibre.net\/WP\/wp-json\/wp\/v2\/pages\/783\/revisions\/2615"}],"wp:attachment":[{"href":"https:\/\/www.grelibre.net\/WP\/wp-json\/wp\/v2\/media?parent=783"}],"curies":[{"name":"wp","href":"https:\/\/api.w.org\/{rel}","templated":true}]}}