{"id":761,"date":"2012-03-11T08:14:43","date_gmt":"2012-03-11T08:14:43","guid":{"rendered":"http:\/\/www.grelibre.net\/WP\/?page_id=761"},"modified":"2013-09-26T18:29:59","modified_gmt":"2013-09-26T18:29:59","slug":"coin-meteo","status":"publish","type":"page","link":"https:\/\/www.grelibre.net\/WP\/coin-meteo\/","title":{"rendered":"Coin m\u00e9t\u00e9o"},"content":{"rendered":"<div align=\"center\">\n<p style=\"text-align: center;\"><a href=\"http:\/\/www.grelibre.net\/WP\/wp-content\/uploads\/2012\/03\/Previsions.jpg\"><img loading=\"lazy\" decoding=\"async\" class=\"aligncenter  wp-image-850\" style=\"border: 0pt none;\" title=\"Previsions\" alt=\"\" src=\"http:\/\/www.grelibre.net\/WP\/wp-content\/plugins\/image-shadow\/cache\/fbf76efd1044193e0f03b56a7408f18b.jpg\" width=\"600\" height=\"20\" srcset=\"https:\/\/www.grelibre.net\/WP\/wp-content\/uploads\/2012\/03\/Previsions.jpg 600w, https:\/\/www.grelibre.net\/WP\/wp-content\/uploads\/2012\/03\/Previsions-300x10.jpg 300w, https:\/\/www.grelibre.net\/WP\/wp-content\/uploads\/2012\/03\/Previsions-500x16.jpg 500w\" sizes=\"auto, (max-width: 600px) 100vw, 600px\" \/><\/a>Pr\u00e9visions mises \u00e0 jour quotidiennement par Guillaume S\u00e9chet :<\/p>\n<div style=\"text-align: center;\"><!-- Widget Meteo copyright 2012 - Modification et reproduction interdite --><script type=\"text\/javascript\" src=\"http:\/\/www.meteo-grenoble.com\/widget\/index\/4\/1\/100000\/theme1\/0b0f4c\/e6ebff\/14285f\/ff0000\/0101ff\/7\/154\"><\/script><a style=\"font-size: 0.9em;\" href=\"http:\/\/www.meteo-grenoble.com\">+ de pr\u00e9visions sur meteo-grenoble.com<\/a><\/div>\n<p>Pr\u00e9visions de Michel Caplain :<\/p>\n<p><a href=\"http:\/\/geo.hmg.inpg.fr\/mto\/mto38.shtml\" target=\"_blank\"> <img loading=\"lazy\" decoding=\"async\" style=\"border: 0pt none;\" alt=\"\" src=\"..\/..\/ImageWeb\/Meteo\/Previ_Caplain.jpg\" width=\"116\" height=\"64\" border=\"0\" \/><\/a><\/p>\n<\/div>\n<div style=\"text-align: center;\" align=\"right\"><\/div>\n<p style=\"text-align: center;\"><a href=\"http:\/\/www.grelibre.net\/WP\/wp-content\/uploads\/2012\/03\/Webcams.jpg\"><img loading=\"lazy\" decoding=\"async\" class=\"aligncenter  wp-image-851\" style=\"border: 0pt none;\" title=\"Webcams\" alt=\"\" src=\"http:\/\/www.grelibre.net\/WP\/wp-content\/plugins\/image-shadow\/cache\/1820788c2d9b55eca39480389efa839a.jpg\" width=\"600\" height=\"20\" srcset=\"https:\/\/www.grelibre.net\/WP\/wp-content\/uploads\/2012\/03\/Webcams.jpg 600w, https:\/\/www.grelibre.net\/WP\/wp-content\/uploads\/2012\/03\/Webcams-300x10.jpg 300w, https:\/\/www.grelibre.net\/WP\/wp-content\/uploads\/2012\/03\/Webcams-500x16.jpg 500w\" sizes=\"auto, (max-width: 600px) 100vw, 600px\" \/><\/a><\/p>\n<div style=\"text-align: center;\">\n<p>Campus Universitaire &#8211; Grenoble &#8211; 220m<\/p>\n<p><a href=\"http:\/\/webcam.ampere.inpg.fr\/axis-cgi\/jpg\/image.cgi?resolution=640x480&amp;dummy=1259587160003\" target=\"_blank\"> <img decoding=\"async\" alt=\"\" src=\"http:\/\/webcam.ampere.inpg.fr\/axis-cgi\/jpg\/image.cgi?resolution=640x480&amp;dummy=1259587160003\" \/><\/a><\/p>\n<p>Minatec &#8211; Grenoble &#8211; 220m<\/p>\n<p><a href=\"http:\/\/webcam.minatec.grenoble-inp.fr\/axis-cgi\/jpg\/image.cgi?resolution=640x480&amp;text=1&amp;textstring=Grenoble%20INP%20-%20Minatec%20-%20Vue%20sur%20la%20bastillle&amp;dummy=1259587212659\" target=\"_blank\"> <img decoding=\"async\" alt=\"\" src=\"http:\/\/webcam.minatec.grenoble-inp.fr\/axis-cgi\/jpg\/image.cgi?resolution=640x480&amp;text=1&amp;textstring=Grenoble%20INP%20-%20Minatec%20-%20Vue%20sur%20la%20bastillle&amp;dummy=1259587212659\" \/><\/a><\/p>\n<p>Grenoble (Vue sur le N\u00e9ron) &#8211; 220m<\/p>\n<p><a href=\"http:\/\/www.vision-environnement.com\" target=\"_blank\"> <img decoding=\"async\" alt=\"\" src=\"http:\/\/www.grelibre.net\/WP\/wp-content\/plugins\/image-shadow\/cache\/40b2e74c8085b6bdeb7c4a6ea34e1ada.jpg\" \/><\/a><\/p>\n<p>Saint-Martin-d&rsquo;H\u00e8res &#8211; Vue sur la place Lucie Aubrac et le Vercors &#8211; 220m<\/p>\n<p><a href=\"http:\/\/www.m-ripoll.com\/\" target=\"_blank\"> <img decoding=\"async\" alt=\"\" src=\"http:\/\/www.m-ripoll.com:81\/singleframe\" \/><\/a><\/p>\n<p>Vue sur la Chaine de Belledonne (De gauche \u00e0 droite : Le Grand Colon, la Croix de Chamrousse et le Taillefer) &#8211; 220m<\/p>\n<p><a href=\"http:\/\/www.vision-environnement.com\" target=\"_blank\"> <img decoding=\"async\" alt=\"\" src=\"http:\/\/www.grelibre.net\/WP\/wp-content\/plugins\/image-shadow\/cache\/19ecde7a5d31ab9fe1416b1e434bc558.jpg\" \/><\/a><\/p>\n<p>Le Versoud &#8211; 220m<\/p>\n<p><a href=\"http:\/\/www.meteosite.fr\/accueil.php\" target=\"_blank\"> <img decoding=\"async\" alt=\"\" src=\"http:\/\/www.grelibre.net\/WP\/wp-content\/plugins\/image-shadow\/cache\/9cd5f22ad3fe593efd21f4daa5a63a4b.jpg\" border=\"0\" \/><\/a><\/p>\n<p>Vizille &#8211; 280m<\/p>\n<p><a href=\"http:\/\/perso.orange.fr\/meteo.vizille\" target=\"_blank\"> <img decoding=\"async\" alt=\"\" src=\"http:\/\/www.grelibre.net\/WP\/wp-content\/plugins\/image-shadow\/cache\/ba2d5aed6491ff58c7ee92c7e6782a11.jpg\" border=\"0\" \/><\/a><\/p>\n<p>Webcam de Lans en Vercors (VERCORS) &#8211; village &#8211; 1040m<\/p>\n<p><a href=\"http:\/\/www.jerome-narcy.com\/\" target=\"_blank\"> <img decoding=\"async\" alt=\"\" src=\"http:\/\/www.grelibre.net\/WP\/wp-content\/plugins\/image-shadow\/cache\/f35fd747fbcea8be896a688cd29a096a.jpg\" border=\"0\" \/><\/a><\/p>\n<p>Webcam de Lans en Vercors (VERCORS) &#8211; Domaine de l&rsquo;Aigle &#8211; 1040m<\/p>\n<p><a href=\"http:\/\/www.ot-lans-en-vercors.fr\/\" target=\"_blank\"> <img decoding=\"async\" alt=\"\" src=\"http:\/\/www.grelibre.net\/WP\/wp-content\/plugins\/image-shadow\/cache\/f10142feca8a27a67bd34faa819a653b.jpg\" border=\"0\" \/><\/a><\/p>\n<p>Webcam de Lans en Vercors (VERCORS) &#8211; Les Alli\u00e8res &#8211; 1476m<\/p>\n<p><a href=\"http:\/\/www.ot-lans-en-vercors.fr\/\" target=\"_blank\"> <img decoding=\"async\" alt=\"\" src=\"http:\/\/www.aubergedesallieres.com\/auberge\/flipimg.php\" border=\"0\" \/><\/a><\/p>\n<p>Webcam de Lans en Vercors (VERCORS) &#8211; Stade de neige &#8211; 1400m<\/p>\n<p><a href=\"http:\/\/www.ot-lans-en-vercors.fr\/\" target=\"_blank\"> <img decoding=\"async\" alt=\"\" src=\"http:\/\/www.grelibre.net\/WP\/wp-content\/plugins\/image-shadow\/cache\/d1ad4d54afa5c536908c21ea35c6e3fa.jpg\" border=\"0\" \/><\/a><\/p>\n<p>Webcam de Lans en Vercors (VERCORS) &#8211; Stade de neige &#8211; 1400m<\/p>\n<p><a href=\"http:\/\/www.ot-lans-en-vercors.fr\/\" target=\"_blank\"> <img decoding=\"async\" alt=\"\" src=\"http:\/\/www.grelibre.net\/WP\/wp-content\/plugins\/image-shadow\/cache\/040f00ff016d9d8cf08df911a05a999a.jpg\" border=\"0\" \/><\/a><\/p>\n<p>Webcam d&rsquo;Autrans (VERCORS) &#8211; Village &#8211; 1050m<\/p>\n<p><a href=\"http:\/\/www.autrans.com\/\" target=\"_blank\"> <img decoding=\"async\" alt=\"\" src=\"http:\/\/www.grelibre.net\/WP\/wp-content\/plugins\/image-shadow\/cache\/45917f4205e8da49426bbaf4d0c9b1d9.jpg\" border=\"0\" \/><\/a><\/p>\n<p>Webcam d&rsquo;Autrans (VERCORS) &#8211; Tremplin &#8211; 1050m<\/p>\n<p><a href=\"http:\/\/www.autrans.com\/\" target=\"_blank\"> <img decoding=\"async\" alt=\"\" src=\"http:\/\/www.grelibre.net\/WP\/wp-content\/plugins\/image-shadow\/cache\/472ca63a2095ae02e165a9ff7ee30765.jpg\" border=\"0\" \/><\/a><\/p>\n<p>Webcam d&rsquo;Autrans (VERCORS) &#8211; G\u00e8ve &#8211; 1300m<\/p>\n<p><a href=\"http:\/\/www.autrans.com\/\" target=\"_blank\"> <img decoding=\"async\" alt=\"\" src=\"http:\/\/www.grelibre.net\/WP\/wp-content\/plugins\/image-shadow\/cache\/a95d30438c7499ab13f306f5f455e6a6.jpg\" border=\"0\" \/><\/a><\/p>\n<p>Webcam d&rsquo;Autrans (VERCORS) &#8211; La Sure &#8211; 1300m<\/p>\n<p><a href=\"http:\/\/www.autrans.com\/\" target=\"_blank\"> <img decoding=\"async\" alt=\"\" src=\"http:\/\/www.grelibre.net\/WP\/wp-content\/plugins\/image-shadow\/cache\/046179e4a715989fcc4396e9b6041929.jpg\" border=\"0\" \/><\/a><\/p>\n<p>Webcam de M\u00e9audre (VERCORS) &#8211; site nordique &#8211; 1000m<\/p>\n<p><a href=\"http:\/\/www.meaudre.com\/\" target=\"_blank\"> <img decoding=\"async\" alt=\"\" src=\"http:\/\/www.grelibre.net\/WP\/wp-content\/plugins\/image-shadow\/cache\/dd1173aa824aca069e81a2cb4ace0d8d.jpg\" border=\"0\" \/><\/a><\/p>\n<p>Webcam de Villard de Lans vers le haut des pistes (VERCORS) &#8211; Cote 2000 &#8211; 1700m<\/p>\n<p><a href=\"http:\/\/www.ot-villard-de-lans.fr\/\" target=\"_blank\"> <img decoding=\"async\" alt=\"\" src=\"http:\/\/webcam.villarddelans.com\/webcam_CAM1.jpg\" border=\"0\" \/><\/a><\/p>\n<p>Webcam de Villard de Lans vers le plateau du Vercors (VERCORS) &#8211; Cote 2000 &#8211; 1700m<\/p>\n<p><a href=\"http:\/\/www.ot-villard-de-lans.fr\/\" target=\"_blank\"> <img decoding=\"async\" alt=\"\" src=\"http:\/\/webcam.villarddelans.com\/webcam_CAM2.jpg\" border=\"0\" \/><\/a><\/p>\n<p>Webcam de Villard de Lans (VERCORS) &#8211; Bois Barbu &#8211; 1137m<\/p>\n<p><a href=\"http:\/\/www.ot-villard-de-lans.fr\/\" target=\"_blank\"> <img decoding=\"async\" alt=\"\" src=\"http:\/\/www.grelibre.net\/WP\/wp-content\/plugins\/image-shadow\/cache\/ea8469b1e06aa57dd57658c6a63c84f8.jpg\" border=\"0\" \/><\/a><\/p>\n<p>Webcam de Corren\u00e7on (VERCORS) &#8211; Golf-Porte des Hauts Plateaux &#8211; 1100m<\/p>\n<p><a href=\"http:\/\/www.ot-villard-de-lans.fr\/\" target=\"_blank\"> <img decoding=\"async\" alt=\"\" src=\"http:\/\/www.grelibre.net\/WP\/wp-content\/plugins\/image-shadow\/cache\/fbb4beec9f79f2db401b43b879d202c0.jpg\" border=\"0\" \/><\/a><\/p>\n<p>Webcam de Corren\u00e7on (VERCORS) &#8211; T\u00e9l\u00e9ski des Arolles &#8211; 1590m<\/p>\n<p><a href=\"http:\/\/www.ot-villard-de-lans.fr\/\" target=\"_blank\"> <img decoding=\"async\" alt=\"\" src=\"http:\/\/www.grelibre.net\/WP\/wp-content\/plugins\/image-shadow\/cache\/af46b30cc36780b26cccef37ba1e3f18.jpg\" border=\"0\" \/><\/a><\/p>\n<p>Webcam des 7 Laux &#8211; Pipay (Bas de la station) &#8211; 1550 m (BELLEDONNE)<\/p>\n<p><a href=\"http:\/\/www.les7laux.com\/\" target=\"_blank\"> <img decoding=\"async\" alt=\"\" src=\"http:\/\/www.grelibre.net\/WP\/wp-content\/plugins\/image-shadow\/cache\/a3d59746c5d07490b6e639a29ac8b294.jpg\" border=\"0\" \/><\/a><\/p>\n<p>Webcam des 7 Laux &#8211; Prapoutel (Bas de la station) &#8211; 1350m (BELLEDONNE)<\/p>\n<p><a href=\"http:\/\/www.les7laux.com\/\" target=\"_blank\"> <img decoding=\"async\" alt=\"\" src=\"http:\/\/www.grelibre.net\/WP\/wp-content\/plugins\/image-shadow\/cache\/4b96b582cc5d2aa90f07feb3d257adda.jpg\" border=\"0\" \/><\/a><\/p>\n<p>Webcam des 7 Laux &#8211; Pleynet (Bas de la station) &#8211; 1400m (BELLEDONNE)<\/p>\n<p><a href=\"http:\/\/www.les7laux.com\/\" target=\"_blank\"> <img decoding=\"async\" alt=\"\" src=\"http:\/\/www.grelibre.net\/WP\/wp-content\/plugins\/image-shadow\/cache\/c77f608e15e5b3127acdbdeaa04676ce.jpg\" border=\"0\" \/><\/a><\/p>\n<p>Webcam des 7 Laux &#8211; TSD des Chamois (haut du domaine) &#8211; ? m (BELLEDONNE)<\/p>\n<p><a href=\"http:\/\/www.les7laux.com\/\" target=\"_blank\"> <img decoding=\"async\" alt=\"\" src=\"http:\/\/www.grelibre.net\/WP\/wp-content\/plugins\/image-shadow\/cache\/0aeadaef9a3ecec3a05e86ba5a0b9f1c.jpg\" border=\"0\" \/><\/a><\/p>\n<p>Webcam des 7 Laux &#8211; Le D\u00f4me (haut du domaine) &#8211; 2124 m (BELLEDONNE)<\/p>\n<p><a href=\"http:\/\/www.les7laux.com\/\" target=\"_blank\"> <img decoding=\"async\" alt=\"\" src=\"http:\/\/www.grelibre.net\/WP\/wp-content\/plugins\/image-shadow\/cache\/80a84dc2e9d368505755f804c5d911dc.jpg\" border=\"0\" \/><\/a><\/p>\n<p>Webcam de Chamrousse &#8211; Le Recoin &#8211; Bas du domaine &#8211; 1650m (BELLEDONNE)<\/p>\n<p><a href=\"http:\/\/www.chamrousse.com\/\" target=\"_blank\"> <img decoding=\"async\" alt=\"\" src=\"http:\/\/www.grelibre.net\/WP\/wp-content\/plugins\/image-shadow\/cache\/04841c0fd1187e50595ad373dff15518.jpg\" \/><\/a><\/p>\n<p>Webcam de Chamrousse &#8211; Roche B\u00e9ranger &#8211; Station &#8211; 1785m (BELLEDONNE)<\/p>\n<p><a href=\"http:\/\/www.meteo-chamrousse.com\/\" target=\"_blank\"> <img decoding=\"async\" alt=\"\" src=\"http:\/\/www.grelibre.net\/WP\/wp-content\/plugins\/image-shadow\/cache\/431344e62d35065bfa711bc60cc46cee.jpg\" border=\"0\" \/><\/a><\/p>\n<p>Webcam de Chamrousse &#8211; Croix de Chamrousse &#8211; Haut du domaine &#8211; 2250m (BELLEDONNE)<\/p>\n<p><a href=\"http:\/\/www.chamrousse.com\/\" target=\"_blank\"> <img decoding=\"async\" alt=\"\" src=\"http:\/\/www.grelibre.net\/WP\/wp-content\/plugins\/image-shadow\/cache\/5e1e47b64c8c02396a21af931ce62ced.jpg\" border=\"0\" \/><\/a><\/p>\n<p>Webcam de Chamrousse &#8211; Plateau de l&rsquo;Arselle &#8211; 1550m (BELLEDONNE)<\/p>\n<p><a href=\"http:\/\/www.chamrousse.com\/\" target=\"_blank\"> <img decoding=\"async\" alt=\"\" src=\"http:\/\/www.grelibre.net\/WP\/wp-content\/plugins\/image-shadow\/cache\/8dcd8a786c3b31425d9f1afa18498c2b.jpg\" \/><\/a><\/p>\n<p>Webcam du Collet d&rsquo;Allevard &#8211; Bas du domaine &#8211; 1450m (BELLEDONNE)<\/p>\n<p><a href=\"http:\/\/www.lecollet.com\/\" target=\"_blank\"> <img decoding=\"async\" alt=\"\" src=\"http:\/\/www.grelibre.net\/WP\/wp-content\/plugins\/image-shadow\/cache\/737675c31c8e618cb335f925da6d913f.jpg\" border=\"0\" \/><\/a><\/p>\n<p>Webcam du Collet d&rsquo;Allevard &#8211; Mi-domaine (Super Collet) &#8211; 1650m (BELLEDONNE)<\/p>\n<p><a href=\"http:\/\/www.lecollet.com\/\" target=\"_blank\"> <img decoding=\"async\" alt=\"\" src=\"http:\/\/www.grelibre.net\/WP\/wp-content\/plugins\/image-shadow\/cache\/077fcee9d50a789f8b336a8194ef9679.jpg\" border=\"0\" \/><\/a><\/p>\n<p>Webcam de Saint Pierre en Chartreuse &#8211; Combe de l&rsquo;ours &#8211; 1600m (CHARTREUSE)<\/p>\n<p><a href=\"http:\/\/www.chartreuse-tourisme.com\/\" target=\"_blank\"> <img decoding=\"async\" alt=\"\" src=\"http:\/\/www.grelibre.net\/WP\/wp-content\/plugins\/image-shadow\/cache\/e2361119534cd4b7bcc2869f7c777eeb.jpg\" border=\"0\" \/><\/a><\/p>\n<p>Webcam du Col de Marcieu &#8211; Station &#8211; 1065m (CHARTREUSE)<\/p>\n<p><a href=\"http:\/\/www.trinum.com\/\" target=\"_blank\"> <img decoding=\"async\" alt=\"\" src=\"http:\/\/www.grelibre.net\/WP\/wp-content\/plugins\/image-shadow\/cache\/5cc1865c7cd01545c74548048025a321.jpg\" border=\"0\" \/><\/a><\/p>\n<p>Webcam de l&rsquo;Alpe du Grand Serre &#8211; La Blache &#8211; (TAILLEFER)<\/p>\n<p><a href=\"http:\/\/www.alpedugrandserre.info\/\" target=\"_blank\"> <img decoding=\"async\" alt=\"\" src=\"http:\/\/www.grelibre.net\/WP\/wp-content\/plugins\/image-shadow\/cache\/03e3660b92017c5753bc02d71c593de5.jpg\" border=\"0\" \/><\/a><\/p>\n<p>Webcam de la Grave (OISANS)<\/p>\n<p><a href=\"http:\/\/www.la-grave.com\/\" target=\"_blank\"> <img decoding=\"async\" alt=\"\" src=\"http:\/\/www.grelibre.net\/WP\/wp-content\/plugins\/image-shadow\/cache\/31fc62deea1d00b1a10e3d4c5cfbfc03.jpg\" border=\"0\" \/><\/a><\/p>\n<\/div>\n<p style=\"text-align: center;\"><a href=\"http:\/\/www.grelibre.net\/WP\/wp-content\/uploads\/2012\/03\/Stations-Meteo.jpg\"><img loading=\"lazy\" decoding=\"async\" class=\"aligncenter  wp-image-852\" style=\"border: 0pt none;\" title=\"Stations Meteo\" alt=\"\" src=\"http:\/\/www.grelibre.net\/WP\/wp-content\/plugins\/image-shadow\/cache\/2b7c60c517a7f698bc16b997b4b3c092.jpg\" width=\"600\" height=\"20\" srcset=\"https:\/\/www.grelibre.net\/WP\/wp-content\/uploads\/2012\/03\/Stations-Meteo.jpg 600w, https:\/\/www.grelibre.net\/WP\/wp-content\/uploads\/2012\/03\/Stations-Meteo-300x10.jpg 300w, https:\/\/www.grelibre.net\/WP\/wp-content\/uploads\/2012\/03\/Stations-Meteo-500x16.jpg 500w\" sizes=\"auto, (max-width: 600px) 100vw, 600px\" \/><\/a><\/p>\n<div style=\"text-align: center;\">\n<p>Station de Chamrousse (station de ski aux portes de Grenoble) par M\u00e9t\u00e9oParis :<\/p>\n<p><a href=\"http:\/\/www.meteo-chamrousse.com\/station-meteo.html\" target=\"_blank\"> <img decoding=\"async\" alt=\"M\u00e9t\u00e9oParis\" src=\"..\/..\/ImageWeb\/Meteo\/StationChamrousse.jpg\" border=\"0\" \/> <\/a><\/p>\n<p>Station de Saint Martin d&rsquo;h\u00e8res (station aux portes Est de Grenoble) par Stan :<\/p>\n<p><a href=\"http:\/\/www.romma.fr\/stan\/stevenson\/valeurs.php\" target=\"_blank\"> <img decoding=\"async\" alt=\"Stan : Station de Saint Martin d'h\u00e8res\" src=\"..\/..\/ImageWeb\/Meteo\/StationEchirolles.jpg\" border=\"0\" \/> <\/a><\/p>\n<p>Station de Vizille (station \u00e0 15 km au Sud de Grenoble) par G\u00e9n\u00e9pis :<\/p>\n<p><a href=\"http:\/\/perso.orange.fr\/meteo.vizille\/valeurs.htm\" target=\"_blank\"> <img decoding=\"async\" alt=\"G\u00e9n\u00e9pis : Station de Vizille\" src=\"..\/..\/ImageWeb\/Meteo\/StationEchirolles.jpg\" border=\"0\" \/> <\/a><\/p>\n<p>Station de Meylan (station aux portes Nord de Grenoble) par Pierre Hyvrard :<\/p>\n<p><a href=\"http:\/\/www.hyvrard.com\/meteo\/\" target=\"_blank\"> <img decoding=\"async\" alt=\"Infoclimat\" src=\"..\/..\/ImageWeb\/Meteo\/StationMeylan.jpg\" border=\"0\" \/> <\/a><\/p>\n<p>Station du Versoud (station aux portes Nord-Est de Grenoble) par M\u00e9t\u00e9oSite :<\/p>\n<p><a href=\"http:\/\/www.meteosite.fr\/\" target=\"_blank\"> <img decoding=\"async\" alt=\"Meteosite\" src=\"..\/..\/ImageWeb\/Meteo\/StationEchirolles.jpg\" border=\"0\" \/> <\/a><br \/>\n<script type=\"text\/javascript\"><!--\ngoogle_ad_client = \"ca-pub-8813104422463746\";\n\/* Grelibre *\/\ngoogle_ad_slot = \"8834591243\";\ngoogle_ad_width = 300;\ngoogle_ad_height = 250;\n\/\/-->\n<\/script><br \/>\n<script type=\"text\/javascript\"\nsrc=\"\/\/pagead2.googlesyndication.com\/pagead\/show_ads.js\">\n<\/script>\n<\/div>\n","protected":false},"excerpt":{"rendered":"<p>Pr\u00e9visions mises \u00e0 jour quotidiennement par Guillaume S\u00e9chet : + de pr\u00e9visions sur meteo-grenoble.com Pr\u00e9visions de Michel Caplain : Campus Universitaire &#8211; Grenoble &#8211; 220m Minatec &#8211; Grenoble &#8211; 220m Grenoble (Vue sur le N\u00e9ron) &#8211; 220m Saint-Martin-d&rsquo;H\u00e8res &#8211; Vue sur la place Lucie Aubrac et le Vercors &#8211; 220m Vue sur la Chaine de&hellip;<\/p>\n<p class=\"more\"><a class=\"more-link\" href=\"https:\/\/www.grelibre.net\/WP\/coin-meteo\/\">Continue reading <span class=\"screen-reader-text\">Coin m\u00e9t\u00e9o<\/span><\/a><\/p>\n","protected":false},"author":2,"featured_media":0,"parent":0,"menu_order":2,"comment_status":"closed","ping_status":"open","template":"","meta":{"footnotes":""},"class_list":["post-761","page","type-page","status-publish","hentry","entry"],"yoast_head":"<!-- This site is optimized with the Yoast SEO plugin v27.4 - https:\/\/yoast.com\/product\/yoast-seo-wordpress\/ -->\n<title>Coin m\u00e9t\u00e9o |<\/title>\n<meta name=\"description\" content=\"grelibre.net, la montagne dans tous ses \u00e9tats - coin m\u00e9t\u00e9o\" \/>\n<meta name=\"robots\" content=\"index, follow, max-snippet:-1, max-image-preview:large, max-video-preview:-1\" \/>\n<link rel=\"canonical\" href=\"https:\/\/www.grelibre.net\/WP\/coin-meteo\/\" \/>\n<meta property=\"og:locale\" content=\"fr_FR\" \/>\n<meta property=\"og:type\" content=\"article\" \/>\n<meta property=\"og:title\" content=\"Coin m\u00e9t\u00e9o |\" \/>\n<meta property=\"og:description\" content=\"grelibre.net, la montagne dans tous ses \u00e9tats - coin m\u00e9t\u00e9o\" \/>\n<meta property=\"og:url\" content=\"https:\/\/www.grelibre.net\/WP\/coin-meteo\/\" \/>\n<meta property=\"og:site_name\" content=\"Grelibre.net\" \/>\n<meta property=\"article:publisher\" content=\"https:\/\/www.facebook.com\/pages\/Grelibre\/127788767248442\" \/>\n<meta property=\"article:modified_time\" content=\"2013-09-26T18:29:59+00:00\" \/>\n<meta property=\"og:image\" content=\"http:\/\/www.grelibre.net\/WP\/wp-content\/uploads\/2012\/03\/Previsions.jpg\" \/>\n<meta name=\"twitter:label1\" content=\"Dur\u00e9e de lecture estim\u00e9e\" \/>\n\t<meta name=\"twitter:data1\" content=\"2 minutes\" \/>\n<script type=\"application\/ld+json\" class=\"yoast-schema-graph\">{\"@context\":\"https:\\\/\\\/schema.org\",\"@graph\":[{\"@type\":\"WebPage\",\"@id\":\"https:\\\/\\\/www.grelibre.net\\\/WP\\\/coin-meteo\\\/\",\"url\":\"https:\\\/\\\/www.grelibre.net\\\/WP\\\/coin-meteo\\\/\",\"name\":\"Coin m\u00e9t\u00e9o |\",\"isPartOf\":{\"@id\":\"https:\\\/\\\/www.grelibre.net\\\/WP\\\/#website\"},\"primaryImageOfPage\":{\"@id\":\"https:\\\/\\\/www.grelibre.net\\\/WP\\\/coin-meteo\\\/#primaryimage\"},\"image\":{\"@id\":\"https:\\\/\\\/www.grelibre.net\\\/WP\\\/coin-meteo\\\/#primaryimage\"},\"thumbnailUrl\":\"http:\\\/\\\/www.grelibre.net\\\/WP\\\/wp-content\\\/uploads\\\/2012\\\/03\\\/Previsions.jpg\",\"datePublished\":\"2012-03-11T08:14:43+00:00\",\"dateModified\":\"2013-09-26T18:29:59+00:00\",\"description\":\"grelibre.net, la montagne dans tous ses \u00e9tats - coin m\u00e9t\u00e9o\",\"inLanguage\":\"fr-FR\",\"potentialAction\":[{\"@type\":\"ReadAction\",\"target\":[\"https:\\\/\\\/www.grelibre.net\\\/WP\\\/coin-meteo\\\/\"]}]},{\"@type\":\"ImageObject\",\"inLanguage\":\"fr-FR\",\"@id\":\"https:\\\/\\\/www.grelibre.net\\\/WP\\\/coin-meteo\\\/#primaryimage\",\"url\":\"http:\\\/\\\/www.grelibre.net\\\/WP\\\/wp-content\\\/uploads\\\/2012\\\/03\\\/Previsions.jpg\",\"contentUrl\":\"http:\\\/\\\/www.grelibre.net\\\/WP\\\/wp-content\\\/uploads\\\/2012\\\/03\\\/Previsions.jpg\"},{\"@type\":\"WebSite\",\"@id\":\"https:\\\/\\\/www.grelibre.net\\\/WP\\\/#website\",\"url\":\"https:\\\/\\\/www.grelibre.net\\\/WP\\\/\",\"name\":\"Grelibre.net\",\"description\":\"la Montagne dans tous ses \u00e9tats\",\"potentialAction\":[{\"@type\":\"SearchAction\",\"target\":{\"@type\":\"EntryPoint\",\"urlTemplate\":\"https:\\\/\\\/www.grelibre.net\\\/WP\\\/?s={search_term_string}\"},\"query-input\":{\"@type\":\"PropertyValueSpecification\",\"valueRequired\":true,\"valueName\":\"search_term_string\"}}],\"inLanguage\":\"fr-FR\"}]}<\/script>\n<!-- \/ Yoast SEO plugin. -->","yoast_head_json":{"title":"Coin m\u00e9t\u00e9o |","description":"grelibre.net, la montagne dans tous ses \u00e9tats - coin m\u00e9t\u00e9o","robots":{"index":"index","follow":"follow","max-snippet":"max-snippet:-1","max-image-preview":"max-image-preview:large","max-video-preview":"max-video-preview:-1"},"canonical":"https:\/\/www.grelibre.net\/WP\/coin-meteo\/","og_locale":"fr_FR","og_type":"article","og_title":"Coin m\u00e9t\u00e9o |","og_description":"grelibre.net, la montagne dans tous ses \u00e9tats - coin m\u00e9t\u00e9o","og_url":"https:\/\/www.grelibre.net\/WP\/coin-meteo\/","og_site_name":"Grelibre.net","article_publisher":"https:\/\/www.facebook.com\/pages\/Grelibre\/127788767248442","article_modified_time":"2013-09-26T18:29:59+00:00","og_image":[{"url":"http:\/\/www.grelibre.net\/WP\/wp-content\/uploads\/2012\/03\/Previsions.jpg","type":"","width":"","height":""}],"twitter_misc":{"Dur\u00e9e de lecture estim\u00e9e":"2 minutes"},"schema":{"@context":"https:\/\/schema.org","@graph":[{"@type":"WebPage","@id":"https:\/\/www.grelibre.net\/WP\/coin-meteo\/","url":"https:\/\/www.grelibre.net\/WP\/coin-meteo\/","name":"Coin m\u00e9t\u00e9o |","isPartOf":{"@id":"https:\/\/www.grelibre.net\/WP\/#website"},"primaryImageOfPage":{"@id":"https:\/\/www.grelibre.net\/WP\/coin-meteo\/#primaryimage"},"image":{"@id":"https:\/\/www.grelibre.net\/WP\/coin-meteo\/#primaryimage"},"thumbnailUrl":"http:\/\/www.grelibre.net\/WP\/wp-content\/uploads\/2012\/03\/Previsions.jpg","datePublished":"2012-03-11T08:14:43+00:00","dateModified":"2013-09-26T18:29:59+00:00","description":"grelibre.net, la montagne dans tous ses \u00e9tats - coin m\u00e9t\u00e9o","inLanguage":"fr-FR","potentialAction":[{"@type":"ReadAction","target":["https:\/\/www.grelibre.net\/WP\/coin-meteo\/"]}]},{"@type":"ImageObject","inLanguage":"fr-FR","@id":"https:\/\/www.grelibre.net\/WP\/coin-meteo\/#primaryimage","url":"http:\/\/www.grelibre.net\/WP\/wp-content\/uploads\/2012\/03\/Previsions.jpg","contentUrl":"http:\/\/www.grelibre.net\/WP\/wp-content\/uploads\/2012\/03\/Previsions.jpg"},{"@type":"WebSite","@id":"https:\/\/www.grelibre.net\/WP\/#website","url":"https:\/\/www.grelibre.net\/WP\/","name":"Grelibre.net","description":"la Montagne dans tous ses \u00e9tats","potentialAction":[{"@type":"SearchAction","target":{"@type":"EntryPoint","urlTemplate":"https:\/\/www.grelibre.net\/WP\/?s={search_term_string}"},"query-input":{"@type":"PropertyValueSpecification","valueRequired":true,"valueName":"search_term_string"}}],"inLanguage":"fr-FR"}]}},"_links":{"self":[{"href":"https:\/\/www.grelibre.net\/WP\/wp-json\/wp\/v2\/pages\/761","targetHints":{"allow":["GET"]}}],"collection":[{"href":"https:\/\/www.grelibre.net\/WP\/wp-json\/wp\/v2\/pages"}],"about":[{"href":"https:\/\/www.grelibre.net\/WP\/wp-json\/wp\/v2\/types\/page"}],"author":[{"embeddable":true,"href":"https:\/\/www.grelibre.net\/WP\/wp-json\/wp\/v2\/users\/2"}],"replies":[{"embeddable":true,"href":"https:\/\/www.grelibre.net\/WP\/wp-json\/wp\/v2\/comments?post=761"}],"version-history":[{"count":27,"href":"https:\/\/www.grelibre.net\/WP\/wp-json\/wp\/v2\/pages\/761\/revisions"}],"predecessor-version":[{"id":2324,"href":"https:\/\/www.grelibre.net\/WP\/wp-json\/wp\/v2\/pages\/761\/revisions\/2324"}],"wp:attachment":[{"href":"https:\/\/www.grelibre.net\/WP\/wp-json\/wp\/v2\/media?parent=761"}],"curies":[{"name":"wp","href":"https:\/\/api.w.org\/{rel}","templated":true}]}}