{"id":4143,"date":"2018-11-29T09:36:01","date_gmt":"2018-11-29T09:36:01","guid":{"rendered":"http:\/\/www.grelibre.net\/WP\/?page_id=4143"},"modified":"2018-11-29T09:36:38","modified_gmt":"2018-11-29T09:36:38","slug":"nuages","status":"publish","type":"page","link":"https:\/\/www.grelibre.net\/WP\/albums\/phenomene\/nuages\/","title":{"rendered":"nuages"},"content":{"rendered":"\n\t\t<div id='gallery-1' class='gallery galleryid-4143 gallery-columns-4 gallery-size-thumbnail gallery1'><script type=\"text\/javascript\">\r\n\/\/ <![CDATA[\r\n\tjQuery(document).ready(function () {\r\n\t\tjQuery(\".gallery1 a\").attr(\"rel\",\"gallery1\");\t\r\n\t\tjQuery('a[rel=\"gallery1\"]').colorbox({maxWidth:\"95%\", maxHeight:\"95%\",title: function(){ return jQuery(this).children().attr(\"alt\"); }, });\r\n\t});\r\n\/\/ ]]>\r\n<\/script>\n<figure class=\"gallery-item\">\n<div class=\"gallery-icon\">\r\n<a href=\"https:\/\/www.grelibre.net\/WP\/wp-content\/uploads\/2018\/11\/Ch_040117_003.jpg\" title=\"lenticulaires sur Belledonne\" rel=\"gallery1\"><img loading=\"lazy\" decoding=\"async\" src=\"http:\/\/www.grelibre.net\/WP\/wp-content\/plugins\/image-shadow\/cache\/42cc96c024ae1c0927852186d53f1cd9.jpg\" width=\"150\" height=\"100\" alt=\"lenticulaires sur Belledonne\" \/><\/a>\r\n<\/div><figcaption class=\"gallery-caption\" id=\"caption4144\"><span class=\"imagecaption\">lenticulaires sur Belledonne<\/span><br \/>\n<\/figcaption><\/figure><figure class=\"gallery-item\">\n<div class=\"gallery-icon\">\r\n<a href=\"https:\/\/www.grelibre.net\/WP\/wp-content\/uploads\/2018\/11\/Ch_040117_008.jpg\" title=\"lenticulaires sur Belledonne\" rel=\"gallery1\"><img loading=\"lazy\" decoding=\"async\" src=\"http:\/\/www.grelibre.net\/WP\/wp-content\/plugins\/image-shadow\/cache\/e5c22ea381d820a3f58e64fa62ab7b0d.jpg\" width=\"150\" height=\"80\" alt=\"lenticulaires sur Belledonne\" \/><\/a>\r\n<\/div><figcaption class=\"gallery-caption\" id=\"caption4145\"><span class=\"imagecaption\">lenticulaires sur Belledonne<\/span><br \/>\n<\/figcaption><\/figure><figure class=\"gallery-item\">\n<div class=\"gallery-icon\">\r\n<a href=\"https:\/\/www.grelibre.net\/WP\/wp-content\/uploads\/2018\/11\/Ch_040117_011.jpg\" title=\"lenticulaires sur Belledonne\" rel=\"gallery1\"><img loading=\"lazy\" decoding=\"async\" src=\"http:\/\/www.grelibre.net\/WP\/wp-content\/plugins\/image-shadow\/cache\/ac9affc98dad2355e4e915caf08c0fc0.jpg\" width=\"150\" height=\"56\" alt=\"lenticulaires sur Belledonne\" \/><\/a>\r\n<\/div><figcaption class=\"gallery-caption\" id=\"caption4146\"><span class=\"imagecaption\">lenticulaires sur Belledonne<\/span><br \/>\n<\/figcaption><\/figure><figure class=\"gallery-item\">\n<div class=\"gallery-icon\">\r\n<a href=\"https:\/\/www.grelibre.net\/WP\/wp-content\/uploads\/2018\/11\/Ch_251013_001.jpg\" title=\"lenticulaires sur Belledonne\" rel=\"gallery1\"><img loading=\"lazy\" decoding=\"async\" src=\"http:\/\/www.grelibre.net\/WP\/wp-content\/plugins\/image-shadow\/cache\/3c4c1c7aa7ccbe57f690767b6a85e0a4.jpg\" width=\"150\" height=\"58\" alt=\"lenticulaires sur Belledonne\" \/><\/a>\r\n<\/div><figcaption class=\"gallery-caption\" id=\"caption4147\"><span class=\"imagecaption\">lenticulaires sur Belledonne<\/span><br \/>\n<\/figcaption><\/figure><figure class=\"gallery-item\">\n<div class=\"gallery-icon\">\r\n<a href=\"https:\/\/www.grelibre.net\/WP\/wp-content\/uploads\/2018\/11\/Corse_250715_001.jpg\" title=\"lenticulaires\" rel=\"gallery1\"><img loading=\"lazy\" decoding=\"async\" src=\"http:\/\/www.grelibre.net\/WP\/wp-content\/plugins\/image-shadow\/cache\/fc0985e6694f3a033d65b2103ca7e783.jpg\" width=\"150\" height=\"100\" alt=\"lenticulaires\" \/><\/a>\r\n<\/div><figcaption class=\"gallery-caption\" id=\"caption4148\"><span class=\"imagecaption\">lenticulaires<\/span><br \/>\n<\/figcaption><\/figure><figure class=\"gallery-item\">\n<div class=\"gallery-icon\">\r\n<a href=\"https:\/\/www.grelibre.net\/WP\/wp-content\/uploads\/2018\/11\/Orage_290617_005.jpg\" title=\"Cumulonimbus\" rel=\"gallery1\"><img loading=\"lazy\" decoding=\"async\" src=\"http:\/\/www.grelibre.net\/WP\/wp-content\/plugins\/image-shadow\/cache\/441423da6d1383339e3f55d0e3dde329.jpg\" width=\"150\" height=\"117\" alt=\"Cumulonimbus\" \/><\/a>\r\n<\/div><figcaption class=\"gallery-caption\" id=\"caption4149\"><span class=\"imagecaption\">Cumulonimbus<\/span><br \/>\n<\/figcaption><\/figure><figure class=\"gallery-item\">\n<div class=\"gallery-icon\">\r\n<a href=\"https:\/\/www.grelibre.net\/WP\/wp-content\/uploads\/2018\/11\/Orage_290617_006.jpg\" title=\"Cumulonimbus\" rel=\"gallery1\"><img loading=\"lazy\" decoding=\"async\" src=\"http:\/\/www.grelibre.net\/WP\/wp-content\/plugins\/image-shadow\/cache\/d6fadf7c0de73ab5b45ae4d208dbfb90.jpg\" width=\"150\" height=\"93\" alt=\"Cumulonimbus\" \/><\/a>\r\n<\/div><figcaption class=\"gallery-caption\" id=\"caption4150\"><span class=\"imagecaption\">Cumulonimbus<\/span><br \/>\n<\/figcaption><\/figure><figure class=\"gallery-item\">\n<div class=\"gallery-icon\">\r\n<a href=\"https:\/\/www.grelibre.net\/WP\/wp-content\/uploads\/2018\/11\/Orage_290617_009.jpg\" title=\"Cumulonimbus\" rel=\"gallery1\"><img loading=\"lazy\" decoding=\"async\" src=\"http:\/\/www.grelibre.net\/WP\/wp-content\/plugins\/image-shadow\/cache\/e271931cae41d437def452c867dde363.jpg\" width=\"150\" height=\"84\" alt=\"Cumulonimbus\" \/><\/a>\r\n<\/div><figcaption class=\"gallery-caption\" id=\"caption4151\"><span class=\"imagecaption\">Cumulonimbus<\/span><br \/>\n<\/figcaption><\/figure><figure class=\"gallery-item\">\n<div class=\"gallery-icon\">\r\n<a href=\"https:\/\/www.grelibre.net\/WP\/wp-content\/uploads\/2018\/11\/V_070418_001.jpg\" title=\"Lenticulaire sur le Vercors\" rel=\"gallery1\"><img loading=\"lazy\" decoding=\"async\" src=\"http:\/\/www.grelibre.net\/WP\/wp-content\/plugins\/image-shadow\/cache\/da9e035735954ab3069e9e8215c426f4.jpg\" width=\"150\" height=\"100\" alt=\"Lenticulaire sur le Vercors\" \/><\/a>\r\n<\/div><figcaption class=\"gallery-caption\" id=\"caption4152\"><span class=\"imagecaption\">Lenticulaire sur le Vercors<\/span><br \/>\n<\/figcaption><\/figure><figure class=\"gallery-item\">\n<div class=\"gallery-icon\">\r\n<a href=\"https:\/\/www.grelibre.net\/WP\/wp-content\/uploads\/2018\/11\/V_070418_002.jpg\" title=\"Lenticulaire sur le Vercors\" rel=\"gallery1\"><img loading=\"lazy\" decoding=\"async\" src=\"http:\/\/www.grelibre.net\/WP\/wp-content\/plugins\/image-shadow\/cache\/0ed7efb71896036429e50a69ec8bef94.jpg\" width=\"150\" height=\"100\" alt=\"Lenticulaire sur le Vercors\" \/><\/a>\r\n<\/div><figcaption class=\"gallery-caption\" id=\"caption4153\"><span class=\"imagecaption\">Lenticulaire sur le Vercors<\/span><br \/>\n<\/figcaption><\/figure><figure class=\"gallery-item\">\n<div class=\"gallery-icon\">\r\n<a href=\"https:\/\/www.grelibre.net\/WP\/wp-content\/uploads\/2018\/11\/V_070418_006.jpg\" title=\"Lenticulaire sur le Vercors\" rel=\"gallery1\"><img loading=\"lazy\" decoding=\"async\" src=\"http:\/\/www.grelibre.net\/WP\/wp-content\/plugins\/image-shadow\/cache\/03ee863170784e9aa1d5fb385e3be05f.jpg\" width=\"150\" height=\"100\" alt=\"Lenticulaire sur le Vercors\" \/><\/a>\r\n<\/div><figcaption class=\"gallery-caption\" id=\"caption4154\"><span class=\"imagecaption\">Lenticulaire sur le Vercors<\/span><br \/>\n<\/figcaption><\/figure><figure class=\"gallery-item\">\n<div class=\"gallery-icon\">\r\n<a href=\"https:\/\/www.grelibre.net\/WP\/wp-content\/uploads\/2018\/11\/V_070418_007.jpg\" title=\"Lenticulaire sur le Vercors\" rel=\"gallery1\"><img loading=\"lazy\" decoding=\"async\" src=\"http:\/\/www.grelibre.net\/WP\/wp-content\/plugins\/image-shadow\/cache\/8057d046ce54dcf127ea2a783fd0ea06.jpg\" width=\"150\" height=\"100\" alt=\"Lenticulaire sur le Vercors\" \/><\/a>\r\n<\/div><figcaption class=\"gallery-caption\" id=\"caption4155\"><span class=\"imagecaption\">Lenticulaire sur le Vercors<\/span><br \/>\n<\/figcaption><\/figure><figure class=\"gallery-item\">\n<div class=\"gallery-icon\">\r\n<a href=\"https:\/\/www.grelibre.net\/WP\/wp-content\/uploads\/2018\/11\/V_100717_001.jpg\" title=\"mammatus\" rel=\"gallery1\"><img loading=\"lazy\" decoding=\"async\" src=\"http:\/\/www.grelibre.net\/WP\/wp-content\/plugins\/image-shadow\/cache\/e14498c4cf2385dd3326c3aba61b456c.jpg\" width=\"150\" height=\"100\" alt=\"mammatus\" \/><\/a>\r\n<\/div><figcaption class=\"gallery-caption\" id=\"caption4156\"><span class=\"imagecaption\">mammatus<\/span><br \/>\n<\/figcaption><\/figure><figure class=\"gallery-item\">\n<div class=\"gallery-icon\">\r\n<a href=\"https:\/\/www.grelibre.net\/WP\/wp-content\/uploads\/2018\/11\/V_141018_001.jpg\" title=\"mammatus\" rel=\"gallery1\"><img loading=\"lazy\" decoding=\"async\" src=\"http:\/\/www.grelibre.net\/WP\/wp-content\/plugins\/image-shadow\/cache\/967d04778d3a19a409ab728f6aaad8b2.jpg\" width=\"150\" height=\"67\" alt=\"mammatus\" \/><\/a>\r\n<\/div><figcaption class=\"gallery-caption\" id=\"caption4157\"><span class=\"imagecaption\">mammatus<\/span><br \/>\n<\/figcaption><\/figure><figure class=\"gallery-item\">\n<div class=\"gallery-icon\">\r\n<a href=\"https:\/\/www.grelibre.net\/WP\/wp-content\/uploads\/2018\/11\/V_141018_002.jpg\" title=\"mammatus\" rel=\"gallery1\"><img loading=\"lazy\" decoding=\"async\" src=\"http:\/\/www.grelibre.net\/WP\/wp-content\/plugins\/image-shadow\/cache\/36d13fbba242c4f1fe74b64811dd76d1.jpg\" width=\"150\" height=\"64\" alt=\"mammatus\" \/><\/a>\r\n<\/div><figcaption class=\"gallery-caption\" id=\"caption4158\"><span class=\"imagecaption\">mammatus<\/span><br \/>\n<\/figcaption><\/figure><figure class=\"gallery-item\">\n<div class=\"gallery-icon\">\r\n<a href=\"https:\/\/www.grelibre.net\/WP\/wp-content\/uploads\/2018\/11\/V_220918_001.jpg\" title=\"lenticulaire sur le Vercors\" rel=\"gallery1\"><img loading=\"lazy\" decoding=\"async\" src=\"http:\/\/www.grelibre.net\/WP\/wp-content\/plugins\/image-shadow\/cache\/a76e8d8477efd6795c5dfff63508ef1e.jpg\" width=\"150\" height=\"62\" alt=\"lenticulaire sur le Vercors\" \/><\/a>\r\n<\/div><figcaption class=\"gallery-caption\" id=\"caption4159\"><span class=\"imagecaption\">lenticulaire sur le Vercors<\/span><br \/>\n<\/figcaption><\/figure><figure class=\"gallery-item\">\n<div class=\"gallery-icon\">\r\n<a href=\"https:\/\/www.grelibre.net\/WP\/wp-content\/uploads\/2018\/11\/V_220918_002.jpg\" title=\"lenticulaire sur le Vercors\" rel=\"gallery1\"><img loading=\"lazy\" decoding=\"async\" src=\"http:\/\/www.grelibre.net\/WP\/wp-content\/plugins\/image-shadow\/cache\/8999a8ffc49563c7f06ffe071b797c1d.jpg\" width=\"100\" height=\"150\" alt=\"lenticulaire sur le Vercors\" \/><\/a>\r\n<\/div><figcaption class=\"gallery-caption\" id=\"caption4160\"><span class=\"imagecaption\">lenticulaire sur le Vercors<\/span><br \/>\n<\/figcaption><\/figure><figure class=\"gallery-item\">\n<div class=\"gallery-icon\">\r\n<a href=\"https:\/\/www.grelibre.net\/WP\/wp-content\/uploads\/2018\/11\/V_220918_003.jpg\" title=\"lenticulaire sur le Vercors\" rel=\"gallery1\"><img loading=\"lazy\" decoding=\"async\" src=\"http:\/\/www.grelibre.net\/WP\/wp-content\/plugins\/image-shadow\/cache\/234c9f5418d95b4596ada037de62546a.jpg\" width=\"150\" height=\"100\" alt=\"lenticulaire sur le Vercors\" \/><\/a>\r\n<\/div><figcaption class=\"gallery-caption\" id=\"caption4161\"><span class=\"imagecaption\">lenticulaire sur le Vercors<\/span><br \/>\n<\/figcaption><\/figure><figure class=\"gallery-item\">\n<div class=\"gallery-icon\">\r\n<a href=\"https:\/\/www.grelibre.net\/WP\/wp-content\/uploads\/2018\/11\/V_220918_004.jpg\" title=\"lenticulaire sur le Vercors\" rel=\"gallery1\"><img loading=\"lazy\" decoding=\"async\" src=\"http:\/\/www.grelibre.net\/WP\/wp-content\/plugins\/image-shadow\/cache\/4d20f630169dbb9fa70fe59d15d34bc8.jpg\" width=\"150\" height=\"47\" alt=\"lenticulaire sur le Vercors\" \/><\/a>\r\n<\/div><figcaption class=\"gallery-caption\" id=\"caption4162\"><span class=\"imagecaption\">lenticulaire sur le Vercors<\/span><br \/>\n<\/figcaption><\/figure><figure class=\"gallery-item\">\n<div class=\"gallery-icon\">\r\n<a href=\"https:\/\/www.grelibre.net\/WP\/wp-content\/uploads\/2018\/11\/V_220918_005-1.jpg\" title=\"lenticulaire sur le Vercors\" rel=\"gallery1\"><img loading=\"lazy\" decoding=\"async\" src=\"http:\/\/www.grelibre.net\/WP\/wp-content\/plugins\/image-shadow\/cache\/d27fe1a81e430eef01c958270cdb3edf.jpg\" width=\"150\" height=\"59\" alt=\"lenticulaire sur le Vercors\" \/><\/a>\r\n<\/div><figcaption class=\"gallery-caption\" id=\"caption4163\"><span class=\"imagecaption\">lenticulaire sur le Vercors<\/span><br \/>\n<\/figcaption><\/figure><figure class=\"gallery-item\">\n<div class=\"gallery-icon\">\r\n<a href=\"https:\/\/www.grelibre.net\/WP\/wp-content\/uploads\/2018\/11\/V_230918_003.jpg\" title=\"lenticulaire sur Belledonne\" rel=\"gallery1\"><img loading=\"lazy\" decoding=\"async\" src=\"http:\/\/www.grelibre.net\/WP\/wp-content\/plugins\/image-shadow\/cache\/5adc6cad85225c19b020ecaf3b89a71c.jpg\" width=\"150\" height=\"62\" alt=\"lenticulaire sur Belledonne\" \/><\/a>\r\n<\/div><figcaption class=\"gallery-caption\" id=\"caption4164\"><span class=\"imagecaption\">lenticulaire sur Belledonne<\/span><br \/>\n<\/figcaption><\/figure><figure class=\"gallery-item\">\n<div class=\"gallery-icon\">\r\n<a href=\"https:\/\/www.grelibre.net\/WP\/wp-content\/uploads\/2018\/11\/V_230918_012.jpg\" title=\"lenticulaire sur Belledonne\" rel=\"gallery1\"><img loading=\"lazy\" decoding=\"async\" src=\"http:\/\/www.grelibre.net\/WP\/wp-content\/plugins\/image-shadow\/cache\/78c8419fbcdf27c9ed6ec0a7e29ca228.jpg\" width=\"150\" height=\"73\" alt=\"lenticulaire sur Belledonne\" \/><\/a>\r\n<\/div><figcaption class=\"gallery-caption\" id=\"caption4165\"><span class=\"imagecaption\">lenticulaire sur Belledonne<\/span><br \/>\n<\/figcaption><\/figure><figure class=\"gallery-item\">\n<div class=\"gallery-icon\">\r\n<a href=\"https:\/\/www.grelibre.net\/WP\/wp-content\/uploads\/2018\/11\/V_231017_001.jpg\" title=\"lenticulaire sur l&#039;Obiou\" rel=\"gallery1\"><img loading=\"lazy\" decoding=\"async\" src=\"http:\/\/www.grelibre.net\/WP\/wp-content\/plugins\/image-shadow\/cache\/ae209da1dcab82e7571abd8342189764.jpg\" width=\"150\" height=\"65\" alt=\"lenticulaire sur l&#039;Obiou\" \/><\/a>\r\n<\/div><figcaption class=\"gallery-caption\" id=\"caption4166\"><span class=\"imagecaption\">lenticulaire sur l'Obiou<\/span><br \/>\n<\/figcaption><\/figure><figure class=\"gallery-item\">\n<div class=\"gallery-icon\">\r\n<a href=\"https:\/\/www.grelibre.net\/WP\/wp-content\/uploads\/2018\/11\/V_300918_001.jpg\" title=\"Mammatus\" rel=\"gallery1\"><img loading=\"lazy\" decoding=\"async\" src=\"http:\/\/www.grelibre.net\/WP\/wp-content\/plugins\/image-shadow\/cache\/3c10e567f70d537865b3a510ae704315.jpg\" width=\"150\" height=\"100\" alt=\"Mammatus\" \/><\/a>\r\n<\/div><figcaption class=\"gallery-caption\" id=\"caption4167\"><span class=\"imagecaption\">Mammatus<\/span><br \/>\n<\/figcaption><\/figure>\r\n\t\t<\/div>\n\n","protected":false},"excerpt":{"rendered":"","protected":false},"author":2,"featured_media":0,"parent":3916,"menu_order":0,"comment_status":"closed","ping_status":"closed","template":"","meta":{"footnotes":""},"class_list":["post-4143","page","type-page","status-publish","hentry","entry"],"yoast_head":"<!-- This site is optimized with the Yoast SEO plugin v27.5 - https:\/\/yoast.com\/product\/yoast-seo-wordpress\/ -->\n<title>nuages | Grelibre.net<\/title>\n<meta name=\"robots\" content=\"index, follow, max-snippet:-1, max-image-preview:large, max-video-preview:-1\" \/>\n<link rel=\"canonical\" href=\"https:\/\/www.grelibre.net\/WP\/albums\/phenomene\/nuages\/\" \/>\n<meta property=\"og:locale\" content=\"fr_FR\" \/>\n<meta property=\"og:type\" content=\"article\" \/>\n<meta property=\"og:title\" content=\"nuages | Grelibre.net\" \/>\n<meta property=\"og:url\" content=\"https:\/\/www.grelibre.net\/WP\/albums\/phenomene\/nuages\/\" \/>\n<meta property=\"og:site_name\" content=\"Grelibre.net\" \/>\n<meta property=\"article:publisher\" content=\"https:\/\/www.facebook.com\/pages\/Grelibre\/127788767248442\" \/>\n<meta property=\"article:modified_time\" content=\"2018-11-29T09:36:38+00:00\" \/>\n<meta property=\"og:image\" content=\"https:\/\/www.grelibre.net\/WP\/wp-content\/uploads\/2018\/11\/Ch_040117_003-150x100.jpg\" \/>\n<script type=\"application\/ld+json\" class=\"yoast-schema-graph\">{\"@context\":\"https:\\\/\\\/schema.org\",\"@graph\":[{\"@type\":\"WebPage\",\"@id\":\"https:\\\/\\\/www.grelibre.net\\\/WP\\\/albums\\\/phenomene\\\/nuages\\\/\",\"url\":\"https:\\\/\\\/www.grelibre.net\\\/WP\\\/albums\\\/phenomene\\\/nuages\\\/\",\"name\":\"nuages | Grelibre.net\",\"isPartOf\":{\"@id\":\"https:\\\/\\\/www.grelibre.net\\\/WP\\\/#website\"},\"datePublished\":\"2018-11-29T09:36:01+00:00\",\"dateModified\":\"2018-11-29T09:36:38+00:00\",\"breadcrumb\":{\"@id\":\"https:\\\/\\\/www.grelibre.net\\\/WP\\\/albums\\\/phenomene\\\/nuages\\\/#breadcrumb\"},\"inLanguage\":\"fr-FR\",\"potentialAction\":[{\"@type\":\"ReadAction\",\"target\":[\"https:\\\/\\\/www.grelibre.net\\\/WP\\\/albums\\\/phenomene\\\/nuages\\\/\"]}]},{\"@type\":\"BreadcrumbList\",\"@id\":\"https:\\\/\\\/www.grelibre.net\\\/WP\\\/albums\\\/phenomene\\\/nuages\\\/#breadcrumb\",\"itemListElement\":[{\"@type\":\"ListItem\",\"position\":1,\"name\":\"Albums\",\"item\":\"https:\\\/\\\/www.grelibre.net\\\/WP\\\/albums\\\/\"},{\"@type\":\"ListItem\",\"position\":2,\"name\":\"ph\u00e9nom\u00e8ne m\u00e9t\u00e9o\",\"item\":\"https:\\\/\\\/www.grelibre.net\\\/WP\\\/albums\\\/phenomene\\\/\"},{\"@type\":\"ListItem\",\"position\":3,\"name\":\"nuages\"}]},{\"@type\":\"WebSite\",\"@id\":\"https:\\\/\\\/www.grelibre.net\\\/WP\\\/#website\",\"url\":\"https:\\\/\\\/www.grelibre.net\\\/WP\\\/\",\"name\":\"Grelibre.net\",\"description\":\"la Montagne dans tous ses \u00e9tats\",\"potentialAction\":[{\"@type\":\"SearchAction\",\"target\":{\"@type\":\"EntryPoint\",\"urlTemplate\":\"https:\\\/\\\/www.grelibre.net\\\/WP\\\/?s={search_term_string}\"},\"query-input\":{\"@type\":\"PropertyValueSpecification\",\"valueRequired\":true,\"valueName\":\"search_term_string\"}}],\"inLanguage\":\"fr-FR\"}]}<\/script>\n<!-- \/ Yoast SEO plugin. -->","yoast_head_json":{"title":"nuages | Grelibre.net","robots":{"index":"index","follow":"follow","max-snippet":"max-snippet:-1","max-image-preview":"max-image-preview:large","max-video-preview":"max-video-preview:-1"},"canonical":"https:\/\/www.grelibre.net\/WP\/albums\/phenomene\/nuages\/","og_locale":"fr_FR","og_type":"article","og_title":"nuages | Grelibre.net","og_url":"https:\/\/www.grelibre.net\/WP\/albums\/phenomene\/nuages\/","og_site_name":"Grelibre.net","article_publisher":"https:\/\/www.facebook.com\/pages\/Grelibre\/127788767248442","article_modified_time":"2018-11-29T09:36:38+00:00","og_image":[{"url":"https:\/\/www.grelibre.net\/WP\/wp-content\/uploads\/2018\/11\/Ch_040117_003-150x100.jpg","type":"","width":"","height":""}],"schema":{"@context":"https:\/\/schema.org","@graph":[{"@type":"WebPage","@id":"https:\/\/www.grelibre.net\/WP\/albums\/phenomene\/nuages\/","url":"https:\/\/www.grelibre.net\/WP\/albums\/phenomene\/nuages\/","name":"nuages | Grelibre.net","isPartOf":{"@id":"https:\/\/www.grelibre.net\/WP\/#website"},"datePublished":"2018-11-29T09:36:01+00:00","dateModified":"2018-11-29T09:36:38+00:00","breadcrumb":{"@id":"https:\/\/www.grelibre.net\/WP\/albums\/phenomene\/nuages\/#breadcrumb"},"inLanguage":"fr-FR","potentialAction":[{"@type":"ReadAction","target":["https:\/\/www.grelibre.net\/WP\/albums\/phenomene\/nuages\/"]}]},{"@type":"BreadcrumbList","@id":"https:\/\/www.grelibre.net\/WP\/albums\/phenomene\/nuages\/#breadcrumb","itemListElement":[{"@type":"ListItem","position":1,"name":"Albums","item":"https:\/\/www.grelibre.net\/WP\/albums\/"},{"@type":"ListItem","position":2,"name":"ph\u00e9nom\u00e8ne m\u00e9t\u00e9o","item":"https:\/\/www.grelibre.net\/WP\/albums\/phenomene\/"},{"@type":"ListItem","position":3,"name":"nuages"}]},{"@type":"WebSite","@id":"https:\/\/www.grelibre.net\/WP\/#website","url":"https:\/\/www.grelibre.net\/WP\/","name":"Grelibre.net","description":"la Montagne dans tous ses \u00e9tats","potentialAction":[{"@type":"SearchAction","target":{"@type":"EntryPoint","urlTemplate":"https:\/\/www.grelibre.net\/WP\/?s={search_term_string}"},"query-input":{"@type":"PropertyValueSpecification","valueRequired":true,"valueName":"search_term_string"}}],"inLanguage":"fr-FR"}]}},"_links":{"self":[{"href":"https:\/\/www.grelibre.net\/WP\/wp-json\/wp\/v2\/pages\/4143","targetHints":{"allow":["GET"]}}],"collection":[{"href":"https:\/\/www.grelibre.net\/WP\/wp-json\/wp\/v2\/pages"}],"about":[{"href":"https:\/\/www.grelibre.net\/WP\/wp-json\/wp\/v2\/types\/page"}],"author":[{"embeddable":true,"href":"https:\/\/www.grelibre.net\/WP\/wp-json\/wp\/v2\/users\/2"}],"replies":[{"embeddable":true,"href":"https:\/\/www.grelibre.net\/WP\/wp-json\/wp\/v2\/comments?post=4143"}],"version-history":[{"count":1,"href":"https:\/\/www.grelibre.net\/WP\/wp-json\/wp\/v2\/pages\/4143\/revisions"}],"predecessor-version":[{"id":4168,"href":"https:\/\/www.grelibre.net\/WP\/wp-json\/wp\/v2\/pages\/4143\/revisions\/4168"}],"up":[{"embeddable":true,"href":"https:\/\/www.grelibre.net\/WP\/wp-json\/wp\/v2\/pages\/3916"}],"wp:attachment":[{"href":"https:\/\/www.grelibre.net\/WP\/wp-json\/wp\/v2\/media?parent=4143"}],"curies":[{"name":"wp","href":"https:\/\/api.w.org\/{rel}","templated":true}]}}