{"id":4129,"date":"2018-11-29T09:32:15","date_gmt":"2018-11-29T09:32:15","guid":{"rendered":"http:\/\/www.grelibre.net\/WP\/?page_id=4129"},"modified":"2018-11-29T09:32:15","modified_gmt":"2018-11-29T09:32:15","slug":"lune","status":"publish","type":"page","link":"https:\/\/www.grelibre.net\/WP\/albums\/phenomene\/lune\/","title":{"rendered":"Lune"},"content":{"rendered":"\n\t\t<div id='gallery-1' class='gallery galleryid-4129 gallery-columns-4 gallery-size-thumbnail gallery1'><script type=\"text\/javascript\">\r\n\/\/ <![CDATA[\r\n\tjQuery(document).ready(function () {\r\n\t\tjQuery(\".gallery1 a\").attr(\"rel\",\"gallery1\");\t\r\n\t\tjQuery('a[rel=\"gallery1\"]').colorbox({maxWidth:\"95%\", maxHeight:\"95%\",title: function(){ return jQuery(this).children().attr(\"alt\"); }, });\r\n\t});\r\n\/\/ ]]>\r\n<\/script>\n<figure class=\"gallery-item\">\n<div class=\"gallery-icon\">\r\n<a href=\"https:\/\/www.grelibre.net\/WP\/wp-content\/uploads\/2018\/11\/BD_280915_002.jpg\" title=\"Eclipse de lune \u00e0 Chamrousse\" rel=\"gallery1\"><img loading=\"lazy\" decoding=\"async\" src=\"http:\/\/www.grelibre.net\/WP\/wp-content\/plugins\/image-shadow\/cache\/210a72556863071cfc2544dd64333999.jpg\" width=\"100\" height=\"150\" alt=\"Eclipse de lune \u00e0 Chamrousse\" \/><\/a>\r\n<\/div><figcaption class=\"gallery-caption\" id=\"caption4130\"><span class=\"imagecaption\">Eclipse de lune \u00e0 Chamrousse<\/span><br \/>\n<\/figcaption><\/figure><figure class=\"gallery-item\">\n<div class=\"gallery-icon\">\r\n<a href=\"https:\/\/www.grelibre.net\/WP\/wp-content\/uploads\/2018\/11\/BD_280915_003.jpg\" title=\"Eclipse de lune \u00e0 Chamrousse\" rel=\"gallery1\"><img loading=\"lazy\" decoding=\"async\" src=\"http:\/\/www.grelibre.net\/WP\/wp-content\/plugins\/image-shadow\/cache\/634ee640ed999daa8eeb5af46a31fa16.jpg\" width=\"150\" height=\"100\" alt=\"Eclipse de lune \u00e0 Chamrousse\" \/><\/a>\r\n<\/div><figcaption class=\"gallery-caption\" id=\"caption4131\"><span class=\"imagecaption\">Eclipse de lune \u00e0 Chamrousse<\/span><br \/>\n<\/figcaption><\/figure><figure class=\"gallery-item\">\n<div class=\"gallery-icon\">\r\n<a href=\"https:\/\/www.grelibre.net\/WP\/wp-content\/uploads\/2018\/11\/BD_280915_005.jpg\" title=\"\" rel=\"gallery1\"><img loading=\"lazy\" decoding=\"async\" src=\"http:\/\/www.grelibre.net\/WP\/wp-content\/plugins\/image-shadow\/cache\/0d80b7c711e457e2df85a5ac7bef645d.jpg\" width=\"150\" height=\"80\" alt=\"\" \/><\/a>\r\n<\/div><\/figure><figure class=\"gallery-item\">\n<div class=\"gallery-icon\">\r\n<a href=\"https:\/\/www.grelibre.net\/WP\/wp-content\/uploads\/2018\/11\/BD_280915_008.jpg\" title=\"Eclipse de lune \u00e0 Chamrousse\" rel=\"gallery1\"><img loading=\"lazy\" decoding=\"async\" src=\"http:\/\/www.grelibre.net\/WP\/wp-content\/plugins\/image-shadow\/cache\/356fdefcba2ed9eea7a59e626d22d212.jpg\" width=\"150\" height=\"100\" alt=\"Eclipse de lune \u00e0 Chamrousse\" \/><\/a>\r\n<\/div><figcaption class=\"gallery-caption\" id=\"caption4133\"><span class=\"imagecaption\">Eclipse de lune \u00e0 Chamrousse<\/span><br \/>\n<\/figcaption><\/figure><figure class=\"gallery-item\">\n<div class=\"gallery-icon\">\r\n<a href=\"https:\/\/www.grelibre.net\/WP\/wp-content\/uploads\/2018\/11\/BD_280915_009.jpg\" title=\"Eclipse de lune \u00e0 Chamrousse\" rel=\"gallery1\"><img loading=\"lazy\" decoding=\"async\" src=\"http:\/\/www.grelibre.net\/WP\/wp-content\/plugins\/image-shadow\/cache\/606c2204ae041b9e4c518271f47deb27.jpg\" width=\"150\" height=\"100\" alt=\"Eclipse de lune \u00e0 Chamrousse\" \/><\/a>\r\n<\/div><figcaption class=\"gallery-caption\" id=\"caption4134\"><span class=\"imagecaption\">Eclipse de lune \u00e0 Chamrousse<\/span><br \/>\n<\/figcaption><\/figure><figure class=\"gallery-item\">\n<div class=\"gallery-icon\">\r\n<a href=\"https:\/\/www.grelibre.net\/WP\/wp-content\/uploads\/2018\/11\/BD_280915_010.jpg\" title=\"Eclipse de lune \u00e0 Chamrousse\" rel=\"gallery1\"><img loading=\"lazy\" decoding=\"async\" src=\"http:\/\/www.grelibre.net\/WP\/wp-content\/plugins\/image-shadow\/cache\/ef5594c794e5ee4b89301e3e26b6bfae.jpg\" width=\"150\" height=\"100\" alt=\"Eclipse de lune \u00e0 Chamrousse\" \/><\/a>\r\n<\/div><figcaption class=\"gallery-caption\" id=\"caption4135\"><span class=\"imagecaption\">Eclipse de lune \u00e0 Chamrousse<\/span><br \/>\n<\/figcaption><\/figure><figure class=\"gallery-item\">\n<div class=\"gallery-icon\">\r\n<a href=\"https:\/\/www.grelibre.net\/WP\/wp-content\/uploads\/2018\/11\/Ch_200516_021.jpg\" title=\"coucher de lune\" rel=\"gallery1\"><img loading=\"lazy\" decoding=\"async\" src=\"http:\/\/www.grelibre.net\/WP\/wp-content\/plugins\/image-shadow\/cache\/2f6f3e59dcafc9d930b2fe11d169a45f.jpg\" width=\"150\" height=\"78\" alt=\"coucher de lune\" \/><\/a>\r\n<\/div><figcaption class=\"gallery-caption\" id=\"caption4136\"><span class=\"imagecaption\">coucher de lune<\/span><br \/>\n<\/figcaption><\/figure><figure class=\"gallery-item\">\n<div class=\"gallery-icon\">\r\n<a href=\"https:\/\/www.grelibre.net\/WP\/wp-content\/uploads\/2018\/11\/Pyr\u00e9n\u00e9es_270718_001.jpg\" title=\"Eclipse de Lune et Mars\" rel=\"gallery1\"><img loading=\"lazy\" decoding=\"async\" src=\"http:\/\/www.grelibre.net\/WP\/wp-content\/plugins\/image-shadow\/cache\/6fc4da3cd285ba8391f12ff1bf897d0f.jpg\" width=\"100\" height=\"150\" alt=\"Eclipse de Lune et Mars\" \/><\/a>\r\n<\/div><figcaption class=\"gallery-caption\" id=\"caption4137\"><span class=\"imagecaption\">Eclipse de Lune et Mars<\/span><br \/>\n<\/figcaption><\/figure><figure class=\"gallery-item\">\n<div class=\"gallery-icon\">\r\n<a href=\"https:\/\/www.grelibre.net\/WP\/wp-content\/uploads\/2018\/11\/Pyr\u00e9n\u00e9es_270718_010.jpg\" title=\"Eclipse de Lune\" rel=\"gallery1\"><img loading=\"lazy\" decoding=\"async\" src=\"http:\/\/www.grelibre.net\/WP\/wp-content\/plugins\/image-shadow\/cache\/221d99976d5ee127af9db81c67d7ac6e.jpg\" width=\"100\" height=\"150\" alt=\"Eclipse de Lune\" \/><\/a>\r\n<\/div><figcaption class=\"gallery-caption\" id=\"caption4138\"><span class=\"imagecaption\">Eclipse de Lune<\/span><br \/>\n<\/figcaption><\/figure><figure class=\"gallery-item\">\n<div class=\"gallery-icon\">\r\n<a href=\"https:\/\/www.grelibre.net\/WP\/wp-content\/uploads\/2018\/11\/V_030115_001.jpg\" title=\"Pleine lune depuis la Peyrouse\" rel=\"gallery1\"><img loading=\"lazy\" decoding=\"async\" src=\"http:\/\/www.grelibre.net\/WP\/wp-content\/plugins\/image-shadow\/cache\/b3bece6bee4c77bccd0216cf52e93fdf.jpg\" width=\"150\" height=\"82\" alt=\"Pleine lune depuis la Peyrouse\" \/><\/a>\r\n<\/div><figcaption class=\"gallery-caption\" id=\"caption4139\"><span class=\"imagecaption\">Pleine lune depuis la Peyrouse<\/span><br \/>\n<\/figcaption><\/figure><figure class=\"gallery-item\">\n<div class=\"gallery-icon\">\r\n<a href=\"https:\/\/www.grelibre.net\/WP\/wp-content\/uploads\/2018\/11\/V_100217_007.jpg\" title=\"Pleine lune depuis le Moucherotte\" rel=\"gallery1\"><img loading=\"lazy\" decoding=\"async\" src=\"http:\/\/www.grelibre.net\/WP\/wp-content\/plugins\/image-shadow\/cache\/47a4fd2cd799b5677984e68204235465.jpg\" width=\"150\" height=\"83\" alt=\"Pleine lune depuis le Moucherotte\" \/><\/a>\r\n<\/div><figcaption class=\"gallery-caption\" id=\"caption4140\"><span class=\"imagecaption\">Pleine lune depuis le Moucherotte<\/span><br \/>\n<\/figcaption><\/figure><figure class=\"gallery-item\">\n<div class=\"gallery-icon\">\r\n<a href=\"https:\/\/www.grelibre.net\/WP\/wp-content\/uploads\/2018\/11\/V_100217_016.jpg\" title=\"Pleine lune depuis le Moucherotte\" rel=\"gallery1\"><img loading=\"lazy\" decoding=\"async\" src=\"http:\/\/www.grelibre.net\/WP\/wp-content\/plugins\/image-shadow\/cache\/240bc69caad75533aee37e97cc7f4ce4.jpg\" width=\"150\" height=\"100\" alt=\"Pleine lune depuis le Moucherotte\" \/><\/a>\r\n<\/div><figcaption class=\"gallery-caption\" id=\"caption4141\"><span class=\"imagecaption\">Pleine lune depuis le Moucherotte<\/span><br \/>\n<\/figcaption><\/figure>\r\n\t\t<\/div>\n\n","protected":false},"excerpt":{"rendered":"","protected":false},"author":2,"featured_media":0,"parent":3916,"menu_order":0,"comment_status":"closed","ping_status":"closed","template":"","meta":{"footnotes":""},"class_list":["post-4129","page","type-page","status-publish","hentry","entry"],"yoast_head":"<!-- This site is optimized with the Yoast SEO plugin v27.4 - https:\/\/yoast.com\/product\/yoast-seo-wordpress\/ -->\n<title>Lune | Grelibre.net<\/title>\n<meta name=\"robots\" content=\"index, follow, max-snippet:-1, max-image-preview:large, max-video-preview:-1\" \/>\n<link rel=\"canonical\" href=\"https:\/\/www.grelibre.net\/WP\/albums\/phenomene\/lune\/\" \/>\n<meta property=\"og:locale\" content=\"fr_FR\" \/>\n<meta property=\"og:type\" content=\"article\" \/>\n<meta property=\"og:title\" content=\"Lune | Grelibre.net\" \/>\n<meta property=\"og:url\" content=\"https:\/\/www.grelibre.net\/WP\/albums\/phenomene\/lune\/\" \/>\n<meta property=\"og:site_name\" content=\"Grelibre.net\" \/>\n<meta property=\"article:publisher\" content=\"https:\/\/www.facebook.com\/pages\/Grelibre\/127788767248442\" \/>\n<meta property=\"og:image\" content=\"https:\/\/www.grelibre.net\/WP\/wp-content\/uploads\/2018\/11\/BD_280915_002-100x150.jpg\" \/>\n<script type=\"application\/ld+json\" class=\"yoast-schema-graph\">{\"@context\":\"https:\\\/\\\/schema.org\",\"@graph\":[{\"@type\":\"WebPage\",\"@id\":\"https:\\\/\\\/www.grelibre.net\\\/WP\\\/albums\\\/phenomene\\\/lune\\\/\",\"url\":\"https:\\\/\\\/www.grelibre.net\\\/WP\\\/albums\\\/phenomene\\\/lune\\\/\",\"name\":\"Lune | Grelibre.net\",\"isPartOf\":{\"@id\":\"https:\\\/\\\/www.grelibre.net\\\/WP\\\/#website\"},\"datePublished\":\"2018-11-29T09:32:15+00:00\",\"breadcrumb\":{\"@id\":\"https:\\\/\\\/www.grelibre.net\\\/WP\\\/albums\\\/phenomene\\\/lune\\\/#breadcrumb\"},\"inLanguage\":\"fr-FR\",\"potentialAction\":[{\"@type\":\"ReadAction\",\"target\":[\"https:\\\/\\\/www.grelibre.net\\\/WP\\\/albums\\\/phenomene\\\/lune\\\/\"]}]},{\"@type\":\"BreadcrumbList\",\"@id\":\"https:\\\/\\\/www.grelibre.net\\\/WP\\\/albums\\\/phenomene\\\/lune\\\/#breadcrumb\",\"itemListElement\":[{\"@type\":\"ListItem\",\"position\":1,\"name\":\"Albums\",\"item\":\"https:\\\/\\\/www.grelibre.net\\\/WP\\\/albums\\\/\"},{\"@type\":\"ListItem\",\"position\":2,\"name\":\"ph\u00e9nom\u00e8ne m\u00e9t\u00e9o\",\"item\":\"https:\\\/\\\/www.grelibre.net\\\/WP\\\/albums\\\/phenomene\\\/\"},{\"@type\":\"ListItem\",\"position\":3,\"name\":\"Lune\"}]},{\"@type\":\"WebSite\",\"@id\":\"https:\\\/\\\/www.grelibre.net\\\/WP\\\/#website\",\"url\":\"https:\\\/\\\/www.grelibre.net\\\/WP\\\/\",\"name\":\"Grelibre.net\",\"description\":\"la Montagne dans tous ses \u00e9tats\",\"potentialAction\":[{\"@type\":\"SearchAction\",\"target\":{\"@type\":\"EntryPoint\",\"urlTemplate\":\"https:\\\/\\\/www.grelibre.net\\\/WP\\\/?s={search_term_string}\"},\"query-input\":{\"@type\":\"PropertyValueSpecification\",\"valueRequired\":true,\"valueName\":\"search_term_string\"}}],\"inLanguage\":\"fr-FR\"}]}<\/script>\n<!-- \/ Yoast SEO plugin. -->","yoast_head_json":{"title":"Lune | Grelibre.net","robots":{"index":"index","follow":"follow","max-snippet":"max-snippet:-1","max-image-preview":"max-image-preview:large","max-video-preview":"max-video-preview:-1"},"canonical":"https:\/\/www.grelibre.net\/WP\/albums\/phenomene\/lune\/","og_locale":"fr_FR","og_type":"article","og_title":"Lune | Grelibre.net","og_url":"https:\/\/www.grelibre.net\/WP\/albums\/phenomene\/lune\/","og_site_name":"Grelibre.net","article_publisher":"https:\/\/www.facebook.com\/pages\/Grelibre\/127788767248442","og_image":[{"url":"https:\/\/www.grelibre.net\/WP\/wp-content\/uploads\/2018\/11\/BD_280915_002-100x150.jpg","type":"","width":"","height":""}],"schema":{"@context":"https:\/\/schema.org","@graph":[{"@type":"WebPage","@id":"https:\/\/www.grelibre.net\/WP\/albums\/phenomene\/lune\/","url":"https:\/\/www.grelibre.net\/WP\/albums\/phenomene\/lune\/","name":"Lune | Grelibre.net","isPartOf":{"@id":"https:\/\/www.grelibre.net\/WP\/#website"},"datePublished":"2018-11-29T09:32:15+00:00","breadcrumb":{"@id":"https:\/\/www.grelibre.net\/WP\/albums\/phenomene\/lune\/#breadcrumb"},"inLanguage":"fr-FR","potentialAction":[{"@type":"ReadAction","target":["https:\/\/www.grelibre.net\/WP\/albums\/phenomene\/lune\/"]}]},{"@type":"BreadcrumbList","@id":"https:\/\/www.grelibre.net\/WP\/albums\/phenomene\/lune\/#breadcrumb","itemListElement":[{"@type":"ListItem","position":1,"name":"Albums","item":"https:\/\/www.grelibre.net\/WP\/albums\/"},{"@type":"ListItem","position":2,"name":"ph\u00e9nom\u00e8ne m\u00e9t\u00e9o","item":"https:\/\/www.grelibre.net\/WP\/albums\/phenomene\/"},{"@type":"ListItem","position":3,"name":"Lune"}]},{"@type":"WebSite","@id":"https:\/\/www.grelibre.net\/WP\/#website","url":"https:\/\/www.grelibre.net\/WP\/","name":"Grelibre.net","description":"la Montagne dans tous ses \u00e9tats","potentialAction":[{"@type":"SearchAction","target":{"@type":"EntryPoint","urlTemplate":"https:\/\/www.grelibre.net\/WP\/?s={search_term_string}"},"query-input":{"@type":"PropertyValueSpecification","valueRequired":true,"valueName":"search_term_string"}}],"inLanguage":"fr-FR"}]}},"_links":{"self":[{"href":"https:\/\/www.grelibre.net\/WP\/wp-json\/wp\/v2\/pages\/4129","targetHints":{"allow":["GET"]}}],"collection":[{"href":"https:\/\/www.grelibre.net\/WP\/wp-json\/wp\/v2\/pages"}],"about":[{"href":"https:\/\/www.grelibre.net\/WP\/wp-json\/wp\/v2\/types\/page"}],"author":[{"embeddable":true,"href":"https:\/\/www.grelibre.net\/WP\/wp-json\/wp\/v2\/users\/2"}],"replies":[{"embeddable":true,"href":"https:\/\/www.grelibre.net\/WP\/wp-json\/wp\/v2\/comments?post=4129"}],"version-history":[{"count":1,"href":"https:\/\/www.grelibre.net\/WP\/wp-json\/wp\/v2\/pages\/4129\/revisions"}],"predecessor-version":[{"id":4142,"href":"https:\/\/www.grelibre.net\/WP\/wp-json\/wp\/v2\/pages\/4129\/revisions\/4142"}],"up":[{"embeddable":true,"href":"https:\/\/www.grelibre.net\/WP\/wp-json\/wp\/v2\/pages\/3916"}],"wp:attachment":[{"href":"https:\/\/www.grelibre.net\/WP\/wp-json\/wp\/v2\/media?parent=4129"}],"curies":[{"name":"wp","href":"https:\/\/api.w.org\/{rel}","templated":true}]}}