{"id":3993,"date":"2018-11-25T11:07:32","date_gmt":"2018-11-25T11:07:32","guid":{"rendered":"http:\/\/www.grelibre.net\/WP\/?page_id=3993"},"modified":"2018-11-29T09:25:23","modified_gmt":"2018-11-29T09:25:23","slug":"mers-de-nuage","status":"publish","type":"page","link":"https:\/\/www.grelibre.net\/WP\/albums\/phenomene\/mers-de-nuage\/","title":{"rendered":"mers de nuage"},"content":{"rendered":"\n\t\t<div id='gallery-1' class='gallery galleryid-3993 gallery-columns-4 gallery-size-thumbnail gallery1'><script type=\"text\/javascript\">\r\n\/\/ <![CDATA[\r\n\tjQuery(document).ready(function () {\r\n\t\tjQuery(\".gallery1 a\").attr(\"rel\",\"gallery1\");\t\r\n\t\tjQuery('a[rel=\"gallery1\"]').colorbox({maxWidth:\"95%\", maxHeight:\"95%\",title: function(){ return jQuery(this).children().attr(\"alt\"); }, });\r\n\t});\r\n\/\/ ]]>\r\n<\/script>\n<figure class=\"gallery-item\">\n<div class=\"gallery-icon\">\r\n<a href=\"https:\/\/www.grelibre.net\/WP\/wp-content\/uploads\/2018\/11\/BD_280915_004.jpg\" title=\"quelque part...\" rel=\"gallery1\"><img loading=\"lazy\" decoding=\"async\" src=\"http:\/\/www.grelibre.net\/WP\/wp-content\/plugins\/image-shadow\/cache\/4409c539600f70339e473a36d44f761c.jpg\" width=\"150\" height=\"100\" alt=\"quelque part...\" \/><\/a>\r\n<\/div><figcaption class=\"gallery-caption\" id=\"caption4104\"><span class=\"imagecaption\">quelque part...<\/span><br \/>\n<\/figcaption><\/figure><figure class=\"gallery-item\">\n<div class=\"gallery-icon\">\r\n<a href=\"https:\/\/www.grelibre.net\/WP\/wp-content\/uploads\/2018\/11\/Ch_200516_009.jpg\" title=\"Brumes\" rel=\"gallery1\"><img loading=\"lazy\" decoding=\"async\" src=\"http:\/\/www.grelibre.net\/WP\/wp-content\/plugins\/image-shadow\/cache\/5aff727b2cf91d47970d3227deac86b0.jpg\" width=\"150\" height=\"100\" alt=\"Brumes\" \/><\/a>\r\n<\/div><figcaption class=\"gallery-caption\" id=\"caption4105\"><span class=\"imagecaption\">Brumes<\/span><br \/>\n<\/figcaption><\/figure><figure class=\"gallery-item\">\n<div class=\"gallery-icon\">\r\n<a href=\"https:\/\/www.grelibre.net\/WP\/wp-content\/uploads\/2018\/11\/Ch_201206_001x.jpg\" title=\"Sommet de la Dent de Crolles\" rel=\"gallery1\"><img loading=\"lazy\" decoding=\"async\" src=\"http:\/\/www.grelibre.net\/WP\/wp-content\/plugins\/image-shadow\/cache\/c4fd09bd1560d57f996d1175a34d3b8c.jpg\" width=\"150\" height=\"100\" alt=\"Sommet de la Dent de Crolles\" \/><\/a>\r\n<\/div><figcaption class=\"gallery-caption\" id=\"caption4106\"><span class=\"imagecaption\">Sommet de la Dent de Crolles<\/span><br \/>\n<\/figcaption><\/figure><figure class=\"gallery-item\">\n<div class=\"gallery-icon\">\r\n<a href=\"https:\/\/www.grelibre.net\/WP\/wp-content\/uploads\/2018\/11\/Ch_201206_002x.jpg\" title=\"Chartreuse\" rel=\"gallery1\"><img loading=\"lazy\" decoding=\"async\" src=\"http:\/\/www.grelibre.net\/WP\/wp-content\/plugins\/image-shadow\/cache\/4d33c3e74102685e1f13ca037eafa543.jpg\" width=\"150\" height=\"100\" alt=\"Chartreuse\" \/><\/a>\r\n<\/div><figcaption class=\"gallery-caption\" id=\"caption4107\"><span class=\"imagecaption\">Chartreuse<\/span><br \/>\n<\/figcaption><\/figure><figure class=\"gallery-item\">\n<div class=\"gallery-icon\">\r\n<a href=\"https:\/\/www.grelibre.net\/WP\/wp-content\/uploads\/2018\/11\/Ch_201206_004x.jpg\" title=\"Bec Charvet\" rel=\"gallery1\"><img loading=\"lazy\" decoding=\"async\" src=\"http:\/\/www.grelibre.net\/WP\/wp-content\/plugins\/image-shadow\/cache\/4c7cdfc050d09757b078dfaba6d4019e.jpg\" width=\"150\" height=\"83\" alt=\"Bec Charvet\" \/><\/a>\r\n<\/div><figcaption class=\"gallery-caption\" id=\"caption4108\"><span class=\"imagecaption\">Bec Charvet<\/span><br \/>\n<\/figcaption><\/figure><figure class=\"gallery-item\">\n<div class=\"gallery-icon\">\r\n<a href=\"https:\/\/www.grelibre.net\/WP\/wp-content\/uploads\/2018\/11\/Ch_211015_001fb.jpg\" title=\"Mont Blanc\" rel=\"gallery1\"><img loading=\"lazy\" decoding=\"async\" src=\"http:\/\/www.grelibre.net\/WP\/wp-content\/plugins\/image-shadow\/cache\/f85aaece62901dfb90e9110c18679ce0.jpg\" width=\"150\" height=\"100\" alt=\"Mont Blanc\" \/><\/a>\r\n<\/div><figcaption class=\"gallery-caption\" id=\"caption4109\"><span class=\"imagecaption\">Mont Blanc<\/span><br \/>\n<\/figcaption><\/figure><figure class=\"gallery-item\">\n<div class=\"gallery-icon\">\r\n<a href=\"https:\/\/www.grelibre.net\/WP\/wp-content\/uploads\/2018\/11\/Ch_211015_002.jpg\" title=\"Rochers du Midi\" rel=\"gallery1\"><img loading=\"lazy\" decoding=\"async\" src=\"http:\/\/www.grelibre.net\/WP\/wp-content\/plugins\/image-shadow\/cache\/c58ec08f0f4e97367e68a0197bebc2a4.jpg\" width=\"150\" height=\"100\" alt=\"Rochers du Midi\" \/><\/a>\r\n<\/div><figcaption class=\"gallery-caption\" id=\"caption4110\"><span class=\"imagecaption\">Rochers du Midi<\/span><br \/>\n<\/figcaption><\/figure><figure class=\"gallery-item\">\n<div class=\"gallery-icon\">\r\n<a href=\"https:\/\/www.grelibre.net\/WP\/wp-content\/uploads\/2018\/11\/Ch_211015_003.jpg\" title=\"Rochers du Midi\" rel=\"gallery1\"><img loading=\"lazy\" decoding=\"async\" src=\"http:\/\/www.grelibre.net\/WP\/wp-content\/plugins\/image-shadow\/cache\/57e1fc8ec4f65f961d5e78f2a694abea.jpg\" width=\"150\" height=\"78\" alt=\"Rochers du Midi\" \/><\/a>\r\n<\/div><figcaption class=\"gallery-caption\" id=\"caption4111\"><span class=\"imagecaption\">Rochers du Midi<\/span><br \/>\n<\/figcaption><\/figure><figure class=\"gallery-item\">\n<div class=\"gallery-icon\">\r\n<a href=\"https:\/\/www.grelibre.net\/WP\/wp-content\/uploads\/2018\/11\/Ch_211015_006.jpg\" title=\"Rochers du Midi\" rel=\"gallery1\"><img loading=\"lazy\" decoding=\"async\" src=\"http:\/\/www.grelibre.net\/WP\/wp-content\/plugins\/image-shadow\/cache\/3d50b0b5d004bc911bb5985b51772403.jpg\" width=\"100\" height=\"150\" alt=\"Rochers du Midi\" \/><\/a>\r\n<\/div><figcaption class=\"gallery-caption\" id=\"caption4112\"><span class=\"imagecaption\">Rochers du Midi<\/span><br \/>\n<\/figcaption><\/figure><figure class=\"gallery-item\">\n<div class=\"gallery-icon\">\r\n<a href=\"https:\/\/www.grelibre.net\/WP\/wp-content\/uploads\/2018\/11\/Ch_241007_003x.jpg\" title=\"Bec Charvet\" rel=\"gallery1\"><img loading=\"lazy\" decoding=\"async\" src=\"http:\/\/www.grelibre.net\/WP\/wp-content\/plugins\/image-shadow\/cache\/22985ca978e75d78de788e8c53bb1f86.jpg\" width=\"150\" height=\"100\" alt=\"Bec Charvet\" \/><\/a>\r\n<\/div><figcaption class=\"gallery-caption\" id=\"caption4113\"><span class=\"imagecaption\">Bec Charvet<\/span><br \/>\n<\/figcaption><\/figure><figure class=\"gallery-item\">\n<div class=\"gallery-icon\">\r\n<a href=\"https:\/\/www.grelibre.net\/WP\/wp-content\/uploads\/2018\/11\/IMG_6048.jpg\" title=\"Chamechaude\" rel=\"gallery1\"><img loading=\"lazy\" decoding=\"async\" src=\"http:\/\/www.grelibre.net\/WP\/wp-content\/plugins\/image-shadow\/cache\/c4c9e8e1d6c97352c69cae028cd45d75.jpg\" width=\"150\" height=\"100\" alt=\"Chamechaude\" \/><\/a>\r\n<\/div><figcaption class=\"gallery-caption\" id=\"caption4114\"><span class=\"imagecaption\">Chamechaude<\/span><br \/>\n<\/figcaption><\/figure><figure class=\"gallery-item\">\n<div class=\"gallery-icon\">\r\n<a href=\"https:\/\/www.grelibre.net\/WP\/wp-content\/uploads\/2018\/11\/IMG_6266.jpg\" title=\"Le Vercors\" rel=\"gallery1\"><img loading=\"lazy\" decoding=\"async\" src=\"http:\/\/www.grelibre.net\/WP\/wp-content\/plugins\/image-shadow\/cache\/e316a4ee6528f24bfd80489da0060d11.jpg\" width=\"150\" height=\"100\" alt=\"Le Vercors\" \/><\/a>\r\n<\/div><figcaption class=\"gallery-caption\" id=\"caption4115\"><span class=\"imagecaption\">Le Vercors<\/span><br \/>\n<\/figcaption><\/figure><figure class=\"gallery-item\">\n<div class=\"gallery-icon\">\r\n<a href=\"https:\/\/www.grelibre.net\/WP\/wp-content\/uploads\/2018\/11\/V_070117_003.jpg\" title=\"Les Sultanes\" rel=\"gallery1\"><img loading=\"lazy\" decoding=\"async\" src=\"http:\/\/www.grelibre.net\/WP\/wp-content\/plugins\/image-shadow\/cache\/1f3b01412634ac25b5dded4491fb1323.jpg\" width=\"150\" height=\"100\" alt=\"Les Sultanes\" \/><\/a>\r\n<\/div><figcaption class=\"gallery-caption\" id=\"caption4116\"><span class=\"imagecaption\">Les Sultanes<\/span><br \/>\n<\/figcaption><\/figure><figure class=\"gallery-item\">\n<div class=\"gallery-icon\">\r\n<a href=\"https:\/\/www.grelibre.net\/WP\/wp-content\/uploads\/2018\/11\/V_071217_002.jpg\" title=\"Sur les hauteurs de Varces\" rel=\"gallery1\"><img loading=\"lazy\" decoding=\"async\" src=\"http:\/\/www.grelibre.net\/WP\/wp-content\/plugins\/image-shadow\/cache\/66b9ba7304b3f652b5893314e8968668.jpg\" width=\"150\" height=\"66\" alt=\"Sur les hauteurs de Varces\" \/><\/a>\r\n<\/div><figcaption class=\"gallery-caption\" id=\"caption4117\"><span class=\"imagecaption\">Sur les hauteurs de Varces<\/span><br \/>\n<\/figcaption><\/figure><figure class=\"gallery-item\">\n<div class=\"gallery-icon\">\r\n<a href=\"https:\/\/www.grelibre.net\/WP\/wp-content\/uploads\/2018\/11\/V_180215_001.jpg\" title=\"Cr\u00eates de la Moli\u00e8re\" rel=\"gallery1\"><img loading=\"lazy\" decoding=\"async\" src=\"http:\/\/www.grelibre.net\/WP\/wp-content\/plugins\/image-shadow\/cache\/89243684064bcd7c359a08c6f87e6753.jpg\" width=\"100\" height=\"150\" alt=\"Cr\u00eates de la Moli\u00e8re\" \/><\/a>\r\n<\/div><figcaption class=\"gallery-caption\" id=\"caption4118\"><span class=\"imagecaption\">Cr\u00eates de la Moli\u00e8re<\/span><br \/>\n<\/figcaption><\/figure><figure class=\"gallery-item\">\n<div class=\"gallery-icon\">\r\n<a href=\"https:\/\/www.grelibre.net\/WP\/wp-content\/uploads\/2018\/11\/V_180215_005.jpg\" title=\"Cr\u00eates de la Moli\u00e8re\" rel=\"gallery1\"><img loading=\"lazy\" decoding=\"async\" src=\"http:\/\/www.grelibre.net\/WP\/wp-content\/plugins\/image-shadow\/cache\/8b2ff0b7e72d77d1ba1fa178d6d2ad54.jpg\" width=\"150\" height=\"59\" alt=\"Cr\u00eates de la Moli\u00e8re\" \/><\/a>\r\n<\/div><figcaption class=\"gallery-caption\" id=\"caption4119\"><span class=\"imagecaption\">Cr\u00eates de la Moli\u00e8re<\/span><br \/>\n<\/figcaption><\/figure><figure class=\"gallery-item\">\n<div class=\"gallery-icon\">\r\n<a href=\"https:\/\/www.grelibre.net\/WP\/wp-content\/uploads\/2018\/11\/V_180215_007.jpg\" title=\"Cr\u00eates de la Moli\u00e8re\" rel=\"gallery1\"><img loading=\"lazy\" decoding=\"async\" src=\"http:\/\/www.grelibre.net\/WP\/wp-content\/plugins\/image-shadow\/cache\/0813bdfe1df92dd9bf2fcba9ba7e17e0.jpg\" width=\"150\" height=\"60\" alt=\"Cr\u00eates de la Moli\u00e8re\" \/><\/a>\r\n<\/div><figcaption class=\"gallery-caption\" id=\"caption4120\"><span class=\"imagecaption\">Cr\u00eates de la Moli\u00e8re<\/span><br \/>\n<\/figcaption><\/figure><figure class=\"gallery-item\">\n<div class=\"gallery-icon\">\r\n<a href=\"https:\/\/www.grelibre.net\/WP\/wp-content\/uploads\/2018\/11\/V_211018_001-1.jpg\" title=\"Les Sultanes\" rel=\"gallery1\"><img loading=\"lazy\" decoding=\"async\" src=\"http:\/\/www.grelibre.net\/WP\/wp-content\/plugins\/image-shadow\/cache\/1fa9ee827b254c7f4f7004e6ae33be71.jpg\" width=\"150\" height=\"75\" alt=\"Les Sultanes\" \/><\/a>\r\n<\/div><figcaption class=\"gallery-caption\" id=\"caption4121\"><span class=\"imagecaption\">Les Sultanes<\/span><br \/>\n<\/figcaption><\/figure><figure class=\"gallery-item\">\n<div class=\"gallery-icon\">\r\n<a href=\"https:\/\/www.grelibre.net\/WP\/wp-content\/uploads\/2018\/11\/V_211018_008.jpg\" title=\"Pas de L&#039;oeille\" rel=\"gallery1\"><img loading=\"lazy\" decoding=\"async\" src=\"http:\/\/www.grelibre.net\/WP\/wp-content\/plugins\/image-shadow\/cache\/ea4947b318817017b637863453e883b6.jpg\" width=\"150\" height=\"100\" alt=\"Pas de L&#039;oeille\" \/><\/a>\r\n<\/div><figcaption class=\"gallery-caption\" id=\"caption4122\"><span class=\"imagecaption\">Pas de L'oeille<\/span><br \/>\n<\/figcaption><\/figure><figure class=\"gallery-item\">\n<div class=\"gallery-icon\">\r\n<a href=\"https:\/\/www.grelibre.net\/WP\/wp-content\/uploads\/2018\/11\/V_280115_005.jpg\" title=\"Obiou\" rel=\"gallery1\"><img loading=\"lazy\" decoding=\"async\" src=\"http:\/\/www.grelibre.net\/WP\/wp-content\/plugins\/image-shadow\/cache\/93c003b7133b35f6a6bc6791025dbd36.jpg\" width=\"150\" height=\"67\" alt=\"Obiou\" \/><\/a>\r\n<\/div><figcaption class=\"gallery-caption\" id=\"caption4123\"><span class=\"imagecaption\">Obiou<\/span><br \/>\n<\/figcaption><\/figure><figure class=\"gallery-item\">\n<div class=\"gallery-icon\">\r\n<a href=\"https:\/\/www.grelibre.net\/WP\/wp-content\/uploads\/2018\/11\/V_280115_006.jpg\" title=\"Pic Saint Michel et Mont Aiguille\" rel=\"gallery1\"><img loading=\"lazy\" decoding=\"async\" src=\"http:\/\/www.grelibre.net\/WP\/wp-content\/plugins\/image-shadow\/cache\/acbd22bde40131f849321a49e85fb965.jpg\" width=\"150\" height=\"80\" alt=\"Pic Saint Michel et Mont Aiguille\" \/><\/a>\r\n<\/div><figcaption class=\"gallery-caption\" id=\"caption4124\"><span class=\"imagecaption\">Pic Saint Michel et Mont Aiguille<\/span><br \/>\n<\/figcaption><\/figure>\r\n\t\t<\/div>\n\n","protected":false},"excerpt":{"rendered":"","protected":false},"author":2,"featured_media":0,"parent":3916,"menu_order":0,"comment_status":"closed","ping_status":"closed","template":"","meta":{"footnotes":""},"class_list":["post-3993","page","type-page","status-publish","hentry","entry"],"yoast_head":"<!-- This site is optimized with the Yoast SEO plugin v27.5 - https:\/\/yoast.com\/product\/yoast-seo-wordpress\/ -->\n<title>mers de nuage | Grelibre.net<\/title>\n<meta name=\"robots\" content=\"index, follow, max-snippet:-1, max-image-preview:large, max-video-preview:-1\" \/>\n<link rel=\"canonical\" href=\"https:\/\/www.grelibre.net\/WP\/albums\/phenomene\/mers-de-nuage\/\" \/>\n<meta property=\"og:locale\" content=\"fr_FR\" \/>\n<meta property=\"og:type\" content=\"article\" \/>\n<meta property=\"og:title\" content=\"mers de nuage | Grelibre.net\" \/>\n<meta property=\"og:url\" content=\"https:\/\/www.grelibre.net\/WP\/albums\/phenomene\/mers-de-nuage\/\" \/>\n<meta property=\"og:site_name\" content=\"Grelibre.net\" \/>\n<meta property=\"article:publisher\" content=\"https:\/\/www.facebook.com\/pages\/Grelibre\/127788767248442\" \/>\n<meta property=\"article:modified_time\" content=\"2018-11-29T09:25:23+00:00\" \/>\n<meta property=\"og:image\" content=\"https:\/\/www.grelibre.net\/WP\/wp-content\/uploads\/2018\/11\/BD_280915_004-150x100.jpg\" \/>\n<script type=\"application\/ld+json\" class=\"yoast-schema-graph\">{\"@context\":\"https:\\\/\\\/schema.org\",\"@graph\":[{\"@type\":\"WebPage\",\"@id\":\"https:\\\/\\\/www.grelibre.net\\\/WP\\\/albums\\\/phenomene\\\/mers-de-nuage\\\/\",\"url\":\"https:\\\/\\\/www.grelibre.net\\\/WP\\\/albums\\\/phenomene\\\/mers-de-nuage\\\/\",\"name\":\"mers de nuage | Grelibre.net\",\"isPartOf\":{\"@id\":\"https:\\\/\\\/www.grelibre.net\\\/WP\\\/#website\"},\"datePublished\":\"2018-11-25T11:07:32+00:00\",\"dateModified\":\"2018-11-29T09:25:23+00:00\",\"breadcrumb\":{\"@id\":\"https:\\\/\\\/www.grelibre.net\\\/WP\\\/albums\\\/phenomene\\\/mers-de-nuage\\\/#breadcrumb\"},\"inLanguage\":\"fr-FR\",\"potentialAction\":[{\"@type\":\"ReadAction\",\"target\":[\"https:\\\/\\\/www.grelibre.net\\\/WP\\\/albums\\\/phenomene\\\/mers-de-nuage\\\/\"]}]},{\"@type\":\"BreadcrumbList\",\"@id\":\"https:\\\/\\\/www.grelibre.net\\\/WP\\\/albums\\\/phenomene\\\/mers-de-nuage\\\/#breadcrumb\",\"itemListElement\":[{\"@type\":\"ListItem\",\"position\":1,\"name\":\"Albums\",\"item\":\"https:\\\/\\\/www.grelibre.net\\\/WP\\\/albums\\\/\"},{\"@type\":\"ListItem\",\"position\":2,\"name\":\"ph\u00e9nom\u00e8ne m\u00e9t\u00e9o\",\"item\":\"https:\\\/\\\/www.grelibre.net\\\/WP\\\/albums\\\/phenomene\\\/\"},{\"@type\":\"ListItem\",\"position\":3,\"name\":\"mers de nuage\"}]},{\"@type\":\"WebSite\",\"@id\":\"https:\\\/\\\/www.grelibre.net\\\/WP\\\/#website\",\"url\":\"https:\\\/\\\/www.grelibre.net\\\/WP\\\/\",\"name\":\"Grelibre.net\",\"description\":\"la Montagne dans tous ses \u00e9tats\",\"potentialAction\":[{\"@type\":\"SearchAction\",\"target\":{\"@type\":\"EntryPoint\",\"urlTemplate\":\"https:\\\/\\\/www.grelibre.net\\\/WP\\\/?s={search_term_string}\"},\"query-input\":{\"@type\":\"PropertyValueSpecification\",\"valueRequired\":true,\"valueName\":\"search_term_string\"}}],\"inLanguage\":\"fr-FR\"}]}<\/script>\n<!-- \/ Yoast SEO plugin. -->","yoast_head_json":{"title":"mers de nuage | Grelibre.net","robots":{"index":"index","follow":"follow","max-snippet":"max-snippet:-1","max-image-preview":"max-image-preview:large","max-video-preview":"max-video-preview:-1"},"canonical":"https:\/\/www.grelibre.net\/WP\/albums\/phenomene\/mers-de-nuage\/","og_locale":"fr_FR","og_type":"article","og_title":"mers de nuage | Grelibre.net","og_url":"https:\/\/www.grelibre.net\/WP\/albums\/phenomene\/mers-de-nuage\/","og_site_name":"Grelibre.net","article_publisher":"https:\/\/www.facebook.com\/pages\/Grelibre\/127788767248442","article_modified_time":"2018-11-29T09:25:23+00:00","og_image":[{"url":"https:\/\/www.grelibre.net\/WP\/wp-content\/uploads\/2018\/11\/BD_280915_004-150x100.jpg","type":"","width":"","height":""}],"schema":{"@context":"https:\/\/schema.org","@graph":[{"@type":"WebPage","@id":"https:\/\/www.grelibre.net\/WP\/albums\/phenomene\/mers-de-nuage\/","url":"https:\/\/www.grelibre.net\/WP\/albums\/phenomene\/mers-de-nuage\/","name":"mers de nuage | Grelibre.net","isPartOf":{"@id":"https:\/\/www.grelibre.net\/WP\/#website"},"datePublished":"2018-11-25T11:07:32+00:00","dateModified":"2018-11-29T09:25:23+00:00","breadcrumb":{"@id":"https:\/\/www.grelibre.net\/WP\/albums\/phenomene\/mers-de-nuage\/#breadcrumb"},"inLanguage":"fr-FR","potentialAction":[{"@type":"ReadAction","target":["https:\/\/www.grelibre.net\/WP\/albums\/phenomene\/mers-de-nuage\/"]}]},{"@type":"BreadcrumbList","@id":"https:\/\/www.grelibre.net\/WP\/albums\/phenomene\/mers-de-nuage\/#breadcrumb","itemListElement":[{"@type":"ListItem","position":1,"name":"Albums","item":"https:\/\/www.grelibre.net\/WP\/albums\/"},{"@type":"ListItem","position":2,"name":"ph\u00e9nom\u00e8ne m\u00e9t\u00e9o","item":"https:\/\/www.grelibre.net\/WP\/albums\/phenomene\/"},{"@type":"ListItem","position":3,"name":"mers de nuage"}]},{"@type":"WebSite","@id":"https:\/\/www.grelibre.net\/WP\/#website","url":"https:\/\/www.grelibre.net\/WP\/","name":"Grelibre.net","description":"la Montagne dans tous ses \u00e9tats","potentialAction":[{"@type":"SearchAction","target":{"@type":"EntryPoint","urlTemplate":"https:\/\/www.grelibre.net\/WP\/?s={search_term_string}"},"query-input":{"@type":"PropertyValueSpecification","valueRequired":true,"valueName":"search_term_string"}}],"inLanguage":"fr-FR"}]}},"_links":{"self":[{"href":"https:\/\/www.grelibre.net\/WP\/wp-json\/wp\/v2\/pages\/3993","targetHints":{"allow":["GET"]}}],"collection":[{"href":"https:\/\/www.grelibre.net\/WP\/wp-json\/wp\/v2\/pages"}],"about":[{"href":"https:\/\/www.grelibre.net\/WP\/wp-json\/wp\/v2\/types\/page"}],"author":[{"embeddable":true,"href":"https:\/\/www.grelibre.net\/WP\/wp-json\/wp\/v2\/users\/2"}],"replies":[{"embeddable":true,"href":"https:\/\/www.grelibre.net\/WP\/wp-json\/wp\/v2\/comments?post=3993"}],"version-history":[{"count":3,"href":"https:\/\/www.grelibre.net\/WP\/wp-json\/wp\/v2\/pages\/3993\/revisions"}],"predecessor-version":[{"id":4126,"href":"https:\/\/www.grelibre.net\/WP\/wp-json\/wp\/v2\/pages\/3993\/revisions\/4126"}],"up":[{"embeddable":true,"href":"https:\/\/www.grelibre.net\/WP\/wp-json\/wp\/v2\/pages\/3916"}],"wp:attachment":[{"href":"https:\/\/www.grelibre.net\/WP\/wp-json\/wp\/v2\/media?parent=3993"}],"curies":[{"name":"wp","href":"https:\/\/api.w.org\/{rel}","templated":true}]}}