{"id":3918,"date":"2018-11-24T15:41:48","date_gmt":"2018-11-24T15:41:48","guid":{"rendered":"http:\/\/www.grelibre.net\/WP\/?page_id=3918"},"modified":"2018-11-28T11:13:46","modified_gmt":"2018-11-28T11:13:46","slug":"vent","status":"publish","type":"page","link":"https:\/\/www.grelibre.net\/WP\/albums\/phenomene\/vent\/","title":{"rendered":"vent"},"content":{"rendered":"\n\t\t<div id='gallery-1' class='gallery galleryid-3918 gallery-columns-4 gallery-size-thumbnail gallery1'><script type=\"text\/javascript\">\r\n\/\/ <![CDATA[\r\n\tjQuery(document).ready(function () {\r\n\t\tjQuery(\".gallery1 a\").attr(\"rel\",\"gallery1\");\t\r\n\t\tjQuery('a[rel=\"gallery1\"]').colorbox({maxWidth:\"95%\", maxHeight:\"95%\",title: function(){ return jQuery(this).children().attr(\"alt\"); }, });\r\n\t});\r\n\/\/ ]]>\r\n<\/script>\n<figure class=\"gallery-item\">\n<div class=\"gallery-icon\">\r\n<a href=\"https:\/\/www.grelibre.net\/WP\/wp-content\/uploads\/2018\/11\/BD_050315_002-1.jpg\" title=\"temp\u00eate de nord sur le massif de Belledonne\" rel=\"gallery1\"><img loading=\"lazy\" decoding=\"async\" src=\"http:\/\/www.grelibre.net\/WP\/wp-content\/plugins\/image-shadow\/cache\/2a445c6433b23f066fad093f64bc1b40.jpg\" width=\"150\" height=\"100\" alt=\"temp\u00eate de nord sur le massif de Belledonne\" \/><\/a>\r\n<\/div><figcaption class=\"gallery-caption\" id=\"caption3930\"><span class=\"imagecaption\">temp\u00eate de nord sur le massif de Belledonne<\/span><br \/>\n<\/figcaption><\/figure><figure class=\"gallery-item\">\n<div class=\"gallery-icon\">\r\n<a href=\"https:\/\/www.grelibre.net\/WP\/wp-content\/uploads\/2018\/11\/Bure_150212_001-1.jpg\" title=\"premier record avec une rafale \u00e0 170 km\/h par -15\u00b0C au plateau de Bure (confirm\u00e9 par le relev\u00e9 de l&#039;observatoire)\" rel=\"gallery1\"><img loading=\"lazy\" decoding=\"async\" src=\"http:\/\/www.grelibre.net\/WP\/wp-content\/plugins\/image-shadow\/cache\/d10e498ffd3085ccff121b47284ceab2.jpg\" width=\"150\" height=\"100\" alt=\"premier record avec une rafale \u00e0 170 km\/h par -15\u00b0C au plateau de Bure (confirm\u00e9 par le relev\u00e9 de l&#039;observatoire)\" \/><\/a>\r\n<\/div><figcaption class=\"gallery-caption\" id=\"caption3931\"><span class=\"imagecaption\">premier record avec une rafale \u00e0 170 km\/h par -15\u00b0C au plateau de Bure (confirm\u00e9 par le relev\u00e9 de l'observatoire)<\/span><br \/>\n<\/figcaption><\/figure><figure class=\"gallery-item\">\n<div class=\"gallery-icon\">\r\n<a href=\"https:\/\/www.grelibre.net\/WP\/wp-content\/uploads\/2018\/11\/Bure_150212_009-1.jpg\" title=\"temp\u00eate de Nord au plateau de Bure\" rel=\"gallery1\"><img loading=\"lazy\" decoding=\"async\" src=\"http:\/\/www.grelibre.net\/WP\/wp-content\/plugins\/image-shadow\/cache\/818cfd431238f7819ffd1ed292c26c97.jpg\" width=\"150\" height=\"100\" alt=\"temp\u00eate de Nord au plateau de Bure\" \/><\/a>\r\n<\/div><figcaption class=\"gallery-caption\" id=\"caption3932\"><span class=\"imagecaption\">temp\u00eate de Nord au plateau de Bure<\/span><br \/>\n<\/figcaption><\/figure><figure class=\"gallery-item\">\n<div class=\"gallery-icon\">\r\n<a href=\"https:\/\/www.grelibre.net\/WP\/wp-content\/uploads\/2018\/11\/Ch_091014_002-1.jpg\" title=\"effet du vent (merci Sam et tes abdos :) )\" rel=\"gallery1\"><img loading=\"lazy\" decoding=\"async\" src=\"http:\/\/www.grelibre.net\/WP\/wp-content\/plugins\/image-shadow\/cache\/b8207e97840f40b3fb97f6b3671aeeb4.jpg\" width=\"150\" height=\"99\" alt=\"effet du vent (merci Sam et tes abdos :) )\" \/><\/a>\r\n<\/div><figcaption class=\"gallery-caption\" id=\"caption3933\"><span class=\"imagecaption\">effet du vent (merci Sam et tes abdos \ud83d\ude42 )<\/span><br \/>\n<\/figcaption><\/figure><figure class=\"gallery-item\">\n<div class=\"gallery-icon\">\r\n<a href=\"https:\/\/www.grelibre.net\/WP\/wp-content\/uploads\/2018\/11\/Ch_101214_002-1.jpg\" title=\"temp\u00eate de Nord sur les 3 pics de Belledonne\" rel=\"gallery1\"><img loading=\"lazy\" decoding=\"async\" src=\"http:\/\/www.grelibre.net\/WP\/wp-content\/plugins\/image-shadow\/cache\/56e514b9a3c7031f4398d104a709b913.jpg\" width=\"150\" height=\"100\" alt=\"temp\u00eate de Nord sur les 3 pics de Belledonne\" \/><\/a>\r\n<\/div><figcaption class=\"gallery-caption\" id=\"caption3934\"><span class=\"imagecaption\">temp\u00eate de Nord sur les 3 pics de Belledonne<\/span><br \/>\n<\/figcaption><\/figure><figure class=\"gallery-item\">\n<div class=\"gallery-icon\">\r\n<a href=\"https:\/\/www.grelibre.net\/WP\/wp-content\/uploads\/2018\/11\/Ch_101214_005-1.jpg\" title=\"temp\u00eate de Belledonne\" rel=\"gallery1\"><img loading=\"lazy\" decoding=\"async\" src=\"http:\/\/www.grelibre.net\/WP\/wp-content\/plugins\/image-shadow\/cache\/5410748aa43a7434ab8bb31975e948dd.jpg\" width=\"150\" height=\"100\" alt=\"temp\u00eate de Belledonne\" \/><\/a>\r\n<\/div><figcaption class=\"gallery-caption\" id=\"caption3935\"><span class=\"imagecaption\">temp\u00eate de Belledonne<\/span><br \/>\n<\/figcaption><\/figure><figure class=\"gallery-item\">\n<div class=\"gallery-icon\">\r\n<a href=\"https:\/\/www.grelibre.net\/WP\/wp-content\/uploads\/2018\/11\/Ch_160915_001-1.jpg\" title=\"Record absolu \u00e0 198 km\/h relev\u00e9 \u00e0 plat ventre au sol... effet venturi sur le sommet de la Dent de Crolles\" rel=\"gallery1\"><img loading=\"lazy\" decoding=\"async\" src=\"http:\/\/www.grelibre.net\/WP\/wp-content\/plugins\/image-shadow\/cache\/32b91a86e3f7d7b3557dc51028c83b52.jpg\" width=\"150\" height=\"100\" alt=\"Record absolu \u00e0 198 km\/h relev\u00e9 \u00e0 plat ventre au sol... effet venturi sur le sommet de la Dent de Crolles\" \/><\/a>\r\n<\/div><figcaption class=\"gallery-caption\" id=\"caption3936\"><span class=\"imagecaption\">Record absolu \u00e0 198 km\/h relev\u00e9 \u00e0 plat ventre au sol... effet venturi sur le sommet de la Dent de Crolles<\/span><br \/>\n<\/figcaption><\/figure><figure class=\"gallery-item\">\n<div class=\"gallery-icon\">\r\n<a href=\"https:\/\/www.grelibre.net\/WP\/wp-content\/uploads\/2018\/11\/Ch_160915_002-1.jpg\" title=\"rafale de Sud\" rel=\"gallery1\"><img loading=\"lazy\" decoding=\"async\" src=\"http:\/\/www.grelibre.net\/WP\/wp-content\/plugins\/image-shadow\/cache\/12873539f4102808607eb0670b53fc67.jpg\" width=\"150\" height=\"102\" alt=\"rafale de Sud\" \/><\/a>\r\n<\/div><figcaption class=\"gallery-caption\" id=\"caption3937\"><span class=\"imagecaption\">rafale de Sud<\/span><br \/>\n<\/figcaption><\/figure><figure class=\"gallery-item\">\n<div class=\"gallery-icon\">\r\n<a href=\"https:\/\/www.grelibre.net\/WP\/wp-content\/uploads\/2018\/11\/V_020418_001-1.jpg\" title=\"temp\u00eate de Sud sur le Grand Veymont\" rel=\"gallery1\"><img loading=\"lazy\" decoding=\"async\" src=\"http:\/\/www.grelibre.net\/WP\/wp-content\/plugins\/image-shadow\/cache\/b292d4e844f7e48971875a5db776f53c.jpg\" width=\"150\" height=\"100\" alt=\"temp\u00eate de Sud sur le Grand Veymont\" \/><\/a>\r\n<\/div><figcaption class=\"gallery-caption\" id=\"caption3938\"><span class=\"imagecaption\">temp\u00eate de Sud sur le Grand Veymont<\/span><br \/>\n<\/figcaption><\/figure><figure class=\"gallery-item\">\n<div class=\"gallery-icon\">\r\n<a href=\"https:\/\/www.grelibre.net\/WP\/wp-content\/uploads\/2018\/11\/V_201116_001-1.jpg\" title=\"Foehn (vent de Sud) - rafale \u00e0 147 km\/h\" rel=\"gallery1\"><img loading=\"lazy\" decoding=\"async\" src=\"http:\/\/www.grelibre.net\/WP\/wp-content\/plugins\/image-shadow\/cache\/b1c327c43cd1609f89a595de63137a5b.jpg\" width=\"150\" height=\"100\" alt=\"Foehn (vent de Sud) - rafale \u00e0 147 km\/h\" \/><\/a>\r\n<\/div><figcaption class=\"gallery-caption\" id=\"caption3939\"><span class=\"imagecaption\">Foehn (vent de Sud) - rafale \u00e0 147 km\/h<\/span><br \/>\n<\/figcaption><\/figure><figure class=\"gallery-item\">\n<div class=\"gallery-icon\">\r\n<a href=\"https:\/\/www.grelibre.net\/WP\/wp-content\/uploads\/2018\/11\/Grenoblicimes_Brume_Nuages_16_HD-1.jpg\" title=\"\" rel=\"gallery1\"><img loading=\"lazy\" decoding=\"async\" src=\"http:\/\/www.grelibre.net\/WP\/wp-content\/plugins\/image-shadow\/cache\/a3630d6855098f30df90a132a54b39b8.jpg\" width=\"150\" height=\"100\" alt=\"\" \/><\/a>\r\n<\/div><\/figure>\r\n\t\t<\/div>\n\n","protected":false},"excerpt":{"rendered":"","protected":false},"author":2,"featured_media":0,"parent":3916,"menu_order":0,"comment_status":"closed","ping_status":"closed","template":"","meta":{"footnotes":""},"class_list":["post-3918","page","type-page","status-publish","hentry","entry"],"yoast_head":"<!-- This site is optimized with the Yoast SEO plugin v27.4 - https:\/\/yoast.com\/product\/yoast-seo-wordpress\/ -->\n<title>vent | Grelibre.net<\/title>\n<meta name=\"robots\" content=\"index, follow, max-snippet:-1, max-image-preview:large, max-video-preview:-1\" \/>\n<link rel=\"canonical\" href=\"https:\/\/www.grelibre.net\/WP\/albums\/phenomene\/vent\/\" \/>\n<meta property=\"og:locale\" content=\"fr_FR\" \/>\n<meta property=\"og:type\" content=\"article\" \/>\n<meta property=\"og:title\" content=\"vent | Grelibre.net\" \/>\n<meta property=\"og:url\" content=\"https:\/\/www.grelibre.net\/WP\/albums\/phenomene\/vent\/\" \/>\n<meta property=\"og:site_name\" content=\"Grelibre.net\" \/>\n<meta property=\"article:publisher\" content=\"https:\/\/www.facebook.com\/pages\/Grelibre\/127788767248442\" \/>\n<meta property=\"article:modified_time\" content=\"2018-11-28T11:13:46+00:00\" \/>\n<meta property=\"og:image\" content=\"https:\/\/www.grelibre.net\/WP\/wp-content\/uploads\/2018\/11\/BD_050315_002-1-150x100.jpg\" \/>\n<script type=\"application\/ld+json\" class=\"yoast-schema-graph\">{\"@context\":\"https:\\\/\\\/schema.org\",\"@graph\":[{\"@type\":\"WebPage\",\"@id\":\"https:\\\/\\\/www.grelibre.net\\\/WP\\\/albums\\\/phenomene\\\/vent\\\/\",\"url\":\"https:\\\/\\\/www.grelibre.net\\\/WP\\\/albums\\\/phenomene\\\/vent\\\/\",\"name\":\"vent | Grelibre.net\",\"isPartOf\":{\"@id\":\"https:\\\/\\\/www.grelibre.net\\\/WP\\\/#website\"},\"datePublished\":\"2018-11-24T15:41:48+00:00\",\"dateModified\":\"2018-11-28T11:13:46+00:00\",\"breadcrumb\":{\"@id\":\"https:\\\/\\\/www.grelibre.net\\\/WP\\\/albums\\\/phenomene\\\/vent\\\/#breadcrumb\"},\"inLanguage\":\"fr-FR\",\"potentialAction\":[{\"@type\":\"ReadAction\",\"target\":[\"https:\\\/\\\/www.grelibre.net\\\/WP\\\/albums\\\/phenomene\\\/vent\\\/\"]}]},{\"@type\":\"BreadcrumbList\",\"@id\":\"https:\\\/\\\/www.grelibre.net\\\/WP\\\/albums\\\/phenomene\\\/vent\\\/#breadcrumb\",\"itemListElement\":[{\"@type\":\"ListItem\",\"position\":1,\"name\":\"Albums\",\"item\":\"https:\\\/\\\/www.grelibre.net\\\/WP\\\/albums\\\/\"},{\"@type\":\"ListItem\",\"position\":2,\"name\":\"ph\u00e9nom\u00e8ne m\u00e9t\u00e9o\",\"item\":\"https:\\\/\\\/www.grelibre.net\\\/WP\\\/albums\\\/phenomene\\\/\"},{\"@type\":\"ListItem\",\"position\":3,\"name\":\"vent\"}]},{\"@type\":\"WebSite\",\"@id\":\"https:\\\/\\\/www.grelibre.net\\\/WP\\\/#website\",\"url\":\"https:\\\/\\\/www.grelibre.net\\\/WP\\\/\",\"name\":\"Grelibre.net\",\"description\":\"la Montagne dans tous ses \u00e9tats\",\"potentialAction\":[{\"@type\":\"SearchAction\",\"target\":{\"@type\":\"EntryPoint\",\"urlTemplate\":\"https:\\\/\\\/www.grelibre.net\\\/WP\\\/?s={search_term_string}\"},\"query-input\":{\"@type\":\"PropertyValueSpecification\",\"valueRequired\":true,\"valueName\":\"search_term_string\"}}],\"inLanguage\":\"fr-FR\"}]}<\/script>\n<!-- \/ Yoast SEO plugin. -->","yoast_head_json":{"title":"vent | Grelibre.net","robots":{"index":"index","follow":"follow","max-snippet":"max-snippet:-1","max-image-preview":"max-image-preview:large","max-video-preview":"max-video-preview:-1"},"canonical":"https:\/\/www.grelibre.net\/WP\/albums\/phenomene\/vent\/","og_locale":"fr_FR","og_type":"article","og_title":"vent | Grelibre.net","og_url":"https:\/\/www.grelibre.net\/WP\/albums\/phenomene\/vent\/","og_site_name":"Grelibre.net","article_publisher":"https:\/\/www.facebook.com\/pages\/Grelibre\/127788767248442","article_modified_time":"2018-11-28T11:13:46+00:00","og_image":[{"url":"https:\/\/www.grelibre.net\/WP\/wp-content\/uploads\/2018\/11\/BD_050315_002-1-150x100.jpg","type":"","width":"","height":""}],"schema":{"@context":"https:\/\/schema.org","@graph":[{"@type":"WebPage","@id":"https:\/\/www.grelibre.net\/WP\/albums\/phenomene\/vent\/","url":"https:\/\/www.grelibre.net\/WP\/albums\/phenomene\/vent\/","name":"vent | Grelibre.net","isPartOf":{"@id":"https:\/\/www.grelibre.net\/WP\/#website"},"datePublished":"2018-11-24T15:41:48+00:00","dateModified":"2018-11-28T11:13:46+00:00","breadcrumb":{"@id":"https:\/\/www.grelibre.net\/WP\/albums\/phenomene\/vent\/#breadcrumb"},"inLanguage":"fr-FR","potentialAction":[{"@type":"ReadAction","target":["https:\/\/www.grelibre.net\/WP\/albums\/phenomene\/vent\/"]}]},{"@type":"BreadcrumbList","@id":"https:\/\/www.grelibre.net\/WP\/albums\/phenomene\/vent\/#breadcrumb","itemListElement":[{"@type":"ListItem","position":1,"name":"Albums","item":"https:\/\/www.grelibre.net\/WP\/albums\/"},{"@type":"ListItem","position":2,"name":"ph\u00e9nom\u00e8ne m\u00e9t\u00e9o","item":"https:\/\/www.grelibre.net\/WP\/albums\/phenomene\/"},{"@type":"ListItem","position":3,"name":"vent"}]},{"@type":"WebSite","@id":"https:\/\/www.grelibre.net\/WP\/#website","url":"https:\/\/www.grelibre.net\/WP\/","name":"Grelibre.net","description":"la Montagne dans tous ses \u00e9tats","potentialAction":[{"@type":"SearchAction","target":{"@type":"EntryPoint","urlTemplate":"https:\/\/www.grelibre.net\/WP\/?s={search_term_string}"},"query-input":{"@type":"PropertyValueSpecification","valueRequired":true,"valueName":"search_term_string"}}],"inLanguage":"fr-FR"}]}},"_links":{"self":[{"href":"https:\/\/www.grelibre.net\/WP\/wp-json\/wp\/v2\/pages\/3918","targetHints":{"allow":["GET"]}}],"collection":[{"href":"https:\/\/www.grelibre.net\/WP\/wp-json\/wp\/v2\/pages"}],"about":[{"href":"https:\/\/www.grelibre.net\/WP\/wp-json\/wp\/v2\/types\/page"}],"author":[{"embeddable":true,"href":"https:\/\/www.grelibre.net\/WP\/wp-json\/wp\/v2\/users\/2"}],"replies":[{"embeddable":true,"href":"https:\/\/www.grelibre.net\/WP\/wp-json\/wp\/v2\/comments?post=3918"}],"version-history":[{"count":5,"href":"https:\/\/www.grelibre.net\/WP\/wp-json\/wp\/v2\/pages\/3918\/revisions"}],"predecessor-version":[{"id":4042,"href":"https:\/\/www.grelibre.net\/WP\/wp-json\/wp\/v2\/pages\/3918\/revisions\/4042"}],"up":[{"embeddable":true,"href":"https:\/\/www.grelibre.net\/WP\/wp-json\/wp\/v2\/pages\/3916"}],"wp:attachment":[{"href":"https:\/\/www.grelibre.net\/WP\/wp-json\/wp\/v2\/media?parent=3918"}],"curies":[{"name":"wp","href":"https:\/\/api.w.org\/{rel}","templated":true}]}}