{"id":3367,"date":"2018-11-23T14:40:45","date_gmt":"2018-11-23T14:40:45","guid":{"rendered":"http:\/\/www.grelibre.net\/WP\/?page_id=3367"},"modified":"2018-11-29T09:27:02","modified_gmt":"2018-11-29T09:27:02","slug":"lagopede","status":"publish","type":"page","link":"https:\/\/www.grelibre.net\/WP\/albums\/faune-alpine\/lagopede\/","title":{"rendered":"lagop\u00e8de"},"content":{"rendered":"\n\t\t<div id='gallery-1' class='gallery galleryid-3367 gallery-columns-4 gallery-size-medium gallery1'><script type=\"text\/javascript\">\r\n\/\/ <![CDATA[\r\n\tjQuery(document).ready(function () {\r\n\t\tjQuery(\".gallery1 a\").attr(\"rel\",\"gallery1\");\t\r\n\t\tjQuery('a[rel=\"gallery1\"]').colorbox({maxWidth:\"95%\", maxHeight:\"95%\",title: function(){ return jQuery(this).children().attr(\"alt\"); }, });\r\n\t});\r\n\/\/ ]]>\r\n<\/script>\n<figure class=\"gallery-item\">\n<div class=\"gallery-icon\">\r\n<a href=\"https:\/\/www.grelibre.net\/WP\/wp-content\/uploads\/2018\/11\/V_071112_019.jpg\" title=\"Lagop\u00e8de - automne\" rel=\"gallery1\"><img loading=\"lazy\" decoding=\"async\" src=\"http:\/\/www.grelibre.net\/WP\/wp-content\/plugins\/image-shadow\/cache\/e6d006ce066eb2d3d2692a3caa4c8701.jpg\" width=\"300\" height=\"200\" alt=\"Lagop\u00e8de - automne\" \/><\/a>\r\n<\/div><figcaption class=\"gallery-caption\" id=\"caption3381\"><span class=\"imagecaption\">Lagop\u00e8de - automne<\/span><br \/>\n<\/figcaption><\/figure><figure class=\"gallery-item\">\n<div class=\"gallery-icon\">\r\n<a href=\"https:\/\/www.grelibre.net\/WP\/wp-content\/uploads\/2018\/11\/V_081115_001.jpg\" title=\"Lagop\u00e8de - hiver\" rel=\"gallery1\"><img loading=\"lazy\" decoding=\"async\" src=\"http:\/\/www.grelibre.net\/WP\/wp-content\/plugins\/image-shadow\/cache\/ad57f2c131705122da6314c4efde5da1.jpg\" width=\"300\" height=\"200\" alt=\"Lagop\u00e8de - hiver\" \/><\/a>\r\n<\/div><figcaption class=\"gallery-caption\" id=\"caption3382\"><span class=\"imagecaption\">Lagop\u00e8de - hiver<\/span><br \/>\n<\/figcaption><\/figure><figure class=\"gallery-item\">\n<div class=\"gallery-icon\">\r\n<a href=\"https:\/\/www.grelibre.net\/WP\/wp-content\/uploads\/2018\/11\/V_081115_016.jpg\" title=\"Lagop\u00e8de - hiver\" rel=\"gallery1\"><img loading=\"lazy\" decoding=\"async\" src=\"http:\/\/www.grelibre.net\/WP\/wp-content\/plugins\/image-shadow\/cache\/16c37270df8ecbcb126dba1ba3c47a53.jpg\" width=\"300\" height=\"200\" alt=\"Lagop\u00e8de - hiver\" \/><\/a>\r\n<\/div><figcaption class=\"gallery-caption\" id=\"caption3384\"><span class=\"imagecaption\">Lagop\u00e8de - hiver<\/span><br \/>\n<\/figcaption><\/figure><figure class=\"gallery-item\">\n<div class=\"gallery-icon\">\r\n<a href=\"https:\/\/www.grelibre.net\/WP\/wp-content\/uploads\/2018\/11\/V_081115_021.jpg\" title=\"Lagop\u00e8de - hiver\" rel=\"gallery1\"><img loading=\"lazy\" decoding=\"async\" src=\"http:\/\/www.grelibre.net\/WP\/wp-content\/plugins\/image-shadow\/cache\/83ddcbb4c5ec2ba7a0889ecb4a46f868.jpg\" width=\"300\" height=\"200\" alt=\"Lagop\u00e8de - hiver\" \/><\/a>\r\n<\/div><figcaption class=\"gallery-caption\" id=\"caption3385\"><span class=\"imagecaption\">Lagop\u00e8de - hiver<\/span><br \/>\n<\/figcaption><\/figure><figure class=\"gallery-item\">\n<div class=\"gallery-icon\">\r\n<a href=\"https:\/\/www.grelibre.net\/WP\/wp-content\/uploads\/2018\/11\/V_140714_011.jpg\" title=\"Lagop\u00e8de - en \u00e9t\u00e9\" rel=\"gallery1\"><img loading=\"lazy\" decoding=\"async\" src=\"http:\/\/www.grelibre.net\/WP\/wp-content\/plugins\/image-shadow\/cache\/84d3309c5b0ca0af3d45201a69ac38b5.jpg\" width=\"300\" height=\"200\" alt=\"Lagop\u00e8de - en \u00e9t\u00e9\" \/><\/a>\r\n<\/div><figcaption class=\"gallery-caption\" id=\"caption3386\"><span class=\"imagecaption\">Lagop\u00e8de - en \u00e9t\u00e9<\/span><br \/>\n<\/figcaption><\/figure><figure class=\"gallery-item\">\n<div class=\"gallery-icon\">\r\n<a href=\"https:\/\/www.grelibre.net\/WP\/wp-content\/uploads\/2018\/11\/V_140714_012.jpg\" title=\"Lagop\u00e8de - en \u00e9t\u00e9\" rel=\"gallery1\"><img loading=\"lazy\" decoding=\"async\" src=\"http:\/\/www.grelibre.net\/WP\/wp-content\/plugins\/image-shadow\/cache\/44387543cc73d2deb1970843a4d4d04a.jpg\" width=\"300\" height=\"200\" alt=\"Lagop\u00e8de - en \u00e9t\u00e9\" \/><\/a>\r\n<\/div><figcaption class=\"gallery-caption\" id=\"caption3387\"><span class=\"imagecaption\">Lagop\u00e8de - en \u00e9t\u00e9<\/span><br \/>\n<\/figcaption><\/figure>\r\n\t\t<\/div>\n\n","protected":false},"excerpt":{"rendered":"","protected":false},"author":2,"featured_media":3981,"parent":3351,"menu_order":0,"comment_status":"closed","ping_status":"closed","template":"","meta":{"footnotes":""},"class_list":["post-3367","page","type-page","status-publish","has-post-thumbnail","hentry","entry"],"yoast_head":"<!-- This site is optimized with the Yoast SEO plugin v27.5 - https:\/\/yoast.com\/product\/yoast-seo-wordpress\/ -->\n<title>lagop\u00e8de | Grelibre.net<\/title>\n<meta name=\"robots\" content=\"index, follow, max-snippet:-1, max-image-preview:large, max-video-preview:-1\" \/>\n<link rel=\"canonical\" href=\"https:\/\/www.grelibre.net\/WP\/albums\/faune-alpine\/lagopede\/\" \/>\n<meta property=\"og:locale\" content=\"fr_FR\" \/>\n<meta property=\"og:type\" content=\"article\" \/>\n<meta property=\"og:title\" content=\"lagop\u00e8de | Grelibre.net\" \/>\n<meta property=\"og:url\" content=\"https:\/\/www.grelibre.net\/WP\/albums\/faune-alpine\/lagopede\/\" \/>\n<meta property=\"og:site_name\" content=\"Grelibre.net\" \/>\n<meta property=\"article:publisher\" content=\"https:\/\/www.facebook.com\/pages\/Grelibre\/127788767248442\" \/>\n<meta property=\"article:modified_time\" content=\"2018-11-29T09:27:02+00:00\" \/>\n<meta property=\"og:image\" content=\"https:\/\/www.grelibre.net\/WP\/wp-content\/uploads\/2018\/11\/V_071112_019-1.jpg\" \/>\n\t<meta property=\"og:image:width\" content=\"1000\" \/>\n\t<meta property=\"og:image:height\" content=\"666\" \/>\n\t<meta property=\"og:image:type\" content=\"image\/jpeg\" \/>\n<script type=\"application\/ld+json\" class=\"yoast-schema-graph\">{\"@context\":\"https:\\\/\\\/schema.org\",\"@graph\":[{\"@type\":\"WebPage\",\"@id\":\"https:\\\/\\\/www.grelibre.net\\\/WP\\\/albums\\\/faune-alpine\\\/lagopede\\\/\",\"url\":\"https:\\\/\\\/www.grelibre.net\\\/WP\\\/albums\\\/faune-alpine\\\/lagopede\\\/\",\"name\":\"lagop\u00e8de | Grelibre.net\",\"isPartOf\":{\"@id\":\"https:\\\/\\\/www.grelibre.net\\\/WP\\\/#website\"},\"primaryImageOfPage\":{\"@id\":\"https:\\\/\\\/www.grelibre.net\\\/WP\\\/albums\\\/faune-alpine\\\/lagopede\\\/#primaryimage\"},\"image\":{\"@id\":\"https:\\\/\\\/www.grelibre.net\\\/WP\\\/albums\\\/faune-alpine\\\/lagopede\\\/#primaryimage\"},\"thumbnailUrl\":\"https:\\\/\\\/www.grelibre.net\\\/WP\\\/wp-content\\\/uploads\\\/2018\\\/11\\\/V_071112_019-1.jpg\",\"datePublished\":\"2018-11-23T14:40:45+00:00\",\"dateModified\":\"2018-11-29T09:27:02+00:00\",\"breadcrumb\":{\"@id\":\"https:\\\/\\\/www.grelibre.net\\\/WP\\\/albums\\\/faune-alpine\\\/lagopede\\\/#breadcrumb\"},\"inLanguage\":\"fr-FR\",\"potentialAction\":[{\"@type\":\"ReadAction\",\"target\":[\"https:\\\/\\\/www.grelibre.net\\\/WP\\\/albums\\\/faune-alpine\\\/lagopede\\\/\"]}]},{\"@type\":\"ImageObject\",\"inLanguage\":\"fr-FR\",\"@id\":\"https:\\\/\\\/www.grelibre.net\\\/WP\\\/albums\\\/faune-alpine\\\/lagopede\\\/#primaryimage\",\"url\":\"https:\\\/\\\/www.grelibre.net\\\/WP\\\/wp-content\\\/uploads\\\/2018\\\/11\\\/V_071112_019-1.jpg\",\"contentUrl\":\"https:\\\/\\\/www.grelibre.net\\\/WP\\\/wp-content\\\/uploads\\\/2018\\\/11\\\/V_071112_019-1.jpg\",\"width\":1000,\"height\":666,\"caption\":\"Lagop\u00e8de\"},{\"@type\":\"BreadcrumbList\",\"@id\":\"https:\\\/\\\/www.grelibre.net\\\/WP\\\/albums\\\/faune-alpine\\\/lagopede\\\/#breadcrumb\",\"itemListElement\":[{\"@type\":\"ListItem\",\"position\":1,\"name\":\"Albums\",\"item\":\"https:\\\/\\\/www.grelibre.net\\\/WP\\\/albums\\\/\"},{\"@type\":\"ListItem\",\"position\":2,\"name\":\"Faune alpine\",\"item\":\"https:\\\/\\\/www.grelibre.net\\\/WP\\\/albums\\\/faune-alpine\\\/\"},{\"@type\":\"ListItem\",\"position\":3,\"name\":\"lagop\u00e8de\"}]},{\"@type\":\"WebSite\",\"@id\":\"https:\\\/\\\/www.grelibre.net\\\/WP\\\/#website\",\"url\":\"https:\\\/\\\/www.grelibre.net\\\/WP\\\/\",\"name\":\"Grelibre.net\",\"description\":\"la Montagne dans tous ses \u00e9tats\",\"potentialAction\":[{\"@type\":\"SearchAction\",\"target\":{\"@type\":\"EntryPoint\",\"urlTemplate\":\"https:\\\/\\\/www.grelibre.net\\\/WP\\\/?s={search_term_string}\"},\"query-input\":{\"@type\":\"PropertyValueSpecification\",\"valueRequired\":true,\"valueName\":\"search_term_string\"}}],\"inLanguage\":\"fr-FR\"}]}<\/script>\n<!-- \/ Yoast SEO plugin. -->","yoast_head_json":{"title":"lagop\u00e8de | Grelibre.net","robots":{"index":"index","follow":"follow","max-snippet":"max-snippet:-1","max-image-preview":"max-image-preview:large","max-video-preview":"max-video-preview:-1"},"canonical":"https:\/\/www.grelibre.net\/WP\/albums\/faune-alpine\/lagopede\/","og_locale":"fr_FR","og_type":"article","og_title":"lagop\u00e8de | Grelibre.net","og_url":"https:\/\/www.grelibre.net\/WP\/albums\/faune-alpine\/lagopede\/","og_site_name":"Grelibre.net","article_publisher":"https:\/\/www.facebook.com\/pages\/Grelibre\/127788767248442","article_modified_time":"2018-11-29T09:27:02+00:00","og_image":[{"width":1000,"height":666,"url":"https:\/\/www.grelibre.net\/WP\/wp-content\/uploads\/2018\/11\/V_071112_019-1.jpg","type":"image\/jpeg"}],"schema":{"@context":"https:\/\/schema.org","@graph":[{"@type":"WebPage","@id":"https:\/\/www.grelibre.net\/WP\/albums\/faune-alpine\/lagopede\/","url":"https:\/\/www.grelibre.net\/WP\/albums\/faune-alpine\/lagopede\/","name":"lagop\u00e8de | Grelibre.net","isPartOf":{"@id":"https:\/\/www.grelibre.net\/WP\/#website"},"primaryImageOfPage":{"@id":"https:\/\/www.grelibre.net\/WP\/albums\/faune-alpine\/lagopede\/#primaryimage"},"image":{"@id":"https:\/\/www.grelibre.net\/WP\/albums\/faune-alpine\/lagopede\/#primaryimage"},"thumbnailUrl":"https:\/\/www.grelibre.net\/WP\/wp-content\/uploads\/2018\/11\/V_071112_019-1.jpg","datePublished":"2018-11-23T14:40:45+00:00","dateModified":"2018-11-29T09:27:02+00:00","breadcrumb":{"@id":"https:\/\/www.grelibre.net\/WP\/albums\/faune-alpine\/lagopede\/#breadcrumb"},"inLanguage":"fr-FR","potentialAction":[{"@type":"ReadAction","target":["https:\/\/www.grelibre.net\/WP\/albums\/faune-alpine\/lagopede\/"]}]},{"@type":"ImageObject","inLanguage":"fr-FR","@id":"https:\/\/www.grelibre.net\/WP\/albums\/faune-alpine\/lagopede\/#primaryimage","url":"https:\/\/www.grelibre.net\/WP\/wp-content\/uploads\/2018\/11\/V_071112_019-1.jpg","contentUrl":"https:\/\/www.grelibre.net\/WP\/wp-content\/uploads\/2018\/11\/V_071112_019-1.jpg","width":1000,"height":666,"caption":"Lagop\u00e8de"},{"@type":"BreadcrumbList","@id":"https:\/\/www.grelibre.net\/WP\/albums\/faune-alpine\/lagopede\/#breadcrumb","itemListElement":[{"@type":"ListItem","position":1,"name":"Albums","item":"https:\/\/www.grelibre.net\/WP\/albums\/"},{"@type":"ListItem","position":2,"name":"Faune alpine","item":"https:\/\/www.grelibre.net\/WP\/albums\/faune-alpine\/"},{"@type":"ListItem","position":3,"name":"lagop\u00e8de"}]},{"@type":"WebSite","@id":"https:\/\/www.grelibre.net\/WP\/#website","url":"https:\/\/www.grelibre.net\/WP\/","name":"Grelibre.net","description":"la Montagne dans tous ses \u00e9tats","potentialAction":[{"@type":"SearchAction","target":{"@type":"EntryPoint","urlTemplate":"https:\/\/www.grelibre.net\/WP\/?s={search_term_string}"},"query-input":{"@type":"PropertyValueSpecification","valueRequired":true,"valueName":"search_term_string"}}],"inLanguage":"fr-FR"}]}},"_links":{"self":[{"href":"https:\/\/www.grelibre.net\/WP\/wp-json\/wp\/v2\/pages\/3367","targetHints":{"allow":["GET"]}}],"collection":[{"href":"https:\/\/www.grelibre.net\/WP\/wp-json\/wp\/v2\/pages"}],"about":[{"href":"https:\/\/www.grelibre.net\/WP\/wp-json\/wp\/v2\/types\/page"}],"author":[{"embeddable":true,"href":"https:\/\/www.grelibre.net\/WP\/wp-json\/wp\/v2\/users\/2"}],"replies":[{"embeddable":true,"href":"https:\/\/www.grelibre.net\/WP\/wp-json\/wp\/v2\/comments?post=3367"}],"version-history":[{"count":5,"href":"https:\/\/www.grelibre.net\/WP\/wp-json\/wp\/v2\/pages\/3367\/revisions"}],"predecessor-version":[{"id":4127,"href":"https:\/\/www.grelibre.net\/WP\/wp-json\/wp\/v2\/pages\/3367\/revisions\/4127"}],"up":[{"embeddable":true,"href":"https:\/\/www.grelibre.net\/WP\/wp-json\/wp\/v2\/pages\/3351"}],"wp:featuredmedia":[{"embeddable":true,"href":"https:\/\/www.grelibre.net\/WP\/wp-json\/wp\/v2\/media\/3981"}],"wp:attachment":[{"href":"https:\/\/www.grelibre.net\/WP\/wp-json\/wp\/v2\/media?parent=3367"}],"curies":[{"name":"wp","href":"https:\/\/api.w.org\/{rel}","templated":true}]}}