{"id":2442,"date":"2013-11-02T09:06:54","date_gmt":"2013-11-02T09:06:54","guid":{"rendered":"http:\/\/www.grelibre.net\/WP\/?page_id=2442"},"modified":"2018-11-29T09:27:50","modified_gmt":"2018-11-29T09:27:50","slug":"orage","status":"publish","type":"page","link":"https:\/\/www.grelibre.net\/WP\/albums\/phenomene\/orage\/","title":{"rendered":"Orage"},"content":{"rendered":"\n\t\t<div id='gallery-1' class='gallery galleryid-2442 gallery-columns-4 gallery-size-thumbnail gallery1'><script type=\"text\/javascript\">\r\n\/\/ <![CDATA[\r\n\tjQuery(document).ready(function () {\r\n\t\tjQuery(\".gallery1 a\").attr(\"rel\",\"gallery1\");\t\r\n\t\tjQuery('a[rel=\"gallery1\"]').colorbox({maxWidth:\"95%\", maxHeight:\"95%\",title: function(){ return jQuery(this).children().attr(\"alt\"); }, });\r\n\t});\r\n\/\/ ]]>\r\n<\/script>\n<figure class=\"gallery-item\">\n<div class=\"gallery-icon\">\r\n<a href=\"https:\/\/www.grelibre.net\/WP\/wp-content\/uploads\/2018\/11\/Orage_260617_002.jpg\" title=\"\" rel=\"gallery1\"><img loading=\"lazy\" decoding=\"async\" src=\"http:\/\/www.grelibre.net\/WP\/wp-content\/plugins\/image-shadow\/cache\/9ab74db76579c78faeb7b25977d54ddf.jpg\" width=\"150\" height=\"100\" alt=\"\" \/><\/a>\r\n<\/div><\/figure><figure class=\"gallery-item\">\n<div class=\"gallery-icon\">\r\n<a href=\"https:\/\/www.grelibre.net\/WP\/wp-content\/uploads\/2018\/11\/Orage_260617_003.jpg\" title=\"\" rel=\"gallery1\"><img loading=\"lazy\" decoding=\"async\" src=\"http:\/\/www.grelibre.net\/WP\/wp-content\/plugins\/image-shadow\/cache\/e5597b3034e7ec08a461af9156f2e02c.jpg\" width=\"150\" height=\"100\" alt=\"\" \/><\/a>\r\n<\/div><\/figure><figure class=\"gallery-item\">\n<div class=\"gallery-icon\">\r\n<a href=\"https:\/\/www.grelibre.net\/WP\/wp-content\/uploads\/2018\/11\/Orage_260617_005.jpg\" title=\"\" rel=\"gallery1\"><img loading=\"lazy\" decoding=\"async\" src=\"http:\/\/www.grelibre.net\/WP\/wp-content\/plugins\/image-shadow\/cache\/ccf7e20a4fb9b73e3ce852d023c8dbfc.jpg\" width=\"150\" height=\"100\" alt=\"\" \/><\/a>\r\n<\/div><\/figure><figure class=\"gallery-item\">\n<div class=\"gallery-icon\">\r\n<a href=\"https:\/\/www.grelibre.net\/WP\/wp-content\/uploads\/2018\/11\/V_150706_002.jpg\" title=\"impact sur l&#039;agglom\u00e9ration Grenobloise - ao\u00fbt 2006\" rel=\"gallery1\"><img loading=\"lazy\" decoding=\"async\" src=\"http:\/\/www.grelibre.net\/WP\/wp-content\/plugins\/image-shadow\/cache\/a51babb22731cb9a9738b3502950d3a5.jpg\" width=\"150\" height=\"100\" alt=\"impact sur l&#039;agglom\u00e9ration Grenobloise - ao\u00fbt 2006\" \/><\/a>\r\n<\/div><figcaption class=\"gallery-caption\" id=\"caption3947\"><span class=\"imagecaption\">impact sur l'agglom\u00e9ration Grenobloise - ao\u00fbt 2006<\/span><br \/>\n<\/figcaption><\/figure><figure class=\"gallery-item\">\n<div class=\"gallery-icon\">\r\n<a href=\"https:\/\/www.grelibre.net\/WP\/wp-content\/uploads\/2018\/11\/V_180817_001.jpg\" title=\"impact tr\u00e8s proche touchant le pylone\" rel=\"gallery1\"><img loading=\"lazy\" decoding=\"async\" src=\"http:\/\/www.grelibre.net\/WP\/wp-content\/plugins\/image-shadow\/cache\/494fd0f22e74cfc73bbc346c814e6186.jpg\" width=\"150\" height=\"100\" alt=\"impact tr\u00e8s proche touchant le pylone\" \/><\/a>\r\n<\/div><figcaption class=\"gallery-caption\" id=\"caption3948\"><span class=\"imagecaption\">impact tr\u00e8s proche touchant le pylone<\/span><br \/>\n<\/figcaption><\/figure><figure class=\"gallery-item\">\n<div class=\"gallery-icon\">\r\n<a href=\"https:\/\/www.grelibre.net\/WP\/wp-content\/uploads\/2018\/11\/V_220611_001.jpg\" title=\"\" rel=\"gallery1\"><img loading=\"lazy\" decoding=\"async\" src=\"http:\/\/www.grelibre.net\/WP\/wp-content\/plugins\/image-shadow\/cache\/0891441e68c5c8934db538c5b757d31a.jpg\" width=\"150\" height=\"100\" alt=\"\" \/><\/a>\r\n<\/div><\/figure><figure class=\"gallery-item\">\n<div class=\"gallery-icon\">\r\n<a href=\"https:\/\/www.grelibre.net\/WP\/wp-content\/uploads\/2018\/11\/V_220611_003.jpg\" title=\"\" rel=\"gallery1\"><img loading=\"lazy\" decoding=\"async\" src=\"http:\/\/www.grelibre.net\/WP\/wp-content\/plugins\/image-shadow\/cache\/cbdb0f4864c8360bf33dee1a26ac6c2f.jpg\" width=\"150\" height=\"100\" alt=\"\" \/><\/a>\r\n<\/div><\/figure><figure class=\"gallery-item\">\n<div class=\"gallery-icon\">\r\n<a href=\"https:\/\/www.grelibre.net\/WP\/wp-content\/uploads\/2018\/11\/V_220611_005.jpg\" title=\"\" rel=\"gallery1\"><img loading=\"lazy\" decoding=\"async\" src=\"http:\/\/www.grelibre.net\/WP\/wp-content\/plugins\/image-shadow\/cache\/652ea6e790902a4d98e8e8257df9ab3e.jpg\" width=\"150\" height=\"100\" alt=\"\" \/><\/a>\r\n<\/div><\/figure><figure class=\"gallery-item\">\n<div class=\"gallery-icon\">\r\n<a href=\"https:\/\/www.grelibre.net\/WP\/wp-content\/uploads\/2018\/11\/V_220611_008.jpg\" title=\"\" rel=\"gallery1\"><img loading=\"lazy\" decoding=\"async\" src=\"http:\/\/www.grelibre.net\/WP\/wp-content\/plugins\/image-shadow\/cache\/4d6975efdef582d33e66cbb811c4433b.jpg\" width=\"150\" height=\"100\" alt=\"\" \/><\/a>\r\n<\/div><\/figure><figure class=\"gallery-item\">\n<div class=\"gallery-icon\">\r\n<a href=\"https:\/\/www.grelibre.net\/WP\/wp-content\/uploads\/2018\/11\/V_220611_010.jpg\" title=\"\" rel=\"gallery1\"><img loading=\"lazy\" decoding=\"async\" src=\"http:\/\/www.grelibre.net\/WP\/wp-content\/plugins\/image-shadow\/cache\/c2fa2882152d9d4cabe07130dbc0851c.jpg\" width=\"150\" height=\"100\" alt=\"\" \/><\/a>\r\n<\/div><\/figure><figure class=\"gallery-item\">\n<div class=\"gallery-icon\">\r\n<a href=\"https:\/\/www.grelibre.net\/WP\/wp-content\/uploads\/2018\/11\/V_220611_011.jpg\" title=\"\" rel=\"gallery1\"><img loading=\"lazy\" decoding=\"async\" src=\"http:\/\/www.grelibre.net\/WP\/wp-content\/plugins\/image-shadow\/cache\/05ebef8989d79eb0c529d07905c9be30.jpg\" width=\"150\" height=\"103\" alt=\"\" \/><\/a>\r\n<\/div><\/figure><figure class=\"gallery-item\">\n<div class=\"gallery-icon\">\r\n<a href=\"https:\/\/www.grelibre.net\/WP\/wp-content\/uploads\/2018\/11\/V_220611_012.jpg\" title=\"\" rel=\"gallery1\"><img loading=\"lazy\" decoding=\"async\" src=\"http:\/\/www.grelibre.net\/WP\/wp-content\/plugins\/image-shadow\/cache\/0588d8312e3eb05a44bb1ea2633b1f48.jpg\" width=\"100\" height=\"150\" alt=\"\" \/><\/a>\r\n<\/div><\/figure><figure class=\"gallery-item\">\n<div class=\"gallery-icon\">\r\n<a href=\"https:\/\/www.grelibre.net\/WP\/wp-content\/uploads\/2018\/11\/V_220611_013.jpg\" title=\"\" rel=\"gallery1\"><img loading=\"lazy\" decoding=\"async\" src=\"http:\/\/www.grelibre.net\/WP\/wp-content\/plugins\/image-shadow\/cache\/2175074d161371ee68e4b22a517277b4.jpg\" width=\"150\" height=\"100\" alt=\"\" \/><\/a>\r\n<\/div><\/figure><figure class=\"gallery-item\">\n<div class=\"gallery-icon\">\r\n<a href=\"https:\/\/www.grelibre.net\/WP\/wp-content\/uploads\/2018\/11\/V_230614_001.jpg\" title=\"impact sur les falaises du Vercors - juin 2014\" rel=\"gallery1\"><img loading=\"lazy\" decoding=\"async\" src=\"http:\/\/www.grelibre.net\/WP\/wp-content\/plugins\/image-shadow\/cache\/6124312ca0a0b1f93337b049195491bd.jpg\" width=\"150\" height=\"100\" alt=\"impact sur les falaises du Vercors - juin 2014\" \/><\/a>\r\n<\/div><figcaption class=\"gallery-caption\" id=\"caption3957\"><span class=\"imagecaption\">impact sur les falaises du Vercors - juin 2014<\/span><br \/>\n<\/figcaption><\/figure><figure class=\"gallery-item\">\n<div class=\"gallery-icon\">\r\n<a href=\"https:\/\/www.grelibre.net\/WP\/wp-content\/uploads\/2018\/11\/V_230614_002.jpg\" title=\"impact sur les falaises du Vercors - juin 2014\" rel=\"gallery1\"><img loading=\"lazy\" decoding=\"async\" src=\"http:\/\/www.grelibre.net\/WP\/wp-content\/plugins\/image-shadow\/cache\/1b6582e42e6e79f14ba89581a2e9aa6b.jpg\" width=\"150\" height=\"100\" alt=\"impact sur les falaises du Vercors - juin 2014\" \/><\/a>\r\n<\/div><figcaption class=\"gallery-caption\" id=\"caption3958\"><span class=\"imagecaption\">impact sur les falaises du Vercors - juin 2014<\/span><br \/>\n<\/figcaption><\/figure><figure class=\"gallery-item\">\n<div class=\"gallery-icon\">\r\n<a href=\"https:\/\/www.grelibre.net\/WP\/wp-content\/uploads\/2018\/11\/V_230614_004.jpg\" title=\"impact sur les falaises du Vercors - juin 2014\" rel=\"gallery1\"><img loading=\"lazy\" decoding=\"async\" src=\"http:\/\/www.grelibre.net\/WP\/wp-content\/plugins\/image-shadow\/cache\/6f53aa643dd1fdbcd4990b040c683f57.jpg\" width=\"150\" height=\"100\" alt=\"impact sur les falaises du Vercors - juin 2014\" \/><\/a>\r\n<\/div><figcaption class=\"gallery-caption\" id=\"caption3959\"><span class=\"imagecaption\">impact sur les falaises du Vercors - juin 2014<\/span><br \/>\n<\/figcaption><\/figure><figure class=\"gallery-item\">\n<div class=\"gallery-icon\">\r\n<a href=\"https:\/\/www.grelibre.net\/WP\/wp-content\/uploads\/2018\/11\/V_230614_005.jpg\" title=\"impact sur les falaises du Vercors - juin 2014\" rel=\"gallery1\"><img loading=\"lazy\" decoding=\"async\" src=\"http:\/\/www.grelibre.net\/WP\/wp-content\/plugins\/image-shadow\/cache\/00ab685e96d324e5bcc8bab16e20d10d.jpg\" width=\"150\" height=\"100\" alt=\"impact sur les falaises du Vercors - juin 2014\" \/><\/a>\r\n<\/div><figcaption class=\"gallery-caption\" id=\"caption3960\"><span class=\"imagecaption\">impact sur les falaises du Vercors - juin 2014<\/span><br \/>\n<\/figcaption><\/figure><figure class=\"gallery-item\">\n<div class=\"gallery-icon\">\r\n<a href=\"https:\/\/www.grelibre.net\/WP\/wp-content\/uploads\/2018\/11\/V_230614_006.jpg\" title=\"impact sur les falaises du Vercors - juin 2014\" rel=\"gallery1\"><img loading=\"lazy\" decoding=\"async\" src=\"http:\/\/www.grelibre.net\/WP\/wp-content\/plugins\/image-shadow\/cache\/835f9f0418b92d6963c8554560eff9e1.jpg\" width=\"150\" height=\"100\" alt=\"impact sur les falaises du Vercors - juin 2014\" \/><\/a>\r\n<\/div><figcaption class=\"gallery-caption\" id=\"caption3961\"><span class=\"imagecaption\">impact sur les falaises du Vercors - juin 2014<\/span><br \/>\n<\/figcaption><\/figure><figure class=\"gallery-item\">\n<div class=\"gallery-icon\">\r\n<a href=\"https:\/\/www.grelibre.net\/WP\/wp-content\/uploads\/2018\/11\/V_230614_007.jpg\" title=\"\" rel=\"gallery1\"><img loading=\"lazy\" decoding=\"async\" src=\"http:\/\/www.grelibre.net\/WP\/wp-content\/plugins\/image-shadow\/cache\/c40cb09b1e93a008c315617c1838757e.jpg\" width=\"150\" height=\"100\" alt=\"\" \/><\/a>\r\n<\/div><\/figure><figure class=\"gallery-item\">\n<div class=\"gallery-icon\">\r\n<a href=\"https:\/\/www.grelibre.net\/WP\/wp-content\/uploads\/2018\/11\/V_240507_001.jpg\" title=\"impact sur Grenoble - mai 2007\" rel=\"gallery1\"><img loading=\"lazy\" decoding=\"async\" src=\"http:\/\/www.grelibre.net\/WP\/wp-content\/plugins\/image-shadow\/cache\/44c4a046a39927c49db71bded6859ee6.jpg\" width=\"150\" height=\"100\" alt=\"impact sur Grenoble - mai 2007\" \/><\/a>\r\n<\/div><figcaption class=\"gallery-caption\" id=\"caption3963\"><span class=\"imagecaption\">impact sur Grenoble - mai 2007<\/span><br \/>\n<\/figcaption><\/figure><figure class=\"gallery-item\">\n<div class=\"gallery-icon\">\r\n<a href=\"https:\/\/www.grelibre.net\/WP\/wp-content\/uploads\/2018\/11\/V_240507_003.jpg\" title=\"impact sur Grenoble - mai 2007\" rel=\"gallery1\"><img loading=\"lazy\" decoding=\"async\" src=\"http:\/\/www.grelibre.net\/WP\/wp-content\/plugins\/image-shadow\/cache\/1564e7b848ca586cd8c3c8b7e46a6adf.jpg\" width=\"150\" height=\"113\" alt=\"impact sur Grenoble - mai 2007\" \/><\/a>\r\n<\/div><figcaption class=\"gallery-caption\" id=\"caption3964\"><span class=\"imagecaption\">impact sur Grenoble - mai 2007<\/span><br \/>\n<\/figcaption><\/figure><figure class=\"gallery-item\">\n<div class=\"gallery-icon\">\r\n<a href=\"https:\/\/www.grelibre.net\/WP\/wp-content\/uploads\/2018\/11\/V_260817_001.jpg\" title=\"\" rel=\"gallery1\"><img loading=\"lazy\" decoding=\"async\" src=\"http:\/\/www.grelibre.net\/WP\/wp-content\/plugins\/image-shadow\/cache\/396677dff5193d510fcbc5c1d4ea2abb.jpg\" width=\"150\" height=\"100\" alt=\"\" \/><\/a>\r\n<\/div><\/figure><figure class=\"gallery-item\">\n<div class=\"gallery-icon\">\r\n<a href=\"https:\/\/www.grelibre.net\/WP\/wp-content\/uploads\/2018\/11\/V_290807_002.jpg\" title=\"impact sur la tour sans venin- ao\u00fbt 2007\" rel=\"gallery1\"><img loading=\"lazy\" decoding=\"async\" src=\"http:\/\/www.grelibre.net\/WP\/wp-content\/plugins\/image-shadow\/cache\/3265cb37b2ce8171d3e4b1afa15f0b1b.jpg\" width=\"150\" height=\"100\" alt=\"impact sur la tour sans venin- ao\u00fbt 2007\" \/><\/a>\r\n<\/div><figcaption class=\"gallery-caption\" id=\"caption3966\"><span class=\"imagecaption\">impact sur la tour sans venin- ao\u00fbt 2007<\/span><br \/>\n<\/figcaption><\/figure>\r\n\t\t<\/div>\n\n","protected":false},"excerpt":{"rendered":"","protected":false},"author":2,"featured_media":0,"parent":3916,"menu_order":0,"comment_status":"closed","ping_status":"open","template":"","meta":{"footnotes":""},"class_list":["post-2442","page","type-page","status-publish","hentry","entry"],"yoast_head":"<!-- This site is optimized with the Yoast SEO plugin v27.5 - https:\/\/yoast.com\/product\/yoast-seo-wordpress\/ -->\n<title>Orage | Grelibre.net<\/title>\n<meta name=\"robots\" content=\"index, follow, max-snippet:-1, max-image-preview:large, max-video-preview:-1\" \/>\n<link rel=\"canonical\" href=\"https:\/\/www.grelibre.net\/WP\/albums\/phenomene\/orage\/\" \/>\n<meta property=\"og:locale\" content=\"fr_FR\" \/>\n<meta property=\"og:type\" content=\"article\" \/>\n<meta property=\"og:title\" content=\"Orage | Grelibre.net\" \/>\n<meta property=\"og:url\" content=\"https:\/\/www.grelibre.net\/WP\/albums\/phenomene\/orage\/\" \/>\n<meta property=\"og:site_name\" content=\"Grelibre.net\" \/>\n<meta property=\"article:publisher\" content=\"https:\/\/www.facebook.com\/pages\/Grelibre\/127788767248442\" \/>\n<meta property=\"article:modified_time\" content=\"2018-11-29T09:27:50+00:00\" \/>\n<meta property=\"og:image\" content=\"https:\/\/www.grelibre.net\/WP\/wp-content\/uploads\/2018\/11\/Orage_260617_002-150x100.jpg\" \/>\n<script type=\"application\/ld+json\" class=\"yoast-schema-graph\">{\"@context\":\"https:\\\/\\\/schema.org\",\"@graph\":[{\"@type\":\"WebPage\",\"@id\":\"https:\\\/\\\/www.grelibre.net\\\/WP\\\/albums\\\/phenomene\\\/orage\\\/\",\"url\":\"https:\\\/\\\/www.grelibre.net\\\/WP\\\/albums\\\/phenomene\\\/orage\\\/\",\"name\":\"Orage | Grelibre.net\",\"isPartOf\":{\"@id\":\"https:\\\/\\\/www.grelibre.net\\\/WP\\\/#website\"},\"datePublished\":\"2013-11-02T09:06:54+00:00\",\"dateModified\":\"2018-11-29T09:27:50+00:00\",\"breadcrumb\":{\"@id\":\"https:\\\/\\\/www.grelibre.net\\\/WP\\\/albums\\\/phenomene\\\/orage\\\/#breadcrumb\"},\"inLanguage\":\"fr-FR\",\"potentialAction\":[{\"@type\":\"ReadAction\",\"target\":[\"https:\\\/\\\/www.grelibre.net\\\/WP\\\/albums\\\/phenomene\\\/orage\\\/\"]}]},{\"@type\":\"BreadcrumbList\",\"@id\":\"https:\\\/\\\/www.grelibre.net\\\/WP\\\/albums\\\/phenomene\\\/orage\\\/#breadcrumb\",\"itemListElement\":[{\"@type\":\"ListItem\",\"position\":1,\"name\":\"Albums\",\"item\":\"https:\\\/\\\/www.grelibre.net\\\/WP\\\/albums\\\/\"},{\"@type\":\"ListItem\",\"position\":2,\"name\":\"ph\u00e9nom\u00e8ne m\u00e9t\u00e9o\",\"item\":\"https:\\\/\\\/www.grelibre.net\\\/WP\\\/albums\\\/phenomene\\\/\"},{\"@type\":\"ListItem\",\"position\":3,\"name\":\"Orage\"}]},{\"@type\":\"WebSite\",\"@id\":\"https:\\\/\\\/www.grelibre.net\\\/WP\\\/#website\",\"url\":\"https:\\\/\\\/www.grelibre.net\\\/WP\\\/\",\"name\":\"Grelibre.net\",\"description\":\"la Montagne dans tous ses \u00e9tats\",\"potentialAction\":[{\"@type\":\"SearchAction\",\"target\":{\"@type\":\"EntryPoint\",\"urlTemplate\":\"https:\\\/\\\/www.grelibre.net\\\/WP\\\/?s={search_term_string}\"},\"query-input\":{\"@type\":\"PropertyValueSpecification\",\"valueRequired\":true,\"valueName\":\"search_term_string\"}}],\"inLanguage\":\"fr-FR\"}]}<\/script>\n<!-- \/ Yoast SEO plugin. -->","yoast_head_json":{"title":"Orage | Grelibre.net","robots":{"index":"index","follow":"follow","max-snippet":"max-snippet:-1","max-image-preview":"max-image-preview:large","max-video-preview":"max-video-preview:-1"},"canonical":"https:\/\/www.grelibre.net\/WP\/albums\/phenomene\/orage\/","og_locale":"fr_FR","og_type":"article","og_title":"Orage | Grelibre.net","og_url":"https:\/\/www.grelibre.net\/WP\/albums\/phenomene\/orage\/","og_site_name":"Grelibre.net","article_publisher":"https:\/\/www.facebook.com\/pages\/Grelibre\/127788767248442","article_modified_time":"2018-11-29T09:27:50+00:00","og_image":[{"url":"https:\/\/www.grelibre.net\/WP\/wp-content\/uploads\/2018\/11\/Orage_260617_002-150x100.jpg","type":"","width":"","height":""}],"schema":{"@context":"https:\/\/schema.org","@graph":[{"@type":"WebPage","@id":"https:\/\/www.grelibre.net\/WP\/albums\/phenomene\/orage\/","url":"https:\/\/www.grelibre.net\/WP\/albums\/phenomene\/orage\/","name":"Orage | Grelibre.net","isPartOf":{"@id":"https:\/\/www.grelibre.net\/WP\/#website"},"datePublished":"2013-11-02T09:06:54+00:00","dateModified":"2018-11-29T09:27:50+00:00","breadcrumb":{"@id":"https:\/\/www.grelibre.net\/WP\/albums\/phenomene\/orage\/#breadcrumb"},"inLanguage":"fr-FR","potentialAction":[{"@type":"ReadAction","target":["https:\/\/www.grelibre.net\/WP\/albums\/phenomene\/orage\/"]}]},{"@type":"BreadcrumbList","@id":"https:\/\/www.grelibre.net\/WP\/albums\/phenomene\/orage\/#breadcrumb","itemListElement":[{"@type":"ListItem","position":1,"name":"Albums","item":"https:\/\/www.grelibre.net\/WP\/albums\/"},{"@type":"ListItem","position":2,"name":"ph\u00e9nom\u00e8ne m\u00e9t\u00e9o","item":"https:\/\/www.grelibre.net\/WP\/albums\/phenomene\/"},{"@type":"ListItem","position":3,"name":"Orage"}]},{"@type":"WebSite","@id":"https:\/\/www.grelibre.net\/WP\/#website","url":"https:\/\/www.grelibre.net\/WP\/","name":"Grelibre.net","description":"la Montagne dans tous ses \u00e9tats","potentialAction":[{"@type":"SearchAction","target":{"@type":"EntryPoint","urlTemplate":"https:\/\/www.grelibre.net\/WP\/?s={search_term_string}"},"query-input":{"@type":"PropertyValueSpecification","valueRequired":true,"valueName":"search_term_string"}}],"inLanguage":"fr-FR"}]}},"_links":{"self":[{"href":"https:\/\/www.grelibre.net\/WP\/wp-json\/wp\/v2\/pages\/2442","targetHints":{"allow":["GET"]}}],"collection":[{"href":"https:\/\/www.grelibre.net\/WP\/wp-json\/wp\/v2\/pages"}],"about":[{"href":"https:\/\/www.grelibre.net\/WP\/wp-json\/wp\/v2\/types\/page"}],"author":[{"embeddable":true,"href":"https:\/\/www.grelibre.net\/WP\/wp-json\/wp\/v2\/users\/2"}],"replies":[{"embeddable":true,"href":"https:\/\/www.grelibre.net\/WP\/wp-json\/wp\/v2\/comments?post=2442"}],"version-history":[{"count":4,"href":"https:\/\/www.grelibre.net\/WP\/wp-json\/wp\/v2\/pages\/2442\/revisions"}],"predecessor-version":[{"id":4128,"href":"https:\/\/www.grelibre.net\/WP\/wp-json\/wp\/v2\/pages\/2442\/revisions\/4128"}],"up":[{"embeddable":true,"href":"https:\/\/www.grelibre.net\/WP\/wp-json\/wp\/v2\/pages\/3916"}],"wp:attachment":[{"href":"https:\/\/www.grelibre.net\/WP\/wp-json\/wp\/v2\/media?parent=2442"}],"curies":[{"name":"wp","href":"https:\/\/api.w.org\/{rel}","templated":true}]}}